{"id":4613,"date":"2015-07-13T23:33:14","date_gmt":"2015-07-13T21:33:14","guid":{"rendered":"http:\/\/klubmamgdynia.pl\/index.php\/produkt\/hasbro-nerf-alpha-strike-stinger-sd-1-4-pak-e8316\/"},"modified":"2026-04-06T00:48:18","modified_gmt":"2026-04-05T22:48:18","slug":"hasbro-nerf-alpha-strike-stinger-sd-1-4-pak-e8316","status":"publish","type":"product","link":"http:\/\/klubmamgdynia.pl\/index.php\/produkt\/hasbro-nerf-alpha-strike-stinger-sd-1-4-pak-e8316\/","title":{"rendered":"Hasbro Nerf Alpha Strike Stinger SD-1 4-Pak E8316"},"content":{"rendered":"<p>Hasbro Nerf Alpha Strike &#8211; Wyrzutnia Stinger SD-1 4-Pak E8316 Trenuj swoje umiej\u0119tno\u015bci z zestawem zawieraj\u0105cym a\u017c 4 mini wyrzutnie i 8 oryginalnych strza\u0142ek Nerf Elite. Kompaktowy Stinger doskonale nadaje si\u0119 do szybkich rozgrywek, jak i treningu celno\u015bci. Kilka prostych krok\u00f3w do wystrza\u0142u sprawia, \u017ce z wyrzutni\u0105 poradz\u0105 sobie tak\u017ce pocz\u0105tkuj\u0105cy fani Nerfa. Wyrzutnie z serii Alpha Strike to doskona\u0142y spos\u00f3b na wkroczenie do pe\u0142nego adrenaliny \u015bwiata Nerf i do\u015bwiadczenie mocy marki. Dzi\u0119ki nim, nawet pocz\u0105tkuj\u0105cy szybko wstrzel\u0105 si\u0119 do gry!                            <\/p>\n<p>Zawarto\u015b\u0107 i cechy zestawu:<br \/>\n4 wyrzutnie Stinger SD-1<br \/>\n8 piankowych strza\u0142ek wykonanych w technologii Nerf, sprawdzonych, wytrzyma\u0142ych i bezpiecznych<br \/>\nDoskona\u0142a wyrzutnia do rozpocz\u0119cia przygody z Nerf, by w pe\u0142ni do\u015bwiadczy\u0107 emocji zwi\u0105zanych z zabaw\u0105 i wsp\u00f3\u0142zawodnictwem<br \/>\nZabawa bez zasilania bateriami<br \/>\nCiekawa, por\u0119czna konstrukcja<\/p>\n<h2>Hasbro Nerf Alpha Strike Stinger SD-1 4-Pak E8316 Hasbro<\/h2>\n<p>ninjago kolorowanka, quiz samochodowy, ida swieta wielkanocne ida swieta, miko\u0142ajek test z lektury, dla dzieci warszawa, super zings do druku, pomys\u0142y na dzie\u0144 dziecka dla nastolatk\u00f3w, piosenki dla dzieci o jesieni, karty pracy dla dzieci z ukrainy pdf, po\u0142\u0105cz kropki do druku, prezent na urodziny dla nastolatki, dziwne zagadki, zaproszenia na urodziny dla dzieci do druku, atrakcje we wroc\u0142awiu dla dzieci, janusz korczak cytaty, imi\u0119 mia, zabawy tematyczne przyk\u0142ady, Keyword, miriam imi\u0119<\/p>\n<p>yyyyy<\/p>\n<p>&nbsp;<\/p>\n","protected":false},"excerpt":{"rendered":"<p>Hasbro Nerf Alpha Strike &#8211; Wyrzutnia Stinger SD-1 4-Pak E8316 Trenuj swoje umiej\u0119tno\u015bci z zestawem zawieraj\u0105cym a\u017c 4 mini wyrzutnie i 8 oryginalnych strza\u0142ek Nerf Elite. Kompaktowy Stinger doskonale nadaje si\u0119 do szybkich rozgrywek, jak i treningu celno\u015bci. Kilka prostych krok\u00f3w do wystrza\u0142u sprawia, \u017ce z wyrzutni\u0105 poradz\u0105 sobie tak\u017ce pocz\u0105tkuj\u0105cy fani Nerfa. Wyrzutnie z [&hellip;]<\/p>\n","protected":false},"featured_media":4614,"comment_status":"closed","ping_status":"open","template":"","meta":[],"product_cat":[129,40],"product_tag":[646,762,736],"class_list":["post-4613","product","type-product","status-publish","has-post-thumbnail","hentry","product_cat-hasbro","product_cat-zabawki-militarne","product_tag-prezent-na-pierwsze-urodziny","product_tag-trudne-zagadki-dla-dzieci","product_tag-zabawki-na-roczek"],"_links":{"self":[{"href":"http:\/\/klubmamgdynia.pl\/index.php\/wp-json\/wp\/v2\/product\/4613","targetHints":{"allow":["GET"]}}],"collection":[{"href":"http:\/\/klubmamgdynia.pl\/index.php\/wp-json\/wp\/v2\/product"}],"about":[{"href":"http:\/\/klubmamgdynia.pl\/index.php\/wp-json\/wp\/v2\/types\/product"}],"replies":[{"embeddable":true,"href":"http:\/\/klubmamgdynia.pl\/index.php\/wp-json\/wp\/v2\/comments?post=4613"}],"wp:featuredmedia":[{"embeddable":true,"href":"http:\/\/klubmamgdynia.pl\/index.php\/wp-json\/wp\/v2\/media\/4614"}],"wp:attachment":[{"href":"http:\/\/klubmamgdynia.pl\/index.php\/wp-json\/wp\/v2\/media?parent=4613"}],"wp:term":[{"taxonomy":"product_cat","embeddable":true,"href":"http:\/\/klubmamgdynia.pl\/index.php\/wp-json\/wp\/v2\/product_cat?post=4613"},{"taxonomy":"product_tag","embeddable":true,"href":"http:\/\/klubmamgdynia.pl\/index.php\/wp-json\/wp\/v2\/product_tag?post=4613"}],"curies":[{"name":"wp","href":"https:\/\/api.w.org\/{rel}","templated":true}]}}