{"id":4617,"date":"2018-09-15T00:05:19","date_gmt":"2018-09-14T22:05:19","guid":{"rendered":"http:\/\/klubmamgdynia.pl\/index.php\/produkt\/innovitumb-krople-4ml\/"},"modified":"2026-04-26T20:01:13","modified_gmt":"2026-04-26T18:01:13","slug":"innovitumb-krople-4ml","status":"publish","type":"product","link":"http:\/\/klubmamgdynia.pl\/index.php\/produkt\/innovitumb-krople-4ml\/","title":{"rendered":"InnovitumB krople 4ml"},"content":{"rendered":"<p>Innovitum 4ml                            <\/p>\n<p>WSKAZANIA: Do post\u0119powania dietetycznego w niedokrwisto\u015bci z niedoboru \u017celaza (anemii).\u00a0PRZECIWWSKAZANIA: Nie stosowa\u0107 w razie nadwra\u017cliwo\u015bci na jakikolwiek sk\u0142adnik produktuSK\u0141AD: olej ro\u015blinny MCT (\u015brednio\u0142a\u0144cuchowe kwasy t\u0142uszczowe), substancja wype\u0142niaj\u0105ca \u2013 mono i diglicerydy kwas\u00f3w t\u0142uszczowych, witamina B6 (chlorowodorek pirydoksyny), witamina B9 (L-metylofolian wapnia), witamina B12 (cyjanokobalamina)                            <\/p>\n<p>DAWKOWANIE DZIECI:\u00a0Sugerowane dawkowanie w celu pokrycia zalecanego dziennego spo\u017cycia dla poszczeg\u00f3lnych witamin dla r\u00f3\u017cnych grup pacjent\u00f3w:* na podstawie Enteral Nutrient Supply for Preterm Infants: Commentary From the European Society for Paediatric Gastroenterology, Hepatology, and Nutrition Committee on Nutrition, 2010; Standardy opieki medycznej nad noworodkiem w Polsce &#8211; Zalecenia Polskiego Towarzystwa Neonatologicznego, wydanie III, 2019** na podstawie Normy \u017cywienia dla populacji Polski, 2017                            <\/p>\n<p>UWAGI: Przed spo\u017cyciem, aby uzyska\u0107 jednorodn\u0105 zawiesin\u0119, produkt nale\u017cy dobrze wymiesza\u0107. W tym celu nale\u017cy energicznie wstrz\u0105sn\u0105\u0107 buteleczk\u0105. Odmierzon\u0105 porcj\u0119 mo\u017cna poda\u0107 bezpo\u015brednio do jamy ustnej lub rozpu\u015bci\u0107 w zimnym lub ciep\u0142ym p\u0142ynie (np. woda, mleko, sok owocowy) lub innym p\u00f3\u0142p\u0142ynnym pokarmie o temperaturze maksymalnie 25\u00b0C.STATUS PRODUKTU: \u017bywno\u015b\u0107 specjalnego przeznaczenia medycznegoDOST\u0118PNE OPAKOWANIA: InnovitumB, zawiesina 4 ml, dla noworodk\u00f3w, niemowl\u0105t i dzieci.                            <\/p>\n<p>\u00a0<\/p>\n<h2>InnovitumB krople 4ml Smart Pharma<\/h2>\n<p>opowie\u015bci z narni test, ko\u0142ysanki dla dzieci tekst, mini zoo mazowieckie, bajki dla dzieci na dobranoc do czytania, szlaczki dla dzieci, rzadkie imiona, kr\u00f3tkie zagadki, my little pony kolorowanki celestia, wakacje kolorowanka<\/p>\n<p>yyyyy<\/p>\n<p>&nbsp;<\/p>\n","protected":false},"excerpt":{"rendered":"<p>Innovitum 4ml WSKAZANIA: Do post\u0119powania dietetycznego w niedokrwisto\u015bci z niedoboru \u017celaza (anemii).\u00a0PRZECIWWSKAZANIA: Nie stosowa\u0107 w razie nadwra\u017cliwo\u015bci na jakikolwiek sk\u0142adnik produktuSK\u0141AD: olej ro\u015blinny MCT (\u015brednio\u0142a\u0144cuchowe kwasy t\u0142uszczowe), substancja wype\u0142niaj\u0105ca \u2013 mono i diglicerydy kwas\u00f3w t\u0142uszczowych, witamina B6 (chlorowodorek pirydoksyny), witamina B9 (L-metylofolian wapnia), witamina B12 (cyjanokobalamina) DAWKOWANIE DZIECI:\u00a0Sugerowane dawkowanie w celu pokrycia zalecanego dziennego spo\u017cycia [&hellip;]<\/p>\n","protected":false},"featured_media":4618,"comment_status":"closed","ping_status":"open","template":"","meta":[],"product_cat":[1246,1218],"product_tag":[611,751,609,587,604],"class_list":["post-4617","product","type-product","status-publish","has-post-thumbnail","hentry","product_cat-smart-pharma","product_cat-witaminy-i-mineraly","product_tag-bajki-do-czytania-psi-patrol","product_tag-psi-patrol-kolorowanka","product_tag-quiz-flagi-europy","product_tag-skalne-miasto","product_tag-zagadki-trudne"],"_links":{"self":[{"href":"http:\/\/klubmamgdynia.pl\/index.php\/wp-json\/wp\/v2\/product\/4617","targetHints":{"allow":["GET"]}}],"collection":[{"href":"http:\/\/klubmamgdynia.pl\/index.php\/wp-json\/wp\/v2\/product"}],"about":[{"href":"http:\/\/klubmamgdynia.pl\/index.php\/wp-json\/wp\/v2\/types\/product"}],"replies":[{"embeddable":true,"href":"http:\/\/klubmamgdynia.pl\/index.php\/wp-json\/wp\/v2\/comments?post=4617"}],"wp:featuredmedia":[{"embeddable":true,"href":"http:\/\/klubmamgdynia.pl\/index.php\/wp-json\/wp\/v2\/media\/4618"}],"wp:attachment":[{"href":"http:\/\/klubmamgdynia.pl\/index.php\/wp-json\/wp\/v2\/media?parent=4617"}],"wp:term":[{"taxonomy":"product_cat","embeddable":true,"href":"http:\/\/klubmamgdynia.pl\/index.php\/wp-json\/wp\/v2\/product_cat?post=4617"},{"taxonomy":"product_tag","embeddable":true,"href":"http:\/\/klubmamgdynia.pl\/index.php\/wp-json\/wp\/v2\/product_tag?post=4617"}],"curies":[{"name":"wp","href":"https:\/\/api.w.org\/{rel}","templated":true}]}}