{"id":4619,"date":"2010-10-22T13:23:51","date_gmt":"2010-10-22T11:23:51","guid":{"rendered":"http:\/\/klubmamgdynia.pl\/index.php\/produkt\/hulajnoga-maxi-micro-deluxe-indygo\/"},"modified":"2026-04-08T14:23:03","modified_gmt":"2026-04-08T12:23:03","slug":"hulajnoga-maxi-micro-deluxe-indygo","status":"publish","type":"product","link":"http:\/\/klubmamgdynia.pl\/index.php\/produkt\/hulajnoga-maxi-micro-deluxe-indygo\/","title":{"rendered":"Hulajnoga Maxi Micro Deluxe Indygo"},"content":{"rendered":"<p>MICRO to szwajcarska firma specjalizuj\u0105ca si\u0119 w produkcji najwy\u017cszej jako\u015bci hulajn\u00f3g. Jej produkty posiadaj\u0105 wiele innowacyjnych rozwi\u0105za\u0144 technicznych i s\u0105 wykonane z najlepszych materia\u0142\u00f3w. Hulajnoga dla ka\u017cdego. Lekka, solidnie wykonana, o wysokiej jako\u015bci typowej dla firmy Micro, idealna dla pocz\u0105tkuj\u0105cych. Stosunek jako\u015bci do ceny przy tym artykule jest nie do pobicia. MaxiMicro\u00ae hulajnoga zosta\u0142a zaprojektowana specjalnie dla dzieci od ok. 4 roku \u017cycia, kt\u00f3re zaczynaj\u0105 swoj\u0105 przygod\u0119 w hulajnogami lub przesiadaj\u0105 si\u0119 z mniejszego modelu Mini Micro. Dziecko kieruje ni\u0105 balansuj\u0105c cia\u0142em, tak jakby surfowa\u0142o po chodniku. Bez trudu panuje nad pojazdem i \u015bwietnie si\u0119 bawi. Przy okazji rozwija zmys\u0142 r\u00f3wnowagi, koordynacj\u0119 ruchow\u0105 i zdolno\u015bci motoryczne. Taki by\u0142 cel stworzenia tej hulajnogi przy wsp\u00f3\u0142pracy szwajcarskich lekarzy, specjalist\u00f3w dzieci\u0119cego rozwoju. MAXI MICRO &#8211; wi\u0119kszy brat hulajnogi Mini Micro. G\u0142\u00f3wne r\u00f3\u017cnice mi\u0119dzy tymi modelami to zastosowanie regulacji w kierownicy oraz zwi\u0119kszenie wytrzyma\u0142o\u015bci podestu a\u017c do 50kg. Wszystko to sprawa, \u017ce hulajnoga ta \u015bwietnie sprawdzi si\u0119 dla dzieci od ok. 4 roku \u017cycia. Jest to \u015bwietne rozwi\u0105zanie na codzienny transport do przedszkola lub szko\u0142y. MaxiMicro\u00ae wa\u017cy tylko 2,5 kg, \u0142atwo ja podnie\u015b\u0107 i nosi\u0107, jest to idealne rozwi\u0105zanie na codzienne spacery z dzieckiem. Dodatkowo ma\u0142e wymiary sprawiaj\u0105, \u017ce jej transport jest wyj\u0105tkowo \u0142atwy, wystarczy wyj\u0105\u0107 sztyc\u0119 kierownicy z podestu i hulajnoga zmie\u015bci si\u0119 w ka\u017cdym baga\u017cniku czy schowku. Dwa k\u00f3\u0142ka umieszczone z przodu zapewniaj\u0105 wi\u0119ksz\u0105 stabilno\u015b\u0107 sprz\u0119tu oraz \u0142atwiejsz\u0105 kontrol\u0119. Dziecko nie obawia si\u0119, \u017ce hulajnoga wywr\u00f3ci si\u0119 co jest bardzo istotne podczas pierwszych przyg\u00f3d na tego typu sprz\u0119cie. System skr\u0119cania jest niezwykle p\u0142yny, jedyny taki na rynku. K\u00f3\u0142ka z poliuretanu zapewniaj\u0105 g\u0142adk\u0105 i cich\u0105 jazd\u0119, rado\u015b\u0107 dla dzieci i ulga dla rodzic\u00f3w i przechodni\u00f3w! Podest hulajnogi o antypo\u015blizgowej powierzchni jest zawieszony nisko nad ziemi\u0105 i jest na tyle d\u0142ugi, \u017ce mieszcz\u0105 si\u0119 na nim obie stopy, dzieci wi\u0119c bez trudu wskakuj\u0105 i zeskakuj\u0105 z hulajnogi, a tak\u017ce bez problemu przechodz\u0105 od odpychania do jazdy. \u0141y\u017ckowy hamulec z ty\u0142u zapewnia dodatkowe panowanie nad pojazdem. Stalowa wk\u0142adka pokryta jest plastikiem dzi\u0119ki czemu nie nagrzewa si\u0119 podczas hamowania. Dzi\u0119ki regulacji w kierownicy oraz wytrzyma\u0142o\u015bci podestu a\u017c do 50kg hulajnoga pos\u0142u\u017cy nawet do 8-10 roku \u017cycia. Najnowsza wesja DELUXE wyr\u00f3\u017cnia si\u0119 anodyzowanym dr\u0105\u017ckiem, kt\u00f3ry nie tylko pi\u0119knie si\u0119 prezentuje ale r\u00f3wnie\u017c zabezpiecza produkt przed zniszczeniem. Zwi\u0119kszona r\u00f3wnie\u017c zosta\u0142a wytrzyma\u0142o\u015b\u0107 podestu, a\u017c do 50kg! Od teraz mamy r\u00f3wnie\u017c mog\u0105 korzysta\u0107 z hulajn\u00f3g swoich dzieci \ud83d\ude42 Nowy design oraz kolorystyka sprawiaj\u0105, \u017ce jest to prawdziwie luksusowa propozycja firmy MICRO. SPECYFIKACJA Wiek dla dziecka (5-9 lat) Dodatki specjalne nowy design i kolory Rodzaj produktu hulajnoga trzyko\u0142owa Szeroko\u015b\u0107 podestu 142 mm Rozmiar k\u00f3\u0142 120 mm, 80 mm Rodzaj k\u00f3\u0142 poliuretan Maksymalne obci\u0105\u017cenie 50 kg Wysoko\u015b\u0107 od 680 do 910 mm Szeroko\u015b\u0107 142 mm D\u0142ugo\u015b\u0107 550 mm Spos\u00f3b sk\u0142adania wyjmowana kierownica<\/p>\n<h2>Hulajnoga Maxi Micro Deluxe Indygo Micro<\/h2>\n<p>w uk\u0142adzie s\u0142onecznym tekst, zagadki, ekskluzywny prezent na roczek, lukrecja imi\u0119, oskar imi\u0119, psi patrol kolorowanki, prezent dla nastolatk\u00f3w 2021, menu na urodziny dziecka, dzien matki cytaty, jak namalowa\u0107 kota, bajka o dinozaurach do czytania, kolorowanki konie z je\u017ad\u017acem, kolorowanki do druku dla doros\u0142ych, prezent dla 1 latka, zagadki przyrodnicze, krzy\u017c\u00f3wki dla dzieci, prezent dla 17 latki, dzieci.pl, kolorowanka lato<\/p>\n<p>yyyyy<\/p>\n<p>&nbsp;<\/p>\n","protected":false},"excerpt":{"rendered":"<p>MICRO to szwajcarska firma specjalizuj\u0105ca si\u0119 w produkcji najwy\u017cszej jako\u015bci hulajn\u00f3g. Jej produkty posiadaj\u0105 wiele innowacyjnych rozwi\u0105za\u0144 technicznych i s\u0105 wykonane z najlepszych materia\u0142\u00f3w. Hulajnoga dla ka\u017cdego. Lekka, solidnie wykonana, o wysokiej jako\u015bci typowej dla firmy Micro, idealna dla pocz\u0105tkuj\u0105cych. Stosunek jako\u015bci do ceny przy tym artykule jest nie do pobicia. MaxiMicro\u00ae hulajnoga zosta\u0142a zaprojektowana [&hellip;]<\/p>\n","protected":false},"featured_media":4620,"comment_status":"closed","ping_status":"open","template":"","meta":[],"product_cat":[315,368],"product_tag":[650,775,583,679,788],"class_list":["post-4619","product","type-product","status-publish","has-post-thumbnail","hentry","product_cat-hulajnogi-dla-dzieci","product_cat-micro","product_tag-choinka-z-bibuly","product_tag-kolorowanki-do-druku-pokemon","product_tag-kolysanki-dla-dzieci-tekst","product_tag-zabawki-na-roczek-dla-dziewczynki","product_tag-zagadki-krotkie"],"_links":{"self":[{"href":"http:\/\/klubmamgdynia.pl\/index.php\/wp-json\/wp\/v2\/product\/4619","targetHints":{"allow":["GET"]}}],"collection":[{"href":"http:\/\/klubmamgdynia.pl\/index.php\/wp-json\/wp\/v2\/product"}],"about":[{"href":"http:\/\/klubmamgdynia.pl\/index.php\/wp-json\/wp\/v2\/types\/product"}],"replies":[{"embeddable":true,"href":"http:\/\/klubmamgdynia.pl\/index.php\/wp-json\/wp\/v2\/comments?post=4619"}],"wp:featuredmedia":[{"embeddable":true,"href":"http:\/\/klubmamgdynia.pl\/index.php\/wp-json\/wp\/v2\/media\/4620"}],"wp:attachment":[{"href":"http:\/\/klubmamgdynia.pl\/index.php\/wp-json\/wp\/v2\/media?parent=4619"}],"wp:term":[{"taxonomy":"product_cat","embeddable":true,"href":"http:\/\/klubmamgdynia.pl\/index.php\/wp-json\/wp\/v2\/product_cat?post=4619"},{"taxonomy":"product_tag","embeddable":true,"href":"http:\/\/klubmamgdynia.pl\/index.php\/wp-json\/wp\/v2\/product_tag?post=4619"}],"curies":[{"name":"wp","href":"https:\/\/api.w.org\/{rel}","templated":true}]}}