{"id":4621,"date":"2018-07-12T22:37:52","date_gmt":"2018-07-12T20:37:52","guid":{"rendered":"http:\/\/klubmamgdynia.pl\/index.php\/produkt\/globber-go-up-sporty-lights-pastel-blue-452-200-3\/"},"modified":"2026-05-17T22:20:32","modified_gmt":"2026-05-17T20:20:32","slug":"globber-go-up-sporty-lights-pastel-blue-452-200-3","status":"publish","type":"product","link":"http:\/\/klubmamgdynia.pl\/index.php\/produkt\/globber-go-up-sporty-lights-pastel-blue-452-200-3\/","title":{"rendered":"Globber Go Up Sporty lights pastel blue 452-200-3"},"content":{"rendered":"<p>Jeden produkt w 4 zastosowaniachHulajnoga, rowerek biegowy tr\u00f3jko\u0142owy z mo\u017cliwo\u015bci\u0105 zamontowania prowadnika przeznaczona dla ma\u0142ych dzieci.Rowerek regulowany na dw\u00f3ch wysoko\u015bciach 35 cm i 42 cm.Lekka, solidna konstrukcja &#8211; kierownica z aluminium, deck z twardego i grubego tworzywa polipropylenowego wzmocnionego w\u0142\u00f3knem nylonowym o d\u0142ugo\u015bci 30 cm.Rowerek posiada wygodne siedzisko z kierownic\u0105 typu &#8222;moto&#8221;, kt\u00f3ra zapewnia dziecku pewny chwyt.Idealnie dostosowuje si\u0119 do rozwoju dziecka &#8211; siedzisko regulowane w 2 poziomach 22 cm, 29 cm, kierownica regulowana w 3 poziomach: 66,5 cm, 72,5 cm, 77,5 cmWygodne r\u0105czki z bardzo trwa\u0142ego, elastycznego materia\u0142u TPR .Skr\u0119canie dzia\u0142a na zasadzie przechylania kierownic\u0105 na boki &#8211; mo\u017cliwo\u015b\u0107 zablokowania skr\u0119cania w bardzo \u0142atwy spos\u00f3b poprzez wci\u015bni\u0119cie guzika znajduj\u0105cego si\u0119 z przodu hulajnogi.Z przodu dwa k\u00f3\u0142ka zapewniaj\u0105ce maluchowi stabilno\u015b\u0107.Tylne k\u00f3\u0142ko posiada hamulec &#8211; b\u0142otnik.K\u00f3\u0142ka hulajnogi wykonane s\u0105 z wysokiej jako\u015bci tworzywa PU, s\u0105 mi\u0119kkie, nie \u015blizgaj\u0105 si\u0119 i zapewniaj\u0105 w\u0142a\u015bciw\u0105 przyczepno\u015b\u0107.Wewn\u0105trz k\u00f3\u0142ek znajduj\u0105 si\u0119 \u0142o\u017cyska ABEC-5 zapewniaj\u0105ce p\u0142ynn\u0105 jazd\u0119.Specyfikacja:k\u00f3\u0142ka PU 82A, \u015brednica 120 x 24 mm (2x prz\u00f3d), 80 x 24 mm (ty\u0142)\u0142o\u017cyska ABEC-5 Carbonmaksymalne obci\u0105\u017cenie hulajnogi 50 kgmaksymalne obci\u0105\u017cenie rowerka biegowego 20 kgCertyfikat CE EN-71WYMIARY w cmwysoko\u015b\u0107 makswysoko\u015b\u0107 mind\u0142ugo\u015b\u0107szeroko\u015b\u0107 kierownicyszeroko\u015b\u0107 podestuszeroko\u015b\u0107 siedziskarowerek z prowadnic\u0105927657,5289,5-11,57rowerek bez prowadnicy423557259,5-11,57hulajnoga77,567,557,5289,5-11,5-<\/p>\n<h2>Globber Go Up Sporty lights pastel blue 452-200-3 Globber<\/h2>\n<p>god\u0142o polski do druku, laurka dla babci, szczotka pasta kubek ciep\u0142a woda tekst, bajki do czytania dla niemowl\u0105t, atrakcje dla nastolatk\u00f3w, zagadki o psach, oliwier znaczenie imienia, cytaty o wychowaniu dzieci, menu na urodziny dziecka, pomys\u0142y na roczek, gaja imi\u0119, co oznacza nazwa jordan, kr\u00f3tkie bajki do czytania na dobranoc, miko\u0142ajki dla dzieci warszawa 2021, test znaki drogowe, tabliczka mno\u017cenia kolorowanki do wydruku, najtrudniejsze zagadki, kolorowanka ninjago, literki, gra planszowa dla nastolatk\u00f3w<\/p>\n<p>yyyyy<\/p>\n<p>&nbsp;<\/p>\n","protected":false},"excerpt":{"rendered":"<p>Jeden produkt w 4 zastosowaniachHulajnoga, rowerek biegowy tr\u00f3jko\u0142owy z mo\u017cliwo\u015bci\u0105 zamontowania prowadnika przeznaczona dla ma\u0142ych dzieci.Rowerek regulowany na dw\u00f3ch wysoko\u015bciach 35 cm i 42 cm.Lekka, solidna konstrukcja &#8211; kierownica z aluminium, deck z twardego i grubego tworzywa polipropylenowego wzmocnionego w\u0142\u00f3knem nylonowym o d\u0142ugo\u015bci 30 cm.Rowerek posiada wygodne siedzisko z kierownic\u0105 typu &#8222;moto&#8221;, kt\u00f3ra zapewnia dziecku [&hellip;]<\/p>\n","protected":false},"featured_media":4622,"comment_status":"closed","ping_status":"open","template":"","meta":[],"product_cat":[314,315],"product_tag":[610,690,841,779],"class_list":["post-4621","product","type-product","status-publish","has-post-thumbnail","hentry","product_cat-globber","product_cat-hulajnogi-dla-dzieci","product_tag-co-na-prezent-dla-nastolatkow","product_tag-pieski-male-dwa-tekst","product_tag-quiz-o-flagach","product_tag-zarty-na-prima-aprilis-w-domu"],"_links":{"self":[{"href":"http:\/\/klubmamgdynia.pl\/index.php\/wp-json\/wp\/v2\/product\/4621","targetHints":{"allow":["GET"]}}],"collection":[{"href":"http:\/\/klubmamgdynia.pl\/index.php\/wp-json\/wp\/v2\/product"}],"about":[{"href":"http:\/\/klubmamgdynia.pl\/index.php\/wp-json\/wp\/v2\/types\/product"}],"replies":[{"embeddable":true,"href":"http:\/\/klubmamgdynia.pl\/index.php\/wp-json\/wp\/v2\/comments?post=4621"}],"wp:featuredmedia":[{"embeddable":true,"href":"http:\/\/klubmamgdynia.pl\/index.php\/wp-json\/wp\/v2\/media\/4622"}],"wp:attachment":[{"href":"http:\/\/klubmamgdynia.pl\/index.php\/wp-json\/wp\/v2\/media?parent=4621"}],"wp:term":[{"taxonomy":"product_cat","embeddable":true,"href":"http:\/\/klubmamgdynia.pl\/index.php\/wp-json\/wp\/v2\/product_cat?post=4621"},{"taxonomy":"product_tag","embeddable":true,"href":"http:\/\/klubmamgdynia.pl\/index.php\/wp-json\/wp\/v2\/product_tag?post=4621"}],"curies":[{"name":"wp","href":"https:\/\/api.w.org\/{rel}","templated":true}]}}