{"id":4623,"date":"2022-09-04T15:52:04","date_gmt":"2022-09-04T13:52:04","guid":{"rendered":"http:\/\/klubmamgdynia.pl\/index.php\/produkt\/eurobaby-zabawka-karabin\/"},"modified":"2026-04-17T07:32:13","modified_gmt":"2026-04-17T05:32:13","slug":"eurobaby-zabawka-karabin","status":"publish","type":"product","link":"http:\/\/klubmamgdynia.pl\/index.php\/produkt\/eurobaby-zabawka-karabin\/","title":{"rendered":"Eurobaby Zabawka Karabin"},"content":{"rendered":"<p>Precyzyjny karabin na piankow\u0105 amunicj\u0119 wykonany jest z plastiku. Jego budowa przypomina konstrukcj\u0119 prawdziwej broni, jednak jest bardzo bezpieczna &#8211; nie posiada ostrych zako\u0144cze\u0144 i element\u00f3w. W zestawie do\u0142\u0105czone s\u0105 zwyk\u0142e strza\u0142ki piankowe z przyssawkami.Wyrzutnia pocisk\u00f3w zasilana bateriami.Zestaw zawiera:- pistolet- magazynek- strza\u0142ki piankowe z przyssawkami &#8211; 20 sztukRozmiar zabawki: 74 x 18 cmWymiary opakowania: 80 x 28 x 8cmWiek: 8+Zasilanie: 6x bateria typu AA 1.5V (brak w zestawie)FJ8882<\/p>\n<h2>Eurobaby Zabawka Karabin <\/h2>\n<p>impreza halloween 2021 dla dzieci, prezent dla 19 latka, zabawy na dzie\u0144 dziecka w szkole, zagadki typu co to jest, buziak gify na dobranoc smieszne, quizy o flagach, wpad\u0142a bomba do piwnicy, zagadki o lesie, prezent na roczek dla ch\u0142opca, lato<\/p>\n<p>yyyyy<\/p>\n<p>&nbsp;<\/p>\n","protected":false},"excerpt":{"rendered":"<p>Precyzyjny karabin na piankow\u0105 amunicj\u0119 wykonany jest z plastiku. Jego budowa przypomina konstrukcj\u0119 prawdziwej broni, jednak jest bardzo bezpieczna &#8211; nie posiada ostrych zako\u0144cze\u0144 i element\u00f3w. W zestawie do\u0142\u0105czone s\u0105 zwyk\u0142e strza\u0142ki piankowe z przyssawkami.Wyrzutnia pocisk\u00f3w zasilana bateriami.Zestaw zawiera:- pistolet- magazynek- strza\u0142ki piankowe z przyssawkami &#8211; 20 sztukRozmiar zabawki: 74 x 18 cmWymiary opakowania: 80 [&hellip;]<\/p>\n","protected":false},"featured_media":4624,"comment_status":"closed","ping_status":"open","template":"","meta":[],"product_cat":[40],"product_tag":[680,776,652,703,743],"class_list":["post-4623","product","type-product","status-publish","has-post-thumbnail","hentry","product_cat-zabawki-militarne","product_tag-cytaty-z-malego-ksiecia","product_tag-dobrej-nocy","product_tag-otto","product_tag-prezent-dla-nastolatki","product_tag-quiz-dla-dzieci"],"_links":{"self":[{"href":"http:\/\/klubmamgdynia.pl\/index.php\/wp-json\/wp\/v2\/product\/4623","targetHints":{"allow":["GET"]}}],"collection":[{"href":"http:\/\/klubmamgdynia.pl\/index.php\/wp-json\/wp\/v2\/product"}],"about":[{"href":"http:\/\/klubmamgdynia.pl\/index.php\/wp-json\/wp\/v2\/types\/product"}],"replies":[{"embeddable":true,"href":"http:\/\/klubmamgdynia.pl\/index.php\/wp-json\/wp\/v2\/comments?post=4623"}],"wp:featuredmedia":[{"embeddable":true,"href":"http:\/\/klubmamgdynia.pl\/index.php\/wp-json\/wp\/v2\/media\/4624"}],"wp:attachment":[{"href":"http:\/\/klubmamgdynia.pl\/index.php\/wp-json\/wp\/v2\/media?parent=4623"}],"wp:term":[{"taxonomy":"product_cat","embeddable":true,"href":"http:\/\/klubmamgdynia.pl\/index.php\/wp-json\/wp\/v2\/product_cat?post=4623"},{"taxonomy":"product_tag","embeddable":true,"href":"http:\/\/klubmamgdynia.pl\/index.php\/wp-json\/wp\/v2\/product_tag?post=4623"}],"curies":[{"name":"wp","href":"https:\/\/api.w.org\/{rel}","templated":true}]}}