{"id":4625,"date":"2017-04-23T22:52:50","date_gmt":"2017-04-23T20:52:50","guid":{"rendered":"http:\/\/klubmamgdynia.pl\/index.php\/produkt\/lego-brickheadz-41617-kraina-lodu-elsa\/"},"modified":"2026-04-05T00:08:07","modified_gmt":"2026-04-04T22:08:07","slug":"lego-brickheadz-41617-kraina-lodu-elsa","status":"publish","type":"product","link":"http:\/\/klubmamgdynia.pl\/index.php\/produkt\/lego-brickheadz-41617-kraina-lodu-elsa\/","title":{"rendered":"LEGO BrickHeadz 41617 Kraina Lodu Elsa"},"content":{"rendered":"<p>LEGO BRICKHEADZ ELSA 41617<\/p>\n<p>Figurka LEGO\u00ae BrickHeadz\u2122 Elsy z filmu Disneya \u201eKraina lodu\u201d\u00a0zapewnia \u015bwietn\u0105 zabaw\u0119<br \/>\npodczas budowania z kolorowych klock\u00f3w LEGO. Model odwzorowuje wszystkie<br \/>\ncharakterystyczne detale postaci, takie jak d\u0142ugie blond w\u0142osy czy niebieska<br \/>\nsukienka. W zestawie jest tak\u017ce kolekcjonerska podstawka do zbudowania, kt\u00f3r\u0105<br \/>\nmo\u017cna \u0142atwo postawi\u0107 na wybranym miejscu, na przyk\u0142ad w domu lub w pracy.                            <\/p>\n<p>Figurka LEGO\u00ae BrickHeadz\u2122 do<br \/>\n     zbudowania przedstawiaj\u0105ca Els\u0119 ma oczy BrickHeadz i autentyczne detale z<br \/>\n     filmu Disneya \u201eKraina lodu\u201d, takie jak d\u0142ugie blond w\u0142osy czy niebieska<br \/>\n     sukienka.Do ka\u017cdej postaci LEGO\u00ae<br \/>\n     BrickHeadz\u2122 do zbudowania do\u0142\u0105czamy kolekcjonersk\u0105 podstawk\u0119 do<br \/>\n     samodzielnego z\u0142o\u017cenia.Zbierz inne postacie z<br \/>\n     przebojowego filmu Disneya \u201eKraina lodu\u201d i powi\u0119ksz swoj\u0105 kolekcj\u0119 figurek<br \/>\n     LEGO\u00ae BrickHeadz\u2122! Mamy dla Ciebie o wiele wi\u0119cej zestaw\u00f3w nawi\u0105zuj\u0105cych<br \/>\n     do najpopularniejszych film\u00f3w, seriali, gier i komiks\u00f3w.\u0141\u0105cz\u0105c z sob\u0105 figurki LEGO\u00ae BrickHeadz\u2122<br \/>\n     do samodzielnego zbudowania, mo\u017cesz tworzy\u0107 odlotowe hybrydy albo w\u0142asne<br \/>\n     niezwyk\u0142e postacie.Kr\u00f3lowa Elsa ma ok. 7 cm<br \/>\n     wysoko\u015bci bez podstawki.Podstawka ma ok. 4 cm<br \/>\n     kwadratowych powierzchni.<\/p>\n<h2>LEGO BrickHeadz 41617 Kraina Lodu Elsa LEGO<\/h2>\n<p>dzieci.pl, wroc\u0142aw atrakcje dla m\u0142odzie\u017cy, stare piosenki, ba\u0142wanek do druku, o\u015brodki wczasowe nad morzem dla rodzin z dzie\u0107mi, emanuel, szlaczki do druku, miko\u0142ajki dla dzieci warszawa 2021, kolorowanka lego, zagadka o wio\u015bnie, zagadki logiczne, opowie\u015bci z narni test, lucjan, prezenty na roczek dla ch\u0142opca<\/p>\n<p>yyyyy<\/p>\n<p>&nbsp;<\/p>\n","protected":false},"excerpt":{"rendered":"<p>LEGO BRICKHEADZ ELSA 41617 Figurka LEGO\u00ae BrickHeadz\u2122 Elsy z filmu Disneya \u201eKraina lodu\u201d\u00a0zapewnia \u015bwietn\u0105 zabaw\u0119 podczas budowania z kolorowych klock\u00f3w LEGO. Model odwzorowuje wszystkie charakterystyczne detale postaci, takie jak d\u0142ugie blond w\u0142osy czy niebieska sukienka. W zestawie jest tak\u017ce kolekcjonerska podstawka do zbudowania, kt\u00f3r\u0105 mo\u017cna \u0142atwo postawi\u0107 na wybranym miejscu, na przyk\u0142ad w domu lub [&hellip;]<\/p>\n","protected":false},"featured_media":4626,"comment_status":"closed","ping_status":"open","template":"","meta":[],"product_cat":[113,540],"product_tag":[781,622,813,735],"class_list":["post-4625","product","type-product","status-publish","has-post-thumbnail","hentry","product_cat-klocki","product_cat-lego","product_tag-cytaty-o-wychowaniu-dzieci","product_tag-fajne-zagadki","product_tag-krotkie-zagadki-matematyczne-z-odpowiedziami","product_tag-prezent-na-roczek-dziewczynka"],"_links":{"self":[{"href":"http:\/\/klubmamgdynia.pl\/index.php\/wp-json\/wp\/v2\/product\/4625","targetHints":{"allow":["GET"]}}],"collection":[{"href":"http:\/\/klubmamgdynia.pl\/index.php\/wp-json\/wp\/v2\/product"}],"about":[{"href":"http:\/\/klubmamgdynia.pl\/index.php\/wp-json\/wp\/v2\/types\/product"}],"replies":[{"embeddable":true,"href":"http:\/\/klubmamgdynia.pl\/index.php\/wp-json\/wp\/v2\/comments?post=4625"}],"wp:featuredmedia":[{"embeddable":true,"href":"http:\/\/klubmamgdynia.pl\/index.php\/wp-json\/wp\/v2\/media\/4626"}],"wp:attachment":[{"href":"http:\/\/klubmamgdynia.pl\/index.php\/wp-json\/wp\/v2\/media?parent=4625"}],"wp:term":[{"taxonomy":"product_cat","embeddable":true,"href":"http:\/\/klubmamgdynia.pl\/index.php\/wp-json\/wp\/v2\/product_cat?post=4625"},{"taxonomy":"product_tag","embeddable":true,"href":"http:\/\/klubmamgdynia.pl\/index.php\/wp-json\/wp\/v2\/product_tag?post=4625"}],"curies":[{"name":"wp","href":"https:\/\/api.w.org\/{rel}","templated":true}]}}