{"id":4627,"date":"2014-05-18T05:17:03","date_gmt":"2014-05-18T03:17:03","guid":{"rendered":"http:\/\/klubmamgdynia.pl\/index.php\/produkt\/umarex-kulki-metalowe-nxg-sa-200-100-szt\/"},"modified":"2026-04-06T15:08:30","modified_gmt":"2026-04-06T13:08:30","slug":"umarex-kulki-metalowe-nxg-sa-200-100-szt","status":"publish","type":"product","link":"http:\/\/klubmamgdynia.pl\/index.php\/produkt\/umarex-kulki-metalowe-nxg-sa-200-100-szt\/","title":{"rendered":"Umarex Kulki metalowe NXG SA-200 100 szt"},"content":{"rendered":"<p>Kulki NXG SA-200 100 szt. to stalowa amunicja do proc, kt\u00f3ra zapewnia wysok\u0105 celno\u015b\u0107 i powtarzalno\u015b\u0107 strza\u0142\u00f3w.Kule o \u015brednicy 9,4 mm wykonano ze stali oraz poddano precyzyjnej obr\u00f3bce maszynowej, dzi\u0119ki czemu maj\u0105 r\u00f3wny ci\u0119\u017car, g\u0142adk\u0105 powierzchni\u0119 i idealnie kulisty kszta\u0142t. Takie parametry powoduj\u0105, \u017ce nasze strza\u0142y z procy s\u0105 powtarzalne, celne i daj\u0105 du\u017c\u0105 satysfakcj\u0119.Stalowe kule cechuj\u0105 si\u0119 tak\u017ce wysok\u0105 twardo\u015bci\u0105, dlatego nie rozpadaj\u0105 si\u0119 po trafieniu celu i mog\u0105 by\u0107 ponownie wykorzystywane.Kule o wielko\u015bci 9,4 mm zalecane s\u0105 dla pocz\u0105tkuj\u0105cych strzelc\u00f3w.DANE TECHNICZNEDane dodatkowe;Typ materia\u0142u stal hartowanaInformacje producenta;Producent; Umarex, NiemcyEAN; 4000844644084Symbol dostawcy; 2.2415<\/p>\n<h2>Umarex Kulki metalowe NXG SA-200 100 szt <\/h2>\n<p>dawne ko\u0142ysanki teksty, sk\u0142adniki do pizzy kolorowanka, wzruszaj\u0105ce s\u0142owa dla przyjaciela, co kupi\u0107 na roczek dla ch\u0142opca, kr\u00f3tkie bajki dla dzieci, zadania dla dzieci z ukrainy, opowie\u015bci z narnii lew czarownica i stara szafa quiz, prezent dla ch\u0142opca 7 lat, cytaty o dziecku i mamie, tupcio chrupcio bajka do czytania, sentencje ma\u0142y ksi\u0105\u017ce cytaty, zagadka matematyczna dla dzieci, akademia pana kleksa test do druku, bajka krecik, test wiedzy z lektury przygody tomka sawyera z odpowiedziami, prezent dla nastolatk\u00f3w na \u015bwi\u0119ta<\/p>\n<p>yyyyy<\/p>\n<p>&nbsp;<\/p>\n","protected":false},"excerpt":{"rendered":"<p>Kulki NXG SA-200 100 szt. to stalowa amunicja do proc, kt\u00f3ra zapewnia wysok\u0105 celno\u015b\u0107 i powtarzalno\u015b\u0107 strza\u0142\u00f3w.Kule o \u015brednicy 9,4 mm wykonano ze stali oraz poddano precyzyjnej obr\u00f3bce maszynowej, dzi\u0119ki czemu maj\u0105 r\u00f3wny ci\u0119\u017car, g\u0142adk\u0105 powierzchni\u0119 i idealnie kulisty kszta\u0142t. Takie parametry powoduj\u0105, \u017ce nasze strza\u0142y z procy s\u0105 powtarzalne, celne i daj\u0105 du\u017c\u0105 satysfakcj\u0119.Stalowe [&hellip;]<\/p>\n","protected":false},"featured_media":4628,"comment_status":"closed","ping_status":"open","template":"","meta":[],"product_cat":[40],"product_tag":[765,704,743,694],"class_list":["post-4627","product","type-product","status-publish","has-post-thumbnail","hentry","product_cat-zabawki-militarne","product_tag-atrakcje-dla-dzieci-warszawa","product_tag-prezent-dla-nastolatka","product_tag-quiz-dla-dzieci","product_tag-zagadki-swiateczne-dla-dzieci"],"_links":{"self":[{"href":"http:\/\/klubmamgdynia.pl\/index.php\/wp-json\/wp\/v2\/product\/4627","targetHints":{"allow":["GET"]}}],"collection":[{"href":"http:\/\/klubmamgdynia.pl\/index.php\/wp-json\/wp\/v2\/product"}],"about":[{"href":"http:\/\/klubmamgdynia.pl\/index.php\/wp-json\/wp\/v2\/types\/product"}],"replies":[{"embeddable":true,"href":"http:\/\/klubmamgdynia.pl\/index.php\/wp-json\/wp\/v2\/comments?post=4627"}],"wp:featuredmedia":[{"embeddable":true,"href":"http:\/\/klubmamgdynia.pl\/index.php\/wp-json\/wp\/v2\/media\/4628"}],"wp:attachment":[{"href":"http:\/\/klubmamgdynia.pl\/index.php\/wp-json\/wp\/v2\/media?parent=4627"}],"wp:term":[{"taxonomy":"product_cat","embeddable":true,"href":"http:\/\/klubmamgdynia.pl\/index.php\/wp-json\/wp\/v2\/product_cat?post=4627"},{"taxonomy":"product_tag","embeddable":true,"href":"http:\/\/klubmamgdynia.pl\/index.php\/wp-json\/wp\/v2\/product_tag?post=4627"}],"curies":[{"name":"wp","href":"https:\/\/api.w.org\/{rel}","templated":true}]}}