{"id":4629,"date":"2025-06-23T13:34:58","date_gmt":"2025-06-23T11:34:58","guid":{"rendered":"http:\/\/klubmamgdynia.pl\/?post_type=product&#038;p=4629"},"modified":"2026-05-01T02:38:01","modified_gmt":"2026-05-01T00:38:01","slug":"continental-ecocontact-6-215-60-r17-96h","status":"publish","type":"product","link":"http:\/\/klubmamgdynia.pl\/index.php\/produkt\/continental-ecocontact-6-215-60-r17-96h\/","title":{"rendered":"Continental EcoContact 6 215\/60 R17 96H"},"content":{"rendered":"<p>WI\u0118CEJ INFORMACJI<\/p>\n<h2>Continental EcoContact 6 215\/60 R17 96H Continental<\/h2>\n<p>quizy o koniach, kolorowanki pokemon, bajki dla dzieci na dobranoc, bajki na dobranoc do czytania, cytaty o przyja\u017ani ma\u0142y ksi\u0105\u017c\u0119, opis o dziecku, lol kolorowanki do druku, dziwne zagadki, alina, place zabaw warszawa, dla nastolatk\u00f3w prezenty, estera, prima aprilis w szkole, gloria imie, platformy edukacyjne, kolorowanki dla dzieci do druku<\/p>\n<p>yyyyy<\/p>\n<p>&nbsp;<\/p>\n","protected":false},"excerpt":{"rendered":"<p>WI\u0118CEJ INFORMACJI Continental EcoContact 6 215\/60 R17 96H Continental quizy o koniach, kolorowanki pokemon, bajki dla dzieci na dobranoc, bajki na dobranoc do czytania, cytaty o przyja\u017ani ma\u0142y ksi\u0105\u017c\u0119, opis o dziecku, lol kolorowanki do druku, dziwne zagadki, alina, place zabaw warszawa, dla nastolatk\u00f3w prezenty, estera, prima aprilis w szkole, gloria imie, platformy edukacyjne, kolorowanki [&hellip;]<\/p>\n","protected":false},"featured_media":4630,"comment_status":"closed","ping_status":"open","template":"","meta":[],"product_cat":[1247,548],"product_tag":[666,631,814,778,712],"class_list":["post-4629","product","type-product","status-publish","has-post-thumbnail","hentry","product_cat-continental","product_cat-opony-letnie","product_tag-afrykanskie-imiona","product_tag-prezent-na-roczek","product_tag-prezenty-dla-nastolatek","product_tag-zabawki-na-roczek-dla-chlopca","product_tag-zagadki-o-zwierzetach"],"_links":{"self":[{"href":"http:\/\/klubmamgdynia.pl\/index.php\/wp-json\/wp\/v2\/product\/4629","targetHints":{"allow":["GET"]}}],"collection":[{"href":"http:\/\/klubmamgdynia.pl\/index.php\/wp-json\/wp\/v2\/product"}],"about":[{"href":"http:\/\/klubmamgdynia.pl\/index.php\/wp-json\/wp\/v2\/types\/product"}],"replies":[{"embeddable":true,"href":"http:\/\/klubmamgdynia.pl\/index.php\/wp-json\/wp\/v2\/comments?post=4629"}],"wp:featuredmedia":[{"embeddable":true,"href":"http:\/\/klubmamgdynia.pl\/index.php\/wp-json\/wp\/v2\/media\/4630"}],"wp:attachment":[{"href":"http:\/\/klubmamgdynia.pl\/index.php\/wp-json\/wp\/v2\/media?parent=4629"}],"wp:term":[{"taxonomy":"product_cat","embeddable":true,"href":"http:\/\/klubmamgdynia.pl\/index.php\/wp-json\/wp\/v2\/product_cat?post=4629"},{"taxonomy":"product_tag","embeddable":true,"href":"http:\/\/klubmamgdynia.pl\/index.php\/wp-json\/wp\/v2\/product_tag?post=4629"}],"curies":[{"name":"wp","href":"https:\/\/api.w.org\/{rel}","templated":true}]}}