{"id":463,"date":"2023-05-05T10:14:35","date_gmt":"2023-05-05T08:14:35","guid":{"rendered":"http:\/\/klubmamgdynia.pl\/index.php\/produkt\/zoocchini-ultrachlonna-pieluszka-wielorazowa-do-nauki-samodzielnego-korzystania-z-nocnika-z-2-wkladami-jez-aio-bluzoo13802\/"},"modified":"2026-04-19T02:39:23","modified_gmt":"2026-04-19T00:39:23","slug":"zoocchini-ultrachlonna-pieluszka-wielorazowa-do-nauki-samodzielnego-korzystania-z-nocnika-z-2-wkladami-jez-aio-bluzoo13802","status":"publish","type":"product","link":"http:\/\/klubmamgdynia.pl\/index.php\/produkt\/zoocchini-ultrachlonna-pieluszka-wielorazowa-do-nauki-samodzielnego-korzystania-z-nocnika-z-2-wkladami-jez-aio-bluzoo13802\/","title":{"rendered":"Zoocchini Ultrach\u0142onna Pieluszka Wielorazowa Do Nauki Samodzielnego Korzystania Z Nocnika Z 2 Wk\u0142adami Je\u017c Aio (BLUZOO13802)"},"content":{"rendered":"<p>Zoocchini Pieluszka wielorazowa AIO z 2 wk\u0142adami Je\u017cNumer kat. ZOO13802Ultrach\u0142onna pieluszka wielorazowa Zoocchini w uniwersalnym rozmiarze, kt\u00f3ry sprawia, \u017ce pieluszka ro\u015bnie razem z dzieckiem dopasowuj\u0105c si\u0119 zar\u00f3wno do potrzeb i kszta\u0142t\u00f3w noworodka, jak i dziecka, kt\u00f3re nied\u0142ugo rozpocznie nauk\u0119 samodzielnego korzystania z nocnika (od 3 do 16 kg). Dzieje si\u0119 tak za spraw\u0105 wieloelementowej regulacji. 3 rz\u0119dy zatrzask\u00f3w pozwalaj\u0105 dopasowa\u0107 rozmiar pieluszki do wielko\u015bci dziecka, a dodatkowe 10 rz\u0119d\u00f3w odpowiedzialnych jest za regulacj\u0119 pieluszki w pasie. Pieluszka wielorazowa Zoocchini to rozwi\u0105zanie \u201eall-in-one\u201d: wodoodporna powierzchnia zewn\u0119trzna, mi\u0119kka wy\u015bci\u00f3\u0142ka wewn\u0105trz i dwa ultrach\u0142onne wk\u0142ady, kt\u00f3re mo\u017cna stosowa\u0107 osobno lub jednocze\u015bnie. Dzi\u0119ki temu pieluszka sprawdza si\u0119 niezawodnie zar\u00f3wno w dzie\u0144, jak i w nocy.W zestawie: pieluszka wielorazowa i 2 pe\u0142nowymiarowe wk\u0142ady ch\u0142onne z zatrzaskami do zabezpieczenia w kieszeni pieluszki.Rozmiar: uniwersalnyCechy:- pieluszka wielorazowa, kt\u00f3ra sprawdza si\u0119 od urodzenia do etapu nauki korzystania z nocnika,- regulowany na zatrzaski kr\u00f3j \u2013 dopasowuj\u0105cy si\u0119 do wzrostu i obwodu talii dziecka,- mi\u0119kkie podszycie odprowadzaj\u0105ce wilgo\u0107 z dala od sk\u00f3ry dziecka,- materia\u0142 \u0142atwy do prania i suszenia, zapewniaj\u0105cy dziecku sucho\u015b\u0107 i ciep\u0142o,- w zestawie dwie ch\u0142onne wk\u0142adki z zatrzaskami, kt\u00f3re mo\u017cna stosowa\u0107 razem (na noc) lub osobno,- kieszonka i zatrzaski zabezpieczaj\u0105 wk\u0142adk\u0119\/wk\u0142adki przed wysuni\u0119ciem i przesuwaniem,- mi\u0119kka gumka w pasie i wok\u00f3\u0142 n\u00f3\u017cek zapewnia wygodne dopasowanie bez przeciek\u00f3w,- nie zawiera BPA i ftalan\u00f3w,- oszcz\u0119dne i ekologiczne rozwi\u0105zanie!U\u017cytkowanie:- mo\u017cna pra\u0107 w pralce w temp. do 50 st. C.Wymiary pieluszki:- d\u0142ugo\u015b\u0107: 44 cm- prz\u00f3d pieluszki: 27,5 cm- ty\u0142 pieluszki: 46 cmWymiary wk\u0142ad\u00f3w:- d\u0142ugo\u015b\u0107: 34 cm- szeroko\u015b\u0107: 13 cmSk\u0142ad:Warstwa zewn\u0119trzna: 100% poliester z pokryciem PUPodszycie: 100% poliesterWk\u0142ady: 78% sztuczny jedwab, 22% poliesterZaprojektowano w USA.Marka Zoocchini powsta\u0142a w 2007 roku. Dzi\u015b prowadzona jest przez zesp\u00f3\u0142 kreatywnych umys\u0142\u00f3w z bran\u017cy dzieci\u0119cej. To jedna z najlepiej rozpoznawalnych marek butikowych w USA i Kanadzie, kt\u00f3ra wypracowa\u0142a sw\u00f3j niepowtarzalny styl. Produk[&#8230;]<\/p>\n<h2>Zoocchini Ultrach\u0142onna Pieluszka Wielorazowa Do Nauki Samodzielnego Korzystania Z Nocnika Z 2 Wk\u0142adami Je\u017c Aio (BLUZOO13802) Zoocchini<\/h2>\n<p>dobrej nocy, prezenty roczek, \u0142amig\u0142\u00f3wki logiczne dla dzieci, zyczenia walentynkowe dla dzieci, logiczne zagadki dla dzieci, pu\u0142tusk atrakcje dla dzieci, pierwsze urodziny prezent na roczek dla dziewczynki, wroc\u0142aw atrakcje dla dzieci 2021, zabawki na roczek, opisy do zdj\u0119\u0107 z dzieckiem, narodziny dziecka cytat, w\u0142ochy, szkic jak narysowa\u0107 kota, kawaly na prima aprilis<\/p>\n<p>yyyyy<\/p>\n<p>&nbsp;<\/p>\n","protected":false},"excerpt":{"rendered":"<p>Zoocchini Pieluszka wielorazowa AIO z 2 wk\u0142adami Je\u017cNumer kat. ZOO13802Ultrach\u0142onna pieluszka wielorazowa Zoocchini w uniwersalnym rozmiarze, kt\u00f3ry sprawia, \u017ce pieluszka ro\u015bnie razem z dzieckiem dopasowuj\u0105c si\u0119 zar\u00f3wno do potrzeb i kszta\u0142t\u00f3w noworodka, jak i dziecka, kt\u00f3re nied\u0142ugo rozpocznie nauk\u0119 samodzielnego korzystania z nocnika (od 3 do 16 kg). Dzieje si\u0119 tak za spraw\u0105 wieloelementowej regulacji. [&hellip;]<\/p>\n","protected":false},"featured_media":464,"comment_status":"closed","ping_status":"open","template":"","meta":[],"product_cat":[17,179],"product_tag":[833,777,580,795,733],"class_list":["post-463","product","type-product","status-publish","has-post-thumbnail","hentry","product_cat-pieluchy","product_cat-zoocchini","product_tag-bajki-dla-dzieci-do-czytania","product_tag-co-na-roczek","product_tag-janusz","product_tag-mini-zoo-warszawa","product_tag-zarty-na-prima-aprilis"],"_links":{"self":[{"href":"http:\/\/klubmamgdynia.pl\/index.php\/wp-json\/wp\/v2\/product\/463","targetHints":{"allow":["GET"]}}],"collection":[{"href":"http:\/\/klubmamgdynia.pl\/index.php\/wp-json\/wp\/v2\/product"}],"about":[{"href":"http:\/\/klubmamgdynia.pl\/index.php\/wp-json\/wp\/v2\/types\/product"}],"replies":[{"embeddable":true,"href":"http:\/\/klubmamgdynia.pl\/index.php\/wp-json\/wp\/v2\/comments?post=463"}],"wp:featuredmedia":[{"embeddable":true,"href":"http:\/\/klubmamgdynia.pl\/index.php\/wp-json\/wp\/v2\/media\/464"}],"wp:attachment":[{"href":"http:\/\/klubmamgdynia.pl\/index.php\/wp-json\/wp\/v2\/media?parent=463"}],"wp:term":[{"taxonomy":"product_cat","embeddable":true,"href":"http:\/\/klubmamgdynia.pl\/index.php\/wp-json\/wp\/v2\/product_cat?post=463"},{"taxonomy":"product_tag","embeddable":true,"href":"http:\/\/klubmamgdynia.pl\/index.php\/wp-json\/wp\/v2\/product_tag?post=463"}],"curies":[{"name":"wp","href":"https:\/\/api.w.org\/{rel}","templated":true}]}}