{"id":4633,"date":"2023-07-12T02:03:32","date_gmt":"2023-07-12T00:03:32","guid":{"rendered":"http:\/\/klubmamgdynia.pl\/?post_type=product&#038;p=4633"},"modified":"2026-04-10T13:28:59","modified_gmt":"2026-04-10T11:28:59","slug":"jokomisiada-zabawka-walkie-talkie-krotkofalowka-telefon-za2534","status":"publish","type":"product","link":"http:\/\/klubmamgdynia.pl\/index.php\/produkt\/jokomisiada-zabawka-walkie-talkie-krotkofalowka-telefon-za2534\/","title":{"rendered":"Jokomisiada Zabawka Walkie Talkie kr\u00f3tkofal\u00f3wka telefon ZA2534"},"content":{"rendered":"<p>Kr\u00f3tkofal\u00f3wka w postaci popularnego telefonu to propozycja dla gad\u017ceciarzy. Smartphone zapewni weso\u0142\u0105 zabaw\u0119 na pla\u017cy w lesie podczas zabawy w ogrodzie lub pokoju. Walkie talkie jest to bardzo prosty model w obs\u0142udze, wystarczy w\u0142o\u017cy\u0107 baterie i gotowe. Zabawka posiada zasi\u0119g ok 10-15 m w zale\u017cno\u015bci od terenu. Wystarczy nacisn\u0105\u0107 guzik i m\u00f3wi\u0107, a zamontowana wysuwana antena poprawia jako\u015b\u0107 rozm\u00f3w.Najwa\u017cniejsze cechy wyr\u00f3\u017cniaj\u0105ce ten model:- dwa radiotelefony- ergonomiczna budowa- wbudowany g\u0142o\u015bnik\/mikrofon- w\u0142\u0105cznik on\/off- osobny przycisk s\u0142u\u017c\u0105cy do prowadzenia rozmowy.- zasi\u0119g do 10-15m (w zale\u017cno\u015bci od ukszta\u0142towania terenu i warunk\u00f3w)Wymiary:- 16 x 8 x 2 cmZasilanie:Ka\u017cda kr\u00f3tkofal\u00f3wka zasilana jest 3 bateriami AA1,5V (brak w zestawie)Walkie Talkie ucz\u0105 jak pos\u0142ugiwa\u0107 si\u0119 radiotelefonami a przede wszystkim s\u0105 doskona\u0142ym sposobem na wsp\u00f3ln\u0105 zabaw\u0119 w gronie koleg\u00f3w. Dzi\u0119ki takim zabawom dzieci, mog\u0105 sp\u0119dzi\u0107 wi\u0119cej czasu na \u015bwie\u017cym powietrzu bawi\u0105c si\u0119 z r\u00f3wie\u015bnikami w np. w tajne misje.Zestaw zapakowany w \u0142adne opakowanie, idealnie nadaj\u0105ce si\u0119 na prezent.<\/p>\n<h2>Jokomisiada Zabawka Walkie Talkie kr\u00f3tkofal\u00f3wka telefon ZA2534 Jokomisiada<\/h2>\n<p>kolorowanki lego friends, zaproszenie na urodziny dziecka tekst do druku, zaproszenie na urodziny dziecka tekst do druku, narysowa\u0107 rysunki \u0142atwe, zagadki \u015bmieszne podchwytliwe<\/p>\n<p>yyyyy<\/p>\n<p>&nbsp;<\/p>\n","protected":false},"excerpt":{"rendered":"<p>Kr\u00f3tkofal\u00f3wka w postaci popularnego telefonu to propozycja dla gad\u017ceciarzy. Smartphone zapewni weso\u0142\u0105 zabaw\u0119 na pla\u017cy w lesie podczas zabawy w ogrodzie lub pokoju. Walkie talkie jest to bardzo prosty model w obs\u0142udze, wystarczy w\u0142o\u017cy\u0107 baterie i gotowe. Zabawka posiada zasi\u0119g ok 10-15 m w zale\u017cno\u015bci od terenu. Wystarczy nacisn\u0105\u0107 guzik i m\u00f3wi\u0107, a zamontowana wysuwana [&hellip;]<\/p>\n","protected":false},"featured_media":4634,"comment_status":"closed","ping_status":"open","template":"","meta":[],"product_cat":[131,40],"product_tag":[802,648,578,751,636],"class_list":["post-4633","product","type-product","status-publish","has-post-thumbnail","hentry","product_cat-jokomisiada","product_cat-zabawki-militarne","product_tag-co-kupic-dziewczynce-na-roczek","product_tag-dobrej-nocy-i-sza","product_tag-fajne-zarty-na-prima-aprilis","product_tag-psi-patrol-kolorowanka","product_tag-teksty-kolysanek"],"_links":{"self":[{"href":"http:\/\/klubmamgdynia.pl\/index.php\/wp-json\/wp\/v2\/product\/4633","targetHints":{"allow":["GET"]}}],"collection":[{"href":"http:\/\/klubmamgdynia.pl\/index.php\/wp-json\/wp\/v2\/product"}],"about":[{"href":"http:\/\/klubmamgdynia.pl\/index.php\/wp-json\/wp\/v2\/types\/product"}],"replies":[{"embeddable":true,"href":"http:\/\/klubmamgdynia.pl\/index.php\/wp-json\/wp\/v2\/comments?post=4633"}],"wp:featuredmedia":[{"embeddable":true,"href":"http:\/\/klubmamgdynia.pl\/index.php\/wp-json\/wp\/v2\/media\/4634"}],"wp:attachment":[{"href":"http:\/\/klubmamgdynia.pl\/index.php\/wp-json\/wp\/v2\/media?parent=4633"}],"wp:term":[{"taxonomy":"product_cat","embeddable":true,"href":"http:\/\/klubmamgdynia.pl\/index.php\/wp-json\/wp\/v2\/product_cat?post=4633"},{"taxonomy":"product_tag","embeddable":true,"href":"http:\/\/klubmamgdynia.pl\/index.php\/wp-json\/wp\/v2\/product_tag?post=4633"}],"curies":[{"name":"wp","href":"https:\/\/api.w.org\/{rel}","templated":true}]}}