{"id":4635,"date":"2022-09-06T22:49:16","date_gmt":"2022-09-06T20:49:16","guid":{"rendered":"http:\/\/klubmamgdynia.pl\/index.php\/produkt\/lego-brickheadz-41618-kraina-lodu-anna-i-olaf\/"},"modified":"2026-04-07T01:31:58","modified_gmt":"2026-04-06T23:31:58","slug":"lego-brickheadz-41618-kraina-lodu-anna-i-olaf","status":"publish","type":"product","link":"http:\/\/klubmamgdynia.pl\/index.php\/produkt\/lego-brickheadz-41618-kraina-lodu-anna-i-olaf\/","title":{"rendered":"LEGO BrickHeadz 41618 Kraina Lodu Anna i Olaf"},"content":{"rendered":"<p>LEGO BRICKHEADZ ANNA I OLAF 41618<\/p>\n<p>Figurki LEGO\u00ae BrickHeadz\u2122 Anny i Olafa Disneya\u00a0zapewniaj\u0105 \u015bwietn\u0105 zabaw\u0119<br \/>\npodczas budowania z kolorowych klock\u00f3w LEGO. Modele odwzorowuj\u0105 wszystkie<br \/>\ncharakterystyczne detale postaci z filmu Disneya\u00a0\u201eKraina lodu\u201d,<br \/>\ntakie jak fioletowa peleryna Anny i nos z marchewki Olafa. Ta urocza para z<br \/>\nfilmu Disneya stoi na w\u0142asnych kolekcjonerskich podstawkach do zbudowania,<br \/>\nkt\u00f3re mo\u017cna \u0142atwo postawi\u0107 na wybranym miejscu, na przyk\u0142ad w domu lub w pracy.                            <\/p>\n<p>Figurki LEGO\u00ae BrickHeadz\u2122 do<br \/>\n     zbudowania przedstawiaj\u0105ce Ann\u0119 i Olafa maj\u0105 oczy BrickHeadz i autentyczne<br \/>\n     detale z przebojowego filmu Disneya \u201eKraina lodu\u201d, w tym fioletow\u0105<br \/>\n     peleryn\u0119 Anny i nos z marchewki Olafa. W zestawie s\u0105 te\u017c dwie podstawki.Do ka\u017cdej postaci LEGO\u00ae<br \/>\n     BrickHeadz\u2122 do zbudowania do\u0142\u0105czamy kolekcjonersk\u0105 podstawk\u0119 do<br \/>\n     samodzielnego z\u0142o\u017cenia.Zbierz inne postacie z<br \/>\n     przebojowego filmu Disneya \u201eKraina lodu\u201d i powi\u0119ksz swoj\u0105 kolekcj\u0119 figurek<br \/>\n     LEGO\u00ae BrickHeadz\u2122! Mamy dla Ciebie o wiele wi\u0119cej zestaw\u00f3w nawi\u0105zuj\u0105cych<br \/>\n     do najpopularniejszych film\u00f3w, seriali, gier i komiks\u00f3w.\u0141\u0105cz\u0105c z sob\u0105 figurki LEGO\u00ae<br \/>\n     BrickHeadz\u2122 do samodzielnego zbudowania, mo\u017cesz tworzy\u0107 odlotowe hybrydy<br \/>\n     albo w\u0142asne niezwyk\u0142e postacie.Anna ma ok. 7 cm wysoko\u015bci bez<br \/>\n     podstawki.Podstawki maj\u0105 ok. 4 cm<br \/>\n     kwadratowych powierzchni.<\/p>\n<h2>LEGO BrickHeadz 41618 Kraina Lodu Anna i Olaf LEGO<\/h2>\n<p>test z tajemniczego ogrodu, labirynty dla dzieci, prezenty dla m\u0142odzie\u017cy, kiedy dzieci chodz\u0105 na halloween, regina, nasza zima z\u0142a tekst, prezent dla 15 latki 2021, jad\u0105 jad\u0105 misie tekst, stanis\u0142awa znaczenie imienia, imie pola, co\u015b dla nastolatk\u00f3w, ptak b\u0105k, narodziny dziecka cytaty, z\u0142ote my\u015bli kubu\u015b puchatek cytaty, ksi\u0105\u017cka dla dzieci online, dyplomy do wydrukowania a4, trudne zagadki logiczne z odpowiedziami, bombki do kolorowania, minecraft szablony do druku<\/p>\n<p>yyyyy<\/p>\n<p>&nbsp;<\/p>\n","protected":false},"excerpt":{"rendered":"<p>LEGO BRICKHEADZ ANNA I OLAF 41618 Figurki LEGO\u00ae BrickHeadz\u2122 Anny i Olafa Disneya\u00a0zapewniaj\u0105 \u015bwietn\u0105 zabaw\u0119 podczas budowania z kolorowych klock\u00f3w LEGO. Modele odwzorowuj\u0105 wszystkie charakterystyczne detale postaci z filmu Disneya\u00a0\u201eKraina lodu\u201d, takie jak fioletowa peleryna Anny i nos z marchewki Olafa. Ta urocza para z filmu Disneya stoi na w\u0142asnych kolekcjonerskich podstawkach do zbudowania, kt\u00f3re [&hellip;]<\/p>\n","protected":false},"featured_media":4636,"comment_status":"closed","ping_status":"open","template":"","meta":[],"product_cat":[113,540],"product_tag":[802,696,638,795,637,806],"class_list":["post-4635","product","type-product","status-publish","has-post-thumbnail","hentry","product_cat-klocki","product_cat-lego","product_tag-co-kupic-dziewczynce-na-roczek","product_tag-film-rodzinny-o-swietach","product_tag-miastodzieci","product_tag-mini-zoo-warszawa","product_tag-niech-zyja-wakacje-tekst","product_tag-prezent-dla-dziecka-na-roczek"],"_links":{"self":[{"href":"http:\/\/klubmamgdynia.pl\/index.php\/wp-json\/wp\/v2\/product\/4635","targetHints":{"allow":["GET"]}}],"collection":[{"href":"http:\/\/klubmamgdynia.pl\/index.php\/wp-json\/wp\/v2\/product"}],"about":[{"href":"http:\/\/klubmamgdynia.pl\/index.php\/wp-json\/wp\/v2\/types\/product"}],"replies":[{"embeddable":true,"href":"http:\/\/klubmamgdynia.pl\/index.php\/wp-json\/wp\/v2\/comments?post=4635"}],"wp:featuredmedia":[{"embeddable":true,"href":"http:\/\/klubmamgdynia.pl\/index.php\/wp-json\/wp\/v2\/media\/4636"}],"wp:attachment":[{"href":"http:\/\/klubmamgdynia.pl\/index.php\/wp-json\/wp\/v2\/media?parent=4635"}],"wp:term":[{"taxonomy":"product_cat","embeddable":true,"href":"http:\/\/klubmamgdynia.pl\/index.php\/wp-json\/wp\/v2\/product_cat?post=4635"},{"taxonomy":"product_tag","embeddable":true,"href":"http:\/\/klubmamgdynia.pl\/index.php\/wp-json\/wp\/v2\/product_tag?post=4635"}],"curies":[{"name":"wp","href":"https:\/\/api.w.org\/{rel}","templated":true}]}}