{"id":4637,"date":"2023-02-04T09:40:36","date_gmt":"2023-02-04T08:40:36","guid":{"rendered":"http:\/\/klubmamgdynia.pl\/?post_type=product&#038;p=4637"},"modified":"2026-04-30T15:54:24","modified_gmt":"2026-04-30T13:54:24","slug":"r-sport-hulajnoga-h3-rozowa-jezdzik-5w1-swiecace-kola-led","status":"publish","type":"product","link":"http:\/\/klubmamgdynia.pl\/index.php\/produkt\/r-sport-hulajnoga-h3-rozowa-jezdzik-5w1-swiecace-kola-led\/","title":{"rendered":"R-Sport Hulajnoga H3 R\u00f3\u017cowa Je\u017adzik 5W1 \u015awiec\u0105ce Ko\u0142a Led"},"content":{"rendered":"<p>Hulajnoga JR balansowa, je\u017adzik 5w1KOLOR R\u00d3ZOWYSportowa dzieci\u0119ca hulajnoga balansowa, tr\u00f3jko\u0142owa R-SportModel JR5w 1 &#8211; PCHACZ, JE\u0179DZIK, HULAJNOGA,Hamulec, \u015awiec\u0105ce, kauczykowe ko\u0142a LEDRegulowana wysoko\u015b\u0107 kierownicy, r\u0105czki i siedzonka!Sugerowany wiek u\u017cycia:2-4 latka jako pchacz i je\u017adzik oraz 2-7 latka jako hulajnoga Hulajnoga, je\u017adzik, pchacz w jednym. 5W1. Mo\u017cna u\u017cywa\u0107 jako pchacz, je\u017adzik oraz hulajnoga!!!Hulajnoga posiada KAUCZYKOWE \u015aWIEC\u0104CE KO\u0141A LED. Ko\u0142a \u015bwiec\u0105 podczas jazdy. \u015awiec\u0105 ko\u0142a przednie. Tylne ko\u0142o nie \u015bwieci.Hulajnoga tr\u00f3jko\u0142owa &#8211; dwa ko\u0142a z przodu i jedno z ty\u0142u. Dwa ko\u0142a z przodu, zapewniaj\u0105 stabilno\u015b\u0107 hulajnogi, a dzi\u0119ki b\u0142otnikowi na tylnym kole &#8211; dziecko hamuje.Dziecko steruje hulajnog\u0105 balansowo &#8211; czyli u\u017cywa cia\u0142a oraz kierownicy, a jednocze\u015bnie odpycha si\u0119 n\u00f3\u017ck\u0105. U\u017cywaj\u0105c jako je\u017adzik &#8211; dziecko siada i odpycha si\u0119 n\u00f3\u017ckami. U\u017cywaj\u0105c jako pchacz &#8211; rodzic pcha pojazd za pomoc\u0105 r\u0105czki.ANTYPO\u015aLIZGOWE UCHWYTY ORAZ ANTYPO\u015aLIZGOWE ELEMENTY NA DESCE \u2013 bezpieczne wykonanie hulajnogi zapewnia bezpieczne i stabilne u\u017cytkowanie hulajnogi.HAMULEC &#8211; b\u0142otnik nad tylnym ko\u0142em jest hamulcem, jego naciskanie powoduje hamowanie hulajnogi.\u015aWIEC\u0104CE KAUCZYKOWE KO\u0141A \u2013 wbudowane diody LED w przednie ko\u0142a wytwarzaj\u0105 \u015bwiat\u0142o podczas jazdy. Wyposa\u017cenie pojazdu:\u015bwiec\u0105ce ko\u0142a przednie,kauczykowe ko\u0142a,hamulec no\u017cny,\u0142o\u017cyska w ko\u0142ach,regulowana kierownica (4 poziomy),odpinana kierownica (np. na czas transportu),antypo\u015blizgowe uchwyty na kierownicy,Ozdobna biedronka &#8211; koszyczek na drobiazgi,5w1 &#8211; hulajnoga, je\u017adzik, pchacz,instrukcja w j\u0119zyku polskim,Inne informacje:marka: R-Sportpakowanie: szary karton,maksymalne obci\u0105\u017cenie: 25 kgpojazd do samodzielnego &#8211; stosunkowo prostego monta\u017cuSugerowany wiek u\u017cycia:2-4 latka jako pchacz i je\u017adzik oraz 2-7 latka jako hulajnoga Dane techniczne pojazdu:d\u0142ugo\u015b\u0107 hulajnogi: 59 cm,wysoko\u015b\u0107 hulajnogi (kierownicy): od 47 do 70 cm (4 poziomy),\u015brednica k\u00f3\u0142 przednich: 12 cm,\u015brednica ko\u0142a tylnego 9,5 cm,Wymiary deski: 28 cm x 13 cm,szeroko\u015b\u0107 kierownicy ok 25 cm,Szeroko\u015b\u0107 uchwytu (r\u0105czki kierownicy): ok. 11,5 cm,wysoko\u015b\u0107 siedzonka od 22,5 do 29 cm (3 poziomy),Wymiary siedzonka: 29 cm x 11\/7 cm,wysoko\u015b\u0107 r\u0105czki od 79 do 85waga pojazdu: 3,9\/4,2 kg,maksymalne obci\u0105\u017cenie do 25 kg,pojazd jednoosobowy,ko\u0142a s\u0105 kauczykowe,Kierownica i r\u0105czka s\u0105 metalowe,deska i siedzonko s\u0105 plastikowe,Specyfik\u0105 hulajnog balansowych jest brak mo\u017cliwo\u015bci skr\u0119tu ko\u0142ami przednimi za pomoc\u0105 kierownicy. Skr\u0119tu dokonuje si\u0119 poprzez balansowanie cia\u0142em.Hulajnoga do samodzielnego, stosunkowo \u0142atwego monta\u017cu &#8211; prosta instrukcja w \u015brodku.Przewo\u017c\u0105c hulajnog\u0119, mo\u017cna odkr\u0119ci\u0107 kierownice &#8211; w\u00f3wczas, zajmuje bardzo ma\u0142o miejsca w transporcie czy baga\u017cu.5w1 czyli:Hulajnoga z ozdobnym koszyczkiem, siedziskiem, oparciem oraz r\u0105czk\u0105 &#8211; czyli pchacz.Hulajnoga z ozdobnym koszyczkiem, siedziskiem i oparciem czyli je\u017adzik.Hulajnoga z ozdobnym koszyczkiem i siedziskiem &#8211; czyli druga forma je\u017adzika.Hulajnoga z ozdobnym koszyczkiem (biedronk\u0105) &#8211; czyli hulajnogaHulajnoga &#8211; zwyk\u0142\u0105 tr\u00f3jko\u0142owa hulajnoga.Przed rozpocz\u0119ciem u\u017cytkowania nale\u017cy dok\u0142adnie zapozna\u0107 si\u0119 z instrukcj\u0105.U\u017cywanie zabawki wymaga ka\u017cdorazowej \u015bcis\u0142ej opieki i nadzoru osoby doros\u0142ej.Przedmiot przeznaczony do u\u017cytku prywatnego (niekomercyjnego).Zabawka posiada Certyfikat Zgodno\u015bci CE.Pi\u0119kne \u017cywe kolory, kt\u00f3re uciesz\u0105 nie tylko Twoje dziecko.Hulajnoga sprawi Twojemu dziecku wiele rado\u015bci i frajdy a przebywanie na \u015bwie\u017cym powietrzu stanie si\u0119 ulubion\u0105 zabaw\u0105 Twojego dziecka.\u015awiec\u0105ce ko\u0142a podczas jazdy!!!!Ka\u017cda hulajnoga mo\u017ce posiada\u0107 pozosta\u0142o\u015bci poprodukcyjne w formie delikatnego rdzawego nalotu czy przybrudzenia.Do ka\u017cdego pojazdu otrzymuj\u0105 Pa\u0144stwo gwarancj\u0119 na 12 miesi\u0119cy oraz instrukcj\u0119 obs\u0142ugi w j\u0119zyku polskim.sklep z zabawkami, sklep z samochodzikami, sklep z autkami, samochody na akumulator, samochody dzieci\u0119ce, autka zdalnie sterowane na pilota, dzieci\u0119ce samochodziki, autka elektryczne, autka na akumulator, autka akumulatorowe, samochodziki akumulatorowe, samochodziki dla dzieci zdalnie sterowane na pilota,&#8230;<\/p>\n<h2>R-Sport Hulajnoga H3 R\u00f3\u017cowa Je\u017adzik 5W1 \u015awiec\u0105ce Ko\u0142a Led R-Sport<\/h2>\n<p>\u017carty na prima aprilis w domu, testy ma\u0142y ksi\u0105\u017ce, imie pola, zaj\u0119cia wielkanocne dla dzieci, imie lilianna, borys imi\u0119, w zieleni \u0142\u0105ka majowa tekst<\/p>\n<p>yyyyy<\/p>\n<p>&nbsp;<\/p>\n","protected":false},"excerpt":{"rendered":"<p>Hulajnoga JR balansowa, je\u017adzik 5w1KOLOR R\u00d3ZOWYSportowa dzieci\u0119ca hulajnoga balansowa, tr\u00f3jko\u0142owa R-SportModel JR5w 1 &#8211; PCHACZ, JE\u0179DZIK, HULAJNOGA,Hamulec, \u015awiec\u0105ce, kauczykowe ko\u0142a LEDRegulowana wysoko\u015b\u0107 kierownicy, r\u0105czki i siedzonka!Sugerowany wiek u\u017cycia:2-4 latka jako pchacz i je\u017adzik oraz 2-7 latka jako hulajnoga Hulajnoga, je\u017adzik, pchacz w jednym. 5W1. Mo\u017cna u\u017cywa\u0107 jako pchacz, je\u017adzik oraz hulajnoga!!!Hulajnoga posiada KAUCZYKOWE \u015aWIEC\u0104CE KO\u0141A [&hellip;]<\/p>\n","protected":false},"featured_media":4638,"comment_status":"closed","ping_status":"open","template":"","meta":[],"product_cat":[315,75],"product_tag":[838,676,837,814,715],"class_list":["post-4637","product","type-product","status-publish","has-post-thumbnail","hentry","product_cat-hulajnogi-dla-dzieci","product_cat-r-sport","product_tag-bajki-dla-dzieci-na-dobranoc","product_tag-bursztynek","product_tag-cicha-noc-po-angielsku","product_tag-prezenty-dla-nastolatek","product_tag-zosia-samosia"],"_links":{"self":[{"href":"http:\/\/klubmamgdynia.pl\/index.php\/wp-json\/wp\/v2\/product\/4637","targetHints":{"allow":["GET"]}}],"collection":[{"href":"http:\/\/klubmamgdynia.pl\/index.php\/wp-json\/wp\/v2\/product"}],"about":[{"href":"http:\/\/klubmamgdynia.pl\/index.php\/wp-json\/wp\/v2\/types\/product"}],"replies":[{"embeddable":true,"href":"http:\/\/klubmamgdynia.pl\/index.php\/wp-json\/wp\/v2\/comments?post=4637"}],"wp:featuredmedia":[{"embeddable":true,"href":"http:\/\/klubmamgdynia.pl\/index.php\/wp-json\/wp\/v2\/media\/4638"}],"wp:attachment":[{"href":"http:\/\/klubmamgdynia.pl\/index.php\/wp-json\/wp\/v2\/media?parent=4637"}],"wp:term":[{"taxonomy":"product_cat","embeddable":true,"href":"http:\/\/klubmamgdynia.pl\/index.php\/wp-json\/wp\/v2\/product_cat?post=4637"},{"taxonomy":"product_tag","embeddable":true,"href":"http:\/\/klubmamgdynia.pl\/index.php\/wp-json\/wp\/v2\/product_tag?post=4637"}],"curies":[{"name":"wp","href":"https:\/\/api.w.org\/{rel}","templated":true}]}}