{"id":4641,"date":"2022-10-29T09:49:44","date_gmt":"2022-10-29T07:49:44","guid":{"rendered":"http:\/\/klubmamgdynia.pl\/?post_type=product&#038;p=4641"},"modified":"2026-04-30T06:31:56","modified_gmt":"2026-04-30T04:31:56","slug":"coel-plyn-lugola-40-g","status":"publish","type":"product","link":"http:\/\/klubmamgdynia.pl\/index.php\/produkt\/coel-plyn-lugola-40-g\/","title":{"rendered":"Coel P\u0142yn Lugola 40 g"},"content":{"rendered":"<p>COEL P\u0141YN LUGOLA 40 G<\/p>\n<p>COEL P\u0141YN LUGOLA 40 GWskazania do stosowania: Roztw\u00f3r Lugola do stosowania miejscowego na sk\u00f3r\u0119, do odka\u017cania sk\u00f3ry nieuszkodzonej, otar\u0107 nask\u00f3rka, drobnych zadrapa\u0144 oraz brzeg\u00f3w ran. Przeciwwskazania: Nie stosowa\u0107 w postaci nie rozcie\u0144czonej bezpo\u015brednio na rany i oparzenia. Nie stosowa\u0107 przy nadwra\u017cliwo\u015bci na jod, nadczynno\u015bci tarczycy, gru\u017alicy p\u0142uc i niewydolno\u015bci nerek. Nie stosowa\u0107 u noworodk\u00f3w i niemowl\u0105tInterakcje: D\u0142ugotrwa\u0142e stosowanie preparatu z jodem mo\u017ce zaburza\u0107 badania czynno\u015bciowe tarczycy. Niedob\u00f3r jodu nasila, a nadmiar jodu os\u0142abia wra\u017cliwo\u015b\u0107 na leczenie nadczynno\u015bci tarczycy tyreostatykami. Nale\u017cy zatem odstawi\u0107 preparat jodowy przed i w czasie leczenia nadczynno\u015bci tarczycy. Bezwzgl\u0119dnie preparatu z jodem nie nale\u017cy stosowa\u0107 ze zwi\u0105zkami rt\u0119ci.                            <\/p>\n<p>Dzia\u0142ania niepo\u017c\u0105dane: U os\u00f3b nadwra\u017cliwych na jod mo\u017ce wyst\u0105pi\u0107 podra\u017cnienie b\u0142ony \u015bluzowej jamy nosowo \u2013 gard\u0142owej, zapalenie sk\u00f3ry z pojawieniem si\u0119 p\u0119cherzyk\u00f3w, \u015bwi\u0105dem, wrzodziej\u0105cymi nad\u017cerkami. Czasami mog\u0105 wyst\u0105pi\u0107 objawy og\u00f3lne z gor\u0105czk\u0105, wysypk\u0105, obrzmieniem w\u0119z\u0142\u00f3w ch\u0142onnych, a nawet wstrz\u0105sem gro\u017anym dla \u017cycia.Przewlek\u0142e stosowanie preparat\u00f3w z jodem mo\u017ce wywo\u0142a\u0107 nadczynno\u015b\u0107 tarczycy, tr\u0105dzik jodowy oporny na leczenie, alergi\u0119 miejscow\u0105 lub uog\u00f3lnion\u0105.Stosowanie du\u017cych dawek jodu u chorych na wole endemiczne mo\u017ce prowadzi\u0107 do tyreotoksykozy.Stosowanie w ci\u0105\u017cy i podczas karmienia piersi\u0105: Przed zastosowaniem nale\u017cy skonsultowa\u0107 si\u0119 z lekarzem. Brak danych na temat stosowania preparatu u kobiet w ci\u0105\u017cy i w okresie laktacji. Nale\u017cy unika\u0107 niekontrolowanego stosowania zwi\u0105zk\u00f3w jodu przez kobiety ci\u0119\u017carne i karmi\u0105ce piersi\u0105, w tym tak\u017ce preparat\u00f3w stosowanych miejscowo na sk\u00f3r\u0119 i b\u0142ony \u015bluzowe.\u015arodki ostro\u017cno\u015bci zwi\u0105zane ze stosowaniem: D\u0142ugotrwa\u0142e stosowanie preparatu lub stosowanie na du\u017ce powierzchnie sk\u00f3ry mo\u017ce by\u0107 przyczyn\u0105 nadczynno\u015bci tarczycy u pacjent\u00f3w z utajonymi zaburzeniami czynno\u015bci tarczycy (zw\u0142aszcza u pacjent\u00f3w w wieku starszym). Spos\u00f3b stosowania i droga podania: W celu odka\u017cenia sk\u00f3ry nieuszkodzonej stosowa\u0107 roztw\u00f3r nie rozcie\u0144czony. Zmienione chorobowo miejsce nale\u017cy p\u0119dzlowa\u0107 lub przemy\u0107 sterylnym gazikiem nas\u0105czonym roztworem.<\/p>\n<h2>Coel P\u0142yn Lugola 40 g Coel<\/h2>\n<p>cytaty o dzieciach i rodzicach, kwiatek kwiaty do druku szablony, oskar imi\u0119, mi\u015b z filmu animowanego, gotowe zaproszenia na urodziny do wydrukowania, test z lektury kajko i kokosz, prezent na roczek nie zabawka, kolorowanka do druku super zings, kolorowanka pikachu, wystawy dla dzieci warszawa, prezenty dla nastolatka, atrakcje dla dzieci wroc\u0142aw i okolice<\/p>\n<p>yyyyy<\/p>\n<p>&nbsp;<\/p>\n","protected":false},"excerpt":{"rendered":"<p>COEL P\u0141YN LUGOLA 40 G COEL P\u0141YN LUGOLA 40 GWskazania do stosowania: Roztw\u00f3r Lugola do stosowania miejscowego na sk\u00f3r\u0119, do odka\u017cania sk\u00f3ry nieuszkodzonej, otar\u0107 nask\u00f3rka, drobnych zadrapa\u0144 oraz brzeg\u00f3w ran. Przeciwwskazania: Nie stosowa\u0107 w postaci nie rozcie\u0144czonej bezpo\u015brednio na rany i oparzenia. Nie stosowa\u0107 przy nadwra\u017cliwo\u015bci na jod, nadczynno\u015bci tarczycy, gru\u017alicy p\u0142uc i niewydolno\u015bci nerek. [&hellip;]<\/p>\n","protected":false},"featured_media":4642,"comment_status":"closed","ping_status":"open","template":"","meta":[],"product_cat":[1248,1249],"product_tag":[671,697,596,579,629,869],"class_list":["post-4641","product","type-product","status-publish","has-post-thumbnail","hentry","product_cat-coel","product_cat-preparaty-medycyny-naturalnej","product_tag-cicha-noc-po-angielsku-tekst","product_tag-krotkie-bajki-do-czytania","product_tag-pomysly-na-prima-aprilis","product_tag-quiz-opowiesci-z-narnii-lew-czarownica-i-stara-szafa","product_tag-smieszne-zagadki-z-odpowiedziami","product_tag-zagadki-na-logike"],"_links":{"self":[{"href":"http:\/\/klubmamgdynia.pl\/index.php\/wp-json\/wp\/v2\/product\/4641","targetHints":{"allow":["GET"]}}],"collection":[{"href":"http:\/\/klubmamgdynia.pl\/index.php\/wp-json\/wp\/v2\/product"}],"about":[{"href":"http:\/\/klubmamgdynia.pl\/index.php\/wp-json\/wp\/v2\/types\/product"}],"replies":[{"embeddable":true,"href":"http:\/\/klubmamgdynia.pl\/index.php\/wp-json\/wp\/v2\/comments?post=4641"}],"wp:featuredmedia":[{"embeddable":true,"href":"http:\/\/klubmamgdynia.pl\/index.php\/wp-json\/wp\/v2\/media\/4642"}],"wp:attachment":[{"href":"http:\/\/klubmamgdynia.pl\/index.php\/wp-json\/wp\/v2\/media?parent=4641"}],"wp:term":[{"taxonomy":"product_cat","embeddable":true,"href":"http:\/\/klubmamgdynia.pl\/index.php\/wp-json\/wp\/v2\/product_cat?post=4641"},{"taxonomy":"product_tag","embeddable":true,"href":"http:\/\/klubmamgdynia.pl\/index.php\/wp-json\/wp\/v2\/product_tag?post=4641"}],"curies":[{"name":"wp","href":"https:\/\/api.w.org\/{rel}","templated":true}]}}