{"id":4645,"date":"2016-04-29T00:31:53","date_gmt":"2016-04-28T22:31:53","guid":{"rendered":"http:\/\/klubmamgdynia.pl\/index.php\/produkt\/fotelik-samochodowy-cybex-sirona-s2-i-size-0-18-kg-beach-blue-2022\/"},"modified":"2026-04-18T23:02:30","modified_gmt":"2026-04-18T21:02:30","slug":"fotelik-samochodowy-cybex-sirona-s2-i-size-0-18-kg-beach-blue-2022","status":"publish","type":"product","link":"http:\/\/klubmamgdynia.pl\/index.php\/produkt\/fotelik-samochodowy-cybex-sirona-s2-i-size-0-18-kg-beach-blue-2022\/","title":{"rendered":"Fotelik samochodowy Cybex Sirona S2 I-Size 0-18 Kg Beach Blue 2022"},"content":{"rendered":"<p>Sirona S2 I-Size to najnowsza propozycja z serii Cybex Sirona. Nale\u017cy do kategorii wagowej 0-18kg, tzn. \u017ce mo\u017cemy w niej przewozi\u0107 dzieci od urodzenia do osi\u0105gni\u0119cia wagi 18kg (fotelik przeznaczony jest dla maluch\u00f3w od 61-105 cm, przewo\u017cenie od). Daje to oko\u0142o 4 lat u\u017cytkowania &#8211; warto wi\u0119c wybra\u0107 fotelik zapewniaj\u0105cy bezpiecze\u0144stwo w ka\u017cdych warunkach. Aby zachowa\u0107 komfortow\u0105 podr\u00f3\u017c zar\u00f3wno dla noworodka, jak i czterolatka, potrzebne s\u0105 rozwi\u0105zania dostosowuj\u0105ce siedzisko do rozmiar\u00f3w dziecka.Dwa kierunki do wyboruFotelik Sirona S2 I-size umo\u017cliwia przewo\u017cenie dzieci ty\u0142em do kierunku jazdy a\u017c do ok. 4 roku \u017cycia! Takie u\u0142o\u017cenie zapewnia roz\u0142o\u017cenie przeci\u0105\u017ce\u0144 na znacznie wi\u0119ksz\u0105 powierzchni\u0119 cia\u0142a u\u017cytkownika, co skutkuje m.in. a\u017c o 80% mniejszym ryzykiem odniesienia obra\u017ce\u0144 podczas zderzenia czo\u0142owego (wyniki bada\u0144 Szwedzkiego Instytutu Bada\u0144 Drogowych). Gdy dziecko zacznie gorzej znosi\u0107 jazd\u0119 ty\u0142em &#8211; w ka\u017cdej chwili mo\u017cemy obr\u00f3ci\u0107 siedzisko do pozycji przodem do kierunku jazdy. Jazda przodem zalecana jest od momentu, w kt\u00f3rym u\u017cytkownik osi\u0105gnie wzrost 76cm.Obr\u00f3t o 360\u00b0Fotelik Sirona S2 I-size posiada innowacyjny system umo\u017cliwiaj\u0105cy obr\u00f3t siedziska dooko\u0142a w\u0142asnej osi. Rodzic mo\u017ce okr\u0119ci\u0107 siedzisko przodem do drzwi i swobodnie umie\u015bci\u0107 maluszka w foteliku oraz zapi\u0105\u0107 pasy bezpiecze\u0144stwa, co znacznie u\u0142atwia korzystanie i podnosi komfort u\u017cytkowania.Fotelik, kt\u00f3ry ro\u015bnie razem z dzieckiemDzi\u0119ki p\u0142ynnej, 12-stopniowej regulacji zag\u0142\u00f3wka mamy pewno\u015b\u0107, \u017ce zawsze b\u0119dzie znajdowa\u0142 si\u0119 na odpowiedniej wysoko\u015bci. R\u00f3wnocze\u015bnie zmienia si\u0119 r\u00f3wnie\u017c wysoko\u015b\u0107 pas\u00f3w, gwarantuj\u0105c prawid\u0142owe u\u0142o\u017cenie na ramionach i klatce piersiowej.Regulowane oparcieJedn\u0105 r\u0119k\u0105, w prosty spos\u00f3b mo\u017cemy dowolnie zmienia\u0107 k\u0105t nachylenia oparcia, pozwalaj\u0105c dziecku na wygodn\u0105 drzemk\u0119 w samochodzie. Do dyspozycji mamy a\u017c 5 pozycji przy dowolnym kierunku jazdy Technologia rozpraszaj\u0105ca energi\u0119Specjalna technologii ER-Tech zastosowana w fotelu Sirona S2 I-Size zwi\u0119ksza bezpiecze\u0144stwo dziecka w przypadku uderze\u0144 czo\u0142owych- zmniejszaj\u0105c jednocze\u015bnie obci\u0105\u017cenie dzia\u0142aj\u0105ce na szyj\u0119.Z\u0142\u0105cza IsofixSystem monta\u017cu na isofix skutecznie stabilizuje fotelik i pozwala na efektywniejsze roz\u0142o\u017cenie przeci\u0105\u017ce\u0144 w trakcie zderzenia.<\/p>\n<h2>Fotelik samochodowy Cybex Sirona S2 I-Size 0-18 Kg Beach Blue 2022 <\/h2>\n<p>\u017carty na prima aprilis w domu, r\u00f3\u017cne zagadki, pomys\u0142y na prezent dla nastolatk\u00f3w, ozdoby wielkanocne z dzie\u0107mi, p\u0142ywalnie warszawa, zagadki o zawodach, \u017carty na prima aprilis dla mamy, laurka dla mamy rysunek, sentencje na dzie\u0144 nauczyciela, dziecko cytaty, zabawki na roczek dla ch\u0142opca, warszawa z dzieckiem, literki do pisania do druku, kolorowanki disney, \u017cyczenia na lany poniedzia\u0142ek wielkanocny, quiz o polsce dla dzieci, piosenka na dzie\u0144 mamy tekst, carmen imi\u0119, zagadki \u015bmieszne z odpowiedziami<\/p>\n<p>yyyyy<\/p>\n<p>&nbsp;<\/p>\n","protected":false},"excerpt":{"rendered":"<p>Sirona S2 I-Size to najnowsza propozycja z serii Cybex Sirona. Nale\u017cy do kategorii wagowej 0-18kg, tzn. \u017ce mo\u017cemy w niej przewozi\u0107 dzieci od urodzenia do osi\u0105gni\u0119cia wagi 18kg (fotelik przeznaczony jest dla maluch\u00f3w od 61-105 cm, przewo\u017cenie od). Daje to oko\u0142o 4 lat u\u017cytkowania &#8211; warto wi\u0119c wybra\u0107 fotelik zapewniaj\u0105cy bezpiecze\u0144stwo w ka\u017cdych warunkach. Aby [&hellip;]<\/p>\n","protected":false},"featured_media":4646,"comment_status":"closed","ping_status":"open","template":"","meta":[],"product_cat":[32],"product_tag":[817,598,622,639,695,737],"class_list":["post-4645","product","type-product","status-publish","has-post-thumbnail","hentry","product_cat-foteliki-samochodowe","product_tag-bajka-terapeutyczna-o-emocjach","product_tag-co-na-roczek-dla-dziewczynki","product_tag-fajne-zagadki","product_tag-nela-imie","product_tag-rzadkie-imiona-zenskie","product_tag-test-z-lektury-felix-net-i-nika-oraz-gang-niewidzialnych-ludzi"],"_links":{"self":[{"href":"http:\/\/klubmamgdynia.pl\/index.php\/wp-json\/wp\/v2\/product\/4645","targetHints":{"allow":["GET"]}}],"collection":[{"href":"http:\/\/klubmamgdynia.pl\/index.php\/wp-json\/wp\/v2\/product"}],"about":[{"href":"http:\/\/klubmamgdynia.pl\/index.php\/wp-json\/wp\/v2\/types\/product"}],"replies":[{"embeddable":true,"href":"http:\/\/klubmamgdynia.pl\/index.php\/wp-json\/wp\/v2\/comments?post=4645"}],"wp:featuredmedia":[{"embeddable":true,"href":"http:\/\/klubmamgdynia.pl\/index.php\/wp-json\/wp\/v2\/media\/4646"}],"wp:attachment":[{"href":"http:\/\/klubmamgdynia.pl\/index.php\/wp-json\/wp\/v2\/media?parent=4645"}],"wp:term":[{"taxonomy":"product_cat","embeddable":true,"href":"http:\/\/klubmamgdynia.pl\/index.php\/wp-json\/wp\/v2\/product_cat?post=4645"},{"taxonomy":"product_tag","embeddable":true,"href":"http:\/\/klubmamgdynia.pl\/index.php\/wp-json\/wp\/v2\/product_tag?post=4645"}],"curies":[{"name":"wp","href":"https:\/\/api.w.org\/{rel}","templated":true}]}}