{"id":4647,"date":"2019-08-09T07:03:52","date_gmt":"2019-08-09T05:03:52","guid":{"rendered":"http:\/\/klubmamgdynia.pl\/index.php\/produkt\/fotelik-samochodowy-cybex-pallas-g-i-size-9-50-kg-autumn-gold\/"},"modified":"2026-04-30T11:24:27","modified_gmt":"2026-04-30T09:24:27","slug":"fotelik-samochodowy-cybex-pallas-g-i-size-9-50-kg-autumn-gold","status":"publish","type":"product","link":"http:\/\/klubmamgdynia.pl\/index.php\/produkt\/fotelik-samochodowy-cybex-pallas-g-i-size-9-50-kg-autumn-gold\/","title":{"rendered":"Fotelik samochodowy Cybex Pallas G I-Size 9-50 Kg Autumn Gold"},"content":{"rendered":"<h2>Fotelik samochodowy Cybex Pallas G I-Size 9-50 Kg Autumn Gold Cybex<\/h2>\n<p>co kupi\u0107 ch\u0142opcu na roczek, menu urodzinowe dla dzieci w wieku 8 10 lat, gad\u017cety dla nastolatka, rodzina sentencja, \u015bmieszne zagadki dla dzieci 10 lat, zagadki dla rodziny, kolorowanki lego ninjago, weso\u0142e pisanki tekst piosenki, imie iwo, pies rysunek, test czerwone krzes\u0142o, teksty o rodzinie, prezenty na dzie\u0144 dziecka dla nastolatk\u00f3w, kuba imi\u0119, peppa do czytania, swinka peppa do czytania, sentencja rodzina, imi\u0119 iwo, imi\u0119 leon, zagadki wielkanocne do druku, kolorowanki do druku super zings<\/p>\n<p>yyyyy<\/p>\n<p>&nbsp;<\/p>\n","protected":false},"excerpt":{"rendered":"<p>Fotelik samochodowy Cybex Pallas G I-Size 9-50 Kg Autumn Gold Cybex co kupi\u0107 ch\u0142opcu na roczek, menu urodzinowe dla dzieci w wieku 8 10 lat, gad\u017cety dla nastolatka, rodzina sentencja, \u015bmieszne zagadki dla dzieci 10 lat, zagadki dla rodziny, kolorowanki lego ninjago, weso\u0142e pisanki tekst piosenki, imie iwo, pies rysunek, test czerwone krzes\u0142o, teksty o [&hellip;]<\/p>\n","protected":false},"featured_media":4648,"comment_status":"closed","ping_status":"open","template":"","meta":[],"product_cat":[34,32],"product_tag":[871,685,645,602],"class_list":["post-4647","product","type-product","status-publish","has-post-thumbnail","hentry","product_cat-cybex","product_cat-foteliki-samochodowe","product_tag-bajka-o-smoku-wawelskim","product_tag-cytaty-o-rodzinie","product_tag-latwe-zagadki","product_tag-quiz-o-zwierzetach-domowych"],"_links":{"self":[{"href":"http:\/\/klubmamgdynia.pl\/index.php\/wp-json\/wp\/v2\/product\/4647","targetHints":{"allow":["GET"]}}],"collection":[{"href":"http:\/\/klubmamgdynia.pl\/index.php\/wp-json\/wp\/v2\/product"}],"about":[{"href":"http:\/\/klubmamgdynia.pl\/index.php\/wp-json\/wp\/v2\/types\/product"}],"replies":[{"embeddable":true,"href":"http:\/\/klubmamgdynia.pl\/index.php\/wp-json\/wp\/v2\/comments?post=4647"}],"wp:featuredmedia":[{"embeddable":true,"href":"http:\/\/klubmamgdynia.pl\/index.php\/wp-json\/wp\/v2\/media\/4648"}],"wp:attachment":[{"href":"http:\/\/klubmamgdynia.pl\/index.php\/wp-json\/wp\/v2\/media?parent=4647"}],"wp:term":[{"taxonomy":"product_cat","embeddable":true,"href":"http:\/\/klubmamgdynia.pl\/index.php\/wp-json\/wp\/v2\/product_cat?post=4647"},{"taxonomy":"product_tag","embeddable":true,"href":"http:\/\/klubmamgdynia.pl\/index.php\/wp-json\/wp\/v2\/product_tag?post=4647"}],"curies":[{"name":"wp","href":"https:\/\/api.w.org\/{rel}","templated":true}]}}