{"id":4649,"date":"2013-02-20T08:57:28","date_gmt":"2013-02-20T07:57:28","guid":{"rendered":"http:\/\/klubmamgdynia.pl\/index.php\/produkt\/fotelik-samochodowy-fotelik-capri-obrotowy-360-0-36-kg-summer-baby\/"},"modified":"2026-05-17T22:40:01","modified_gmt":"2026-05-17T20:40:01","slug":"fotelik-samochodowy-fotelik-capri-obrotowy-360-0-36-kg-summer-baby","status":"publish","type":"product","link":"http:\/\/klubmamgdynia.pl\/index.php\/produkt\/fotelik-samochodowy-fotelik-capri-obrotowy-360-0-36-kg-summer-baby\/","title":{"rendered":"Fotelik samochodowy Fotelik Capri obrotowy 360\u00b0 0-36 kg Summer Baby"},"content":{"rendered":"<p>Fotelik samochodowy marki Summer Baby Model CAPRI 0 &#8211; 36 kg. z funkcj\u0105 obrotu 360\u00b0oraz daszkiem dla dzieci od 0 do lat 12 o masie cia\u0142a do 36kg Grupa 0+, I, II, IIIDOST\u0118PNE KOLORY FOTELIK\u00d3W CAPRI :SZARYNIEBIESKICZERWONYPO DOKONANIU ZAKUPU PROSZ\u0118 WYBRA\u0106 KOLOR FOTELIKA W CELU REALIZACJI ZAM\u00d3WIENIA.Wymiary :Funkcja obrotu o 360\u00b0.Fotelik przeznaczony dla dzieci od 0 do 36 kg oraz wieku od 0 do 12 lat.1. 0-13 kg wiek od 0 do oko\u0142o 15 miesi\u0119cy.2. 9-18 kg wiek od 9 miesi\u0119cy do oko\u0142o 4 lat.3. 15-36 kg wiek od 3lat do oko\u0142o 12 lat.CERTYFIKAT T\u00dcV S\u00dcD:Fotelik posiada certyfikat T\u00dcV S\u00dcD renomowanej instytucji potwierdzaj\u0105cy bezpiecze\u0144stwo , niezawodno\u015b\u0107 i jako\u015b\u0107 wykonania na najwy\u017cszym poziomie.Dodatkowe boczne zabezpieczenia.NOWO\u015a\u0106 2021 &#8211; MODEL CAPRIODDYCHAJ\u0104CY MATERIA\u0141 + WZMOCNIENIA BOCZNE + ISOFIX + PAS TOP TETHER + certyfikatu T\u00dcV &#8211; S\u00dcD = komfort i bezpiecze\u0144stwo , niezawodno\u015b\u0107 i jako\u015b\u0107 wykonania na najwy\u017cszym poziomie.Fotelik posiada TOP TETHER czyli g\u00f3rny pasek mocuj\u0105cy (top tether) jest trzecim punktem zamocowania dla system\u00f3w LATCH, LUAS i ISOFIX. Pas ten zamocowany do punkt\u00f3w kotwiczenia w samochodzie i mocno naci\u0105gni\u0119ty, przeciwdzia\u0142a obrotowi fotelika zapi\u0119tego na mocowaniach ISOFIX.ISOFIX &#8211; wielkim atutem jest mo\u017cliwo\u015b\u0107 monta\u017cu fotelika z systemem mocowania ISOFIX,. To rozwi\u0105zanie daje jeszcze wi\u0119ksze bezpiecze\u0144stwo i stabilno\u015b\u0107 fotelika.REGULACJA OPARCIA &#8211; pozwala na ustawienie oparcia fotelika pod r\u00f3\u017cnymi k\u0105tami. Oparcie regulowane w kilku pozycjach.REGULACJA ZAG\u0141\u00d3WKAFotelik posiada 5-cio punktowe pasy bezpiecze\u0144stwa zapewniaj\u0105ce niesamowit\u0105 ochron\u0119 dla dziecka! Dzi\u0119ki nim Ty i Twoje dziecko b\u0119dziecie czuli bezpiecze\u0144stwo i komfort w trakcie podr\u00f3\u017cy.Do ka\u017cdego fotelika do\u0142\u0105czona jest instrukcja monta\u017cu fotelika w j\u0119zyku polskim.5 STOPNIOWA REGULACJA OPARCIA &#8211; pozwala na ustawienie oparcia fotelika pod r\u00f3\u017cnymi k\u0105tami. Oparcie regulowane w 5 pozycjach, 3 pozycje przodem do kierunku jazdy , oraz 1 pozycja ty\u0142em do kierunku jazdy.Fotelik posiada 5-cio punktowe pasy bezpiecze\u0144stwa zapewniaj\u0105ce niesamowit\u0105 ochron\u0119 dla dziecka! Dzi\u0119ki nim Ty i Twoje dziecko b\u0119dziecie czuli bezpiecze\u0144stwo i komfort w trakcie podr\u00f3\u017cy.System mocowania Isofix. Pas Top Tether.<\/p>\n<h2>Fotelik samochodowy Fotelik Capri obrotowy 360\u00b0 0-36 kg Summer Baby Summer Baby<\/h2>\n<p>\u017cyczenia na lany poniedzia\u0142ek wielkanocny, uk\u0142ad s\u0142oneczny do druku, imi\u0119 pola, zagadka nie do rozwi\u0105zania, dzieci z bullerbyn quiz, walentynka dla c\u00f3rki, m\u0105dre \u017cyczenia \u015bwi\u0105teczne, znaczenie imienia marcel<\/p>\n<p>yyyyy<\/p>\n<p>&nbsp;<\/p>\n","protected":false},"excerpt":{"rendered":"<p>Fotelik samochodowy marki Summer Baby Model CAPRI 0 &#8211; 36 kg. z funkcj\u0105 obrotu 360\u00b0oraz daszkiem dla dzieci od 0 do lat 12 o masie cia\u0142a do 36kg Grupa 0+, I, II, IIIDOST\u0118PNE KOLORY FOTELIK\u00d3W CAPRI :SZARYNIEBIESKICZERWONYPO DOKONANIU ZAKUPU PROSZ\u0118 WYBRA\u0106 KOLOR FOTELIKA W CELU REALIZACJI ZAM\u00d3WIENIA.Wymiary :Funkcja obrotu o 360\u00b0.Fotelik przeznaczony dla dzieci od [&hellip;]<\/p>\n","protected":false},"featured_media":4650,"comment_status":"closed","ping_status":"open","template":"","meta":[],"product_cat":[32,486],"product_tag":[722,667,584,629,737,714,635],"class_list":["post-4649","product","type-product","status-publish","has-post-thumbnail","hentry","product_cat-foteliki-samochodowe","product_cat-summer-baby","product_tag-cytaty-o-przyjazni","product_tag-kolorowanka-lol","product_tag-liwia","product_tag-smieszne-zagadki-z-odpowiedziami","product_tag-test-z-lektury-felix-net-i-nika-oraz-gang-niewidzialnych-ludzi","product_tag-zagadki-logiczne","product_tag-znaki-drogowe-do-druku"],"_links":{"self":[{"href":"http:\/\/klubmamgdynia.pl\/index.php\/wp-json\/wp\/v2\/product\/4649","targetHints":{"allow":["GET"]}}],"collection":[{"href":"http:\/\/klubmamgdynia.pl\/index.php\/wp-json\/wp\/v2\/product"}],"about":[{"href":"http:\/\/klubmamgdynia.pl\/index.php\/wp-json\/wp\/v2\/types\/product"}],"replies":[{"embeddable":true,"href":"http:\/\/klubmamgdynia.pl\/index.php\/wp-json\/wp\/v2\/comments?post=4649"}],"wp:featuredmedia":[{"embeddable":true,"href":"http:\/\/klubmamgdynia.pl\/index.php\/wp-json\/wp\/v2\/media\/4650"}],"wp:attachment":[{"href":"http:\/\/klubmamgdynia.pl\/index.php\/wp-json\/wp\/v2\/media?parent=4649"}],"wp:term":[{"taxonomy":"product_cat","embeddable":true,"href":"http:\/\/klubmamgdynia.pl\/index.php\/wp-json\/wp\/v2\/product_cat?post=4649"},{"taxonomy":"product_tag","embeddable":true,"href":"http:\/\/klubmamgdynia.pl\/index.php\/wp-json\/wp\/v2\/product_tag?post=4649"}],"curies":[{"name":"wp","href":"https:\/\/api.w.org\/{rel}","templated":true}]}}