{"id":4655,"date":"2015-07-07T12:41:52","date_gmt":"2015-07-07T10:41:52","guid":{"rendered":"http:\/\/klubmamgdynia.pl\/index.php\/produkt\/gazelo-badminton-zestaw-z5379\/"},"modified":"2026-05-17T22:37:48","modified_gmt":"2026-05-17T20:37:48","slug":"gazelo-badminton-zestaw-z5379","status":"publish","type":"product","link":"http:\/\/klubmamgdynia.pl\/index.php\/produkt\/gazelo-badminton-zestaw-z5379\/","title":{"rendered":"Gazelo Badminton zestaw Z5379"},"content":{"rendered":"<p>Zestaw do badmintona (drewniane rakietki z lotk\u0105). R\u0105czki posiadaj\u0105 antypo\u015blizgow\u0105 powierzchni\u0119. Mi\u0119dzy obr\u0119cz\u0105 rakietki rozci\u0105gni\u0119ta jest siatka utworzona z linek. Dzi\u0119ki temu, \u017ce zosta\u0142a odpowiednio napr\u0119\u017cona, dost\u0119pna w zestawie lotka dobrze si\u0119 od niej odbija. Zabawki s\u0105 lekkie, dzi\u0119ki temu mo\u017ce si\u0119 nimi bawi\u0107 nawet ma\u0142e dziecko.Wymiary opakowania: 20x4x66cm&#8230;<\/p>\n<h2>Gazelo Badminton zestaw Z5379 Gazelo<\/h2>\n<p>znaczenie imiona kinga, postacie z bajek kolorowanki, kawaly na prima aprilis, ekskluzywny prezent na roczek, atrakcje dla dzieci wroc\u0142aw i okolice, gdzie strumyk p\u0142ynie z wolna, co na roczek dla dziewczynki, kr\u00f3tkie \u017cyczenia wielkanocne dla dzieci, karty pracy dla dzieci z ukrainy pdf, prezent dla rocznej dziewczynki, prezent dla 15 latki 2021<\/p>\n<p>yyyyy<\/p>\n<p>&nbsp;<\/p>\n","protected":false},"excerpt":{"rendered":"<p>Zestaw do badmintona (drewniane rakietki z lotk\u0105). R\u0105czki posiadaj\u0105 antypo\u015blizgow\u0105 powierzchni\u0119. Mi\u0119dzy obr\u0119cz\u0105 rakietki rozci\u0105gni\u0119ta jest siatka utworzona z linek. Dzi\u0119ki temu, \u017ce zosta\u0142a odpowiednio napr\u0119\u017cona, dost\u0119pna w zestawie lotka dobrze si\u0119 od niej odbija. Zabawki s\u0105 lekkie, dzi\u0119ki temu mo\u017ce si\u0119 nimi bawi\u0107 nawet ma\u0142e dziecko.Wymiary opakowania: 20x4x66cm&#8230; Gazelo Badminton zestaw Z5379 Gazelo znaczenie [&hellip;]<\/p>\n","protected":false},"featured_media":4656,"comment_status":"closed","ping_status":"open","template":"","meta":[],"product_cat":[1213,1251],"product_tag":[792,617,584,735],"class_list":["post-4655","product","type-product","status-publish","has-post-thumbnail","hentry","product_cat-gazelo","product_cat-rakietki-do-badmintona","product_tag-cytaty-o-mamie","product_tag-keyword","product_tag-liwia","product_tag-prezent-na-roczek-dziewczynka"],"_links":{"self":[{"href":"http:\/\/klubmamgdynia.pl\/index.php\/wp-json\/wp\/v2\/product\/4655","targetHints":{"allow":["GET"]}}],"collection":[{"href":"http:\/\/klubmamgdynia.pl\/index.php\/wp-json\/wp\/v2\/product"}],"about":[{"href":"http:\/\/klubmamgdynia.pl\/index.php\/wp-json\/wp\/v2\/types\/product"}],"replies":[{"embeddable":true,"href":"http:\/\/klubmamgdynia.pl\/index.php\/wp-json\/wp\/v2\/comments?post=4655"}],"wp:featuredmedia":[{"embeddable":true,"href":"http:\/\/klubmamgdynia.pl\/index.php\/wp-json\/wp\/v2\/media\/4656"}],"wp:attachment":[{"href":"http:\/\/klubmamgdynia.pl\/index.php\/wp-json\/wp\/v2\/media?parent=4655"}],"wp:term":[{"taxonomy":"product_cat","embeddable":true,"href":"http:\/\/klubmamgdynia.pl\/index.php\/wp-json\/wp\/v2\/product_cat?post=4655"},{"taxonomy":"product_tag","embeddable":true,"href":"http:\/\/klubmamgdynia.pl\/index.php\/wp-json\/wp\/v2\/product_tag?post=4655"}],"curies":[{"name":"wp","href":"https:\/\/api.w.org\/{rel}","templated":true}]}}