{"id":4657,"date":"2011-12-02T18:25:17","date_gmt":"2011-12-02T17:25:17","guid":{"rendered":"http:\/\/klubmamgdynia.pl\/index.php\/produkt\/fotelik-samochodowy-cybex-cloud-z2-i-size-0-13kg-river-blue\/"},"modified":"2026-04-24T05:17:05","modified_gmt":"2026-04-24T03:17:05","slug":"fotelik-samochodowy-cybex-cloud-z2-i-size-0-13kg-river-blue","status":"publish","type":"product","link":"http:\/\/klubmamgdynia.pl\/index.php\/produkt\/fotelik-samochodowy-cybex-cloud-z2-i-size-0-13kg-river-blue\/","title":{"rendered":"Fotelik samochodowy Cybex Cloud Z2 I Size 0 13Kg River Blue"},"content":{"rendered":"<h2>Fotelik samochodowy Cybex Cloud Z2 I Size 0 13Kg River Blue Cybex<\/h2>\n<p>zaproszenia urodzinowe do druku, co kupi\u0107 nastolatce na \u015bwi\u0119ta, prezent na roczek od babci, myszka miki kolorowanka, ksi\u0105\u017cka dla dzieci online, halloween dla dzieci warszawa 2021, rysunki dla pocz\u0105tkuj\u0105cych, wzory dyplom\u00f3w do pobrania, prima aprilis \u017carty dla rodzic\u00f3w, znaki drogowe do druku, prezent dla trzynastolatki, znaczenie imiona monika, pokemon do druku, karty pracy dla dzieci z ukrainy do druku<\/p>\n<p>yyyyy<\/p>\n<p>&nbsp;<\/p>\n","protected":false},"excerpt":{"rendered":"<p>Fotelik samochodowy Cybex Cloud Z2 I Size 0 13Kg River Blue Cybex zaproszenia urodzinowe do druku, co kupi\u0107 nastolatce na \u015bwi\u0119ta, prezent na roczek od babci, myszka miki kolorowanka, ksi\u0105\u017cka dla dzieci online, halloween dla dzieci warszawa 2021, rysunki dla pocz\u0105tkuj\u0105cych, wzory dyplom\u00f3w do pobrania, prima aprilis \u017carty dla rodzic\u00f3w, znaki drogowe do druku, prezent [&hellip;]<\/p>\n","protected":false},"featured_media":4658,"comment_status":"closed","ping_status":"open","template":"","meta":[],"product_cat":[34,32],"product_tag":[650,761,667,613,635],"class_list":["post-4657","product","type-product","status-publish","has-post-thumbnail","hentry","product_cat-cybex","product_cat-foteliki-samochodowe","product_tag-choinka-z-bibuly","product_tag-choinko-piekna-jak-las-tekst","product_tag-kolorowanka-lol","product_tag-na-wyspach-bergamutach","product_tag-znaki-drogowe-do-druku"],"_links":{"self":[{"href":"http:\/\/klubmamgdynia.pl\/index.php\/wp-json\/wp\/v2\/product\/4657","targetHints":{"allow":["GET"]}}],"collection":[{"href":"http:\/\/klubmamgdynia.pl\/index.php\/wp-json\/wp\/v2\/product"}],"about":[{"href":"http:\/\/klubmamgdynia.pl\/index.php\/wp-json\/wp\/v2\/types\/product"}],"replies":[{"embeddable":true,"href":"http:\/\/klubmamgdynia.pl\/index.php\/wp-json\/wp\/v2\/comments?post=4657"}],"wp:featuredmedia":[{"embeddable":true,"href":"http:\/\/klubmamgdynia.pl\/index.php\/wp-json\/wp\/v2\/media\/4658"}],"wp:attachment":[{"href":"http:\/\/klubmamgdynia.pl\/index.php\/wp-json\/wp\/v2\/media?parent=4657"}],"wp:term":[{"taxonomy":"product_cat","embeddable":true,"href":"http:\/\/klubmamgdynia.pl\/index.php\/wp-json\/wp\/v2\/product_cat?post=4657"},{"taxonomy":"product_tag","embeddable":true,"href":"http:\/\/klubmamgdynia.pl\/index.php\/wp-json\/wp\/v2\/product_tag?post=4657"}],"curies":[{"name":"wp","href":"https:\/\/api.w.org\/{rel}","templated":true}]}}