{"id":4659,"date":"2021-11-01T09:36:53","date_gmt":"2021-11-01T08:36:53","guid":{"rendered":"http:\/\/klubmamgdynia.pl\/index.php\/produkt\/malplay-wozek-sklepowy-duzy-koszyk-na-zakupy-produkty-niebieski-zabawka\/"},"modified":"2026-04-26T23:22:17","modified_gmt":"2026-04-26T21:22:17","slug":"malplay-wozek-sklepowy-duzy-koszyk-na-zakupy-produkty-niebieski-zabawka","status":"publish","type":"product","link":"http:\/\/klubmamgdynia.pl\/index.php\/produkt\/malplay-wozek-sklepowy-duzy-koszyk-na-zakupy-produkty-niebieski-zabawka\/","title":{"rendered":"Malplay W\u00f3zek Sklepowy Du\u017cy Koszyk Na Zakupy Produkty Niebieski &#8211; Zabawka"},"content":{"rendered":"<p>Dzieci lubi\u0105 na\u015bladowa\u0107 rodzic\u00f3w w ich &#8222;doros\u0142ych&#8221; rzeczach. Ten genialny w\u00f3zek na zakupy z akcesoriami przyda si\u0119 do ka\u017cdej zabawy w sklep.Du\u017cy, wygodny w\u00f3zek pomie\u015bci wszystkie zakupy dla ca\u0142ej rodzinki.W sk\u0142ad zestawu wchodz\u0105:-w\u00f3zek o wymiarach 52cm x 26cm x 37cm,-artyku\u0142y spo\u017cywcze, przyk\u0142adowo:owoce (pomara\u0144cze, winogrona, morele),warzywa (papryka, pomidor)mleko, p\u0142atki \u015bniadaniowe,opakowanie mro\u017conej pizza, pude\u0142ko lod\u00f3w, sok w kartoniku (wszystkie opakowania wykonane s\u0105 z ma\u0142ych karton\u00f3w, przez co wygl\u0105daj\u0105 bardzo realistycznie) oraz wiele wiele wi\u0119cej&#8230;Zabawka zapakowana w \u0142adne kolorowe pude\u0142ko, idealne na prezent.<\/p>\n<h2>Malplay W\u00f3zek Sklepowy Du\u017cy Koszyk Na Zakupy Produkty Niebieski &#8211; Zabawka Malplay<\/h2>\n<p>mini zoo mazowieckie, kolorowanka peppa, opisy do zdj\u0119\u0107 dziecka, prezenty dla nastolatek, karty pracy obrazki do wyklejania plastelin\u0105, bianka, wzruszaj\u0105ce s\u0142owa dla przyjaciela, rzadkie imiona dla dziewczynek, zagatki, kolorowanki na andrzejki do wydruku, cytaty z ma\u0142ego ksi\u0119cia o przyja\u017ani, prezent dla trzynastolatki, paula znaczenie imienia, mitologia grecka quiz, kolorowanka ksi\u0119\u017cniczka, oryginalny prezent na roczek dla dziewczynki, iwo, kolorowanki pikachu, dobranoc zimowe<\/p>\n<p>yyyyy<\/p>\n<p>&nbsp;<\/p>\n","protected":false},"excerpt":{"rendered":"<p>Dzieci lubi\u0105 na\u015bladowa\u0107 rodzic\u00f3w w ich &#8222;doros\u0142ych&#8221; rzeczach. Ten genialny w\u00f3zek na zakupy z akcesoriami przyda si\u0119 do ka\u017cdej zabawy w sklep.Du\u017cy, wygodny w\u00f3zek pomie\u015bci wszystkie zakupy dla ca\u0142ej rodzinki.W sk\u0142ad zestawu wchodz\u0105:-w\u00f3zek o wymiarach 52cm x 26cm x 37cm,-artyku\u0142y spo\u017cywcze, przyk\u0142adowo:owoce (pomara\u0144cze, winogrona, morele),warzywa (papryka, pomidor)mleko, p\u0142atki \u015bniadaniowe,opakowanie mro\u017conej pizza, pude\u0142ko lod\u00f3w, sok w [&hellip;]<\/p>\n","protected":false},"featured_media":4660,"comment_status":"closed","ping_status":"open","template":"","meta":[],"product_cat":[53,84],"product_tag":[676,792,583],"class_list":["post-4659","product","type-product","status-publish","has-post-thumbnail","hentry","product_cat-kaciki-zabaw","product_cat-malplay","product_tag-bursztynek","product_tag-cytaty-o-mamie","product_tag-kolysanki-dla-dzieci-tekst"],"_links":{"self":[{"href":"http:\/\/klubmamgdynia.pl\/index.php\/wp-json\/wp\/v2\/product\/4659","targetHints":{"allow":["GET"]}}],"collection":[{"href":"http:\/\/klubmamgdynia.pl\/index.php\/wp-json\/wp\/v2\/product"}],"about":[{"href":"http:\/\/klubmamgdynia.pl\/index.php\/wp-json\/wp\/v2\/types\/product"}],"replies":[{"embeddable":true,"href":"http:\/\/klubmamgdynia.pl\/index.php\/wp-json\/wp\/v2\/comments?post=4659"}],"wp:featuredmedia":[{"embeddable":true,"href":"http:\/\/klubmamgdynia.pl\/index.php\/wp-json\/wp\/v2\/media\/4660"}],"wp:attachment":[{"href":"http:\/\/klubmamgdynia.pl\/index.php\/wp-json\/wp\/v2\/media?parent=4659"}],"wp:term":[{"taxonomy":"product_cat","embeddable":true,"href":"http:\/\/klubmamgdynia.pl\/index.php\/wp-json\/wp\/v2\/product_cat?post=4659"},{"taxonomy":"product_tag","embeddable":true,"href":"http:\/\/klubmamgdynia.pl\/index.php\/wp-json\/wp\/v2\/product_tag?post=4659"}],"curies":[{"name":"wp","href":"https:\/\/api.w.org\/{rel}","templated":true}]}}