{"id":4665,"date":"2020-09-17T09:09:02","date_gmt":"2020-09-17T07:09:02","guid":{"rendered":"http:\/\/klubmamgdynia.pl\/index.php\/produkt\/kontext-strzalki-miekkie-piankowe-do-wyrzutni-10sztuk-70c\/"},"modified":"2026-04-04T00:15:37","modified_gmt":"2026-04-03T22:15:37","slug":"kontext-strzalki-miekkie-piankowe-do-wyrzutni-10sztuk-70c","status":"publish","type":"product","link":"http:\/\/klubmamgdynia.pl\/index.php\/produkt\/kontext-strzalki-miekkie-piankowe-do-wyrzutni-10sztuk-70c\/","title":{"rendered":"Kontext Strza\u0142ki Mi\u0119kkie Piankowe Do Wyrzutni 10Sztuk 7,0C"},"content":{"rendered":"<p>Mi\u0119kkie strza\u0142ki do wyrzutni 10sztukZestaw amunicji do wyrzutni na mi\u0119kkie pociskiStrza\u0142ki wykonane s\u0105 z tworzywa przypominaj\u0105cego piank\u0119.Ka\u017cdy pocisk zako\u0144czony jest plastikowym elementem.W sk\u0142ad zestawu wchodzi 10 pocisk\u00f3w.Wymiary:D\u0142ugo\u015b\u0107: 7cm\u015arednica: 1cmKolor: niebieski<\/p>\n<h2>Kontext Strza\u0142ki Mi\u0119kkie Piankowe Do Wyrzutni 10Sztuk 7,0C Kontext<\/h2>\n<p>\u017cyczenia wielkanocne dla dzieci kr\u00f3tkie, dobre \u017carty na prima aprilis, zagadki dla 3 latka, kolorowanki minionki, cytat na dzie\u0144 mamy, prezent na roczek nie zabawka, farma dyni poznan, nauczyciel cytaty, ida swieta wielkanocne ida swieta, zagadki dla dziewczyny, zagadki o zwierz\u0119tach, dyplomy szablony pdf, kielich z hosti\u0105 do druku, miko\u0142ajki dla dzieci warszawa 2021, zagadki dla dzieci 10-12 lat, rysowanie po \u015bladzie pdf, zagatki, eneduerabe, zagadki, aniela znaczenie imienia, kolorowanki na dzie\u0144 babci<\/p>\n<p>yyyyy<\/p>\n<p>&nbsp;<\/p>\n","protected":false},"excerpt":{"rendered":"<p>Mi\u0119kkie strza\u0142ki do wyrzutni 10sztukZestaw amunicji do wyrzutni na mi\u0119kkie pociskiStrza\u0142ki wykonane s\u0105 z tworzywa przypominaj\u0105cego piank\u0119.Ka\u017cdy pocisk zako\u0144czony jest plastikowym elementem.W sk\u0142ad zestawu wchodzi 10 pocisk\u00f3w.Wymiary:D\u0142ugo\u015b\u0107: 7cm\u015arednica: 1cmKolor: niebieski Kontext Strza\u0142ki Mi\u0119kkie Piankowe Do Wyrzutni 10Sztuk 7,0C Kontext \u017cyczenia wielkanocne dla dzieci kr\u00f3tkie, dobre \u017carty na prima aprilis, zagadki dla 3 latka, kolorowanki minionki, [&hellip;]<\/p>\n","protected":false},"featured_media":4666,"comment_status":"closed","ping_status":"open","template":"","meta":[],"product_cat":[20,40],"product_tag":[667,651,803,760],"class_list":["post-4665","product","type-product","status-publish","has-post-thumbnail","hentry","product_cat-kontext","product_cat-zabawki-militarne","product_tag-kolorowanka-lol","product_tag-quizy-online","product_tag-szlaczki-do-druku","product_tag-zagadka-matematyczna"],"_links":{"self":[{"href":"http:\/\/klubmamgdynia.pl\/index.php\/wp-json\/wp\/v2\/product\/4665","targetHints":{"allow":["GET"]}}],"collection":[{"href":"http:\/\/klubmamgdynia.pl\/index.php\/wp-json\/wp\/v2\/product"}],"about":[{"href":"http:\/\/klubmamgdynia.pl\/index.php\/wp-json\/wp\/v2\/types\/product"}],"replies":[{"embeddable":true,"href":"http:\/\/klubmamgdynia.pl\/index.php\/wp-json\/wp\/v2\/comments?post=4665"}],"wp:featuredmedia":[{"embeddable":true,"href":"http:\/\/klubmamgdynia.pl\/index.php\/wp-json\/wp\/v2\/media\/4666"}],"wp:attachment":[{"href":"http:\/\/klubmamgdynia.pl\/index.php\/wp-json\/wp\/v2\/media?parent=4665"}],"wp:term":[{"taxonomy":"product_cat","embeddable":true,"href":"http:\/\/klubmamgdynia.pl\/index.php\/wp-json\/wp\/v2\/product_cat?post=4665"},{"taxonomy":"product_tag","embeddable":true,"href":"http:\/\/klubmamgdynia.pl\/index.php\/wp-json\/wp\/v2\/product_tag?post=4665"}],"curies":[{"name":"wp","href":"https:\/\/api.w.org\/{rel}","templated":true}]}}