{"id":4667,"date":"2025-05-28T15:06:32","date_gmt":"2025-05-28T13:06:32","guid":{"rendered":"http:\/\/klubmamgdynia.pl\/?post_type=product&#038;p=4667"},"modified":"2026-04-26T13:11:39","modified_gmt":"2026-04-26T11:11:39","slug":"spin-master-maskotka-psi-patrol-plusz-15cm-chase","status":"publish","type":"product","link":"http:\/\/klubmamgdynia.pl\/index.php\/produkt\/spin-master-maskotka-psi-patrol-plusz-15cm-chase\/","title":{"rendered":"Spin Master Maskotka Psi Patrol plusz 15cm Chase"},"content":{"rendered":"<p>Opis: Maskotka Psi Patrol plusz 15cm ChaseNr katalogowy: 20131881Marka: Psi patrolRodzaj: BajkoweRodzaj: PieskiWymagania wiekowe: P\u0142e\u0107: Ch\u0142opcyP\u0142e\u0107: DziewczynkiKolor: Br\u0105zowyKolor: NiebieskiProdukt na baterie: NieBaterie w zestawie: NieZasilanie: Nie dotyczyWysoko\u015b\u0107: 15&#8230;<\/p>\n<h2>Spin Master Maskotka Psi Patrol plusz 15cm Chase Spin Master<\/h2>\n<p>w uk\u0142adzie s\u0142onecznym, straszne filmy dla dzieci, zagadki walentynkowe, kolorowanka anio\u0142ek, quiz bajki, piosenka dla mamy tekst, filmy rodzinne na halloween, afryka\u0144skie imiona, zagadki o bo\u017cym narodzeniu, kuba imi\u0119<\/p>\n<p>yyyyy<\/p>\n<p>&nbsp;<\/p>\n","protected":false},"excerpt":{"rendered":"<p>Opis: Maskotka Psi Patrol plusz 15cm ChaseNr katalogowy: 20131881Marka: Psi patrolRodzaj: BajkoweRodzaj: PieskiWymagania wiekowe: P\u0142e\u0107: Ch\u0142opcyP\u0142e\u0107: DziewczynkiKolor: Br\u0105zowyKolor: NiebieskiProdukt na baterie: NieBaterie w zestawie: NieZasilanie: Nie dotyczyWysoko\u015b\u0107: 15&#8230; Spin Master Maskotka Psi Patrol plusz 15cm Chase Spin Master w uk\u0142adzie s\u0142onecznym, straszne filmy dla dzieci, zagadki walentynkowe, kolorowanka anio\u0142ek, quiz bajki, piosenka dla mamy tekst, [&hellip;]<\/p>\n","protected":false},"featured_media":4668,"comment_status":"closed","ping_status":"open","template":"","meta":[],"product_cat":[42,94],"product_tag":[582,856,633],"class_list":["post-4667","product","type-product","status-publish","has-post-thumbnail","hentry","product_cat-maskotki","product_cat-spin-master","product_tag-nauka-pisania-literek-do-wydruku-pdf","product_tag-prezent-dla-16-latki","product_tag-zagadki-z-odpowiedziami"],"_links":{"self":[{"href":"http:\/\/klubmamgdynia.pl\/index.php\/wp-json\/wp\/v2\/product\/4667","targetHints":{"allow":["GET"]}}],"collection":[{"href":"http:\/\/klubmamgdynia.pl\/index.php\/wp-json\/wp\/v2\/product"}],"about":[{"href":"http:\/\/klubmamgdynia.pl\/index.php\/wp-json\/wp\/v2\/types\/product"}],"replies":[{"embeddable":true,"href":"http:\/\/klubmamgdynia.pl\/index.php\/wp-json\/wp\/v2\/comments?post=4667"}],"wp:featuredmedia":[{"embeddable":true,"href":"http:\/\/klubmamgdynia.pl\/index.php\/wp-json\/wp\/v2\/media\/4668"}],"wp:attachment":[{"href":"http:\/\/klubmamgdynia.pl\/index.php\/wp-json\/wp\/v2\/media?parent=4667"}],"wp:term":[{"taxonomy":"product_cat","embeddable":true,"href":"http:\/\/klubmamgdynia.pl\/index.php\/wp-json\/wp\/v2\/product_cat?post=4667"},{"taxonomy":"product_tag","embeddable":true,"href":"http:\/\/klubmamgdynia.pl\/index.php\/wp-json\/wp\/v2\/product_tag?post=4667"}],"curies":[{"name":"wp","href":"https:\/\/api.w.org\/{rel}","templated":true}]}}