{"id":4669,"date":"2014-12-10T09:59:49","date_gmt":"2014-12-10T08:59:49","guid":{"rendered":"http:\/\/klubmamgdynia.pl\/index.php\/produkt\/nuvita-laktator-elektryczny-trzystopniowy-materno-smart\/"},"modified":"2026-04-12T13:44:38","modified_gmt":"2026-04-12T11:44:38","slug":"nuvita-laktator-elektryczny-trzystopniowy-materno-smart","status":"publish","type":"product","link":"http:\/\/klubmamgdynia.pl\/index.php\/produkt\/nuvita-laktator-elektryczny-trzystopniowy-materno-smart\/","title":{"rendered":"Nuvita Laktator Elektryczny Trzystopniowy Materno Smart"},"content":{"rendered":"<p>Specjalny system modular e zastosowany do produkcji laktatora Materno Smart umo\u017cliwia przekszta\u0142cenie go w laktator podw\u00f3jny poprzez proste dodanie specjalnego zestawu, dost\u0119pnego oddzielnie. Technologia 3 krok\u00f3w Nuvita pomaga zapobiega\u0107 ryzyku obrz\u0119ku piersi Faza 1: Stymulacja Dziewi\u0119\u0107 poziom\u00f3w automatycznego masa\u017cu i stymulacji, aby przygotowa\u0107 Twoje piersi do ekstrakcji. Faza 2: Ekstrakcja Dziewi\u0119\u0107 stopni regulacji ssania z delikatnym ssaniem, kt\u00f3re na\u015bladuje dwie naturalne fazy ssania dziecka: najpierw ma\u0142e, szybkie, p\u0142ytkie karmienia w celu stymulacji; nast\u0119pnie powolne, g\u0142\u0119bokie karmienia, aby zach\u0119ci\u0107 do wi\u0119kszego wyp\u0142ywu mleka z piersi. Etap 3: Funkcja odwadniania Anti-Stasis Wybierz t\u0119 funkcj\u0119, je\u015bli uwa\u017casz, \u017ce konieczne jest wspomaganie opr\u00f3\u017cniania piersi. To pomo\u017ce Ci produkowa\u0107 wi\u0119cej mleka i zapobiegnie ryzyku obrz\u0119ku piersi lub zapalenia sutka. W zestawie znajduje si\u0119 butelka do karmienia Nuvita z wyj\u0105tkowym smoczkiem i zaworem antykolkowym w dolnej cz\u0119\u015bci, kt\u00f3ry gwarantuje, \u017ce powietrze nie miesza si\u0119 z mlekiem. \u0141adowalny akumulator litowo-jonowy zapewnia do czterech pe\u0142nych cykli pracy. \u0141aduje si\u0119 w ci\u0105gu zaledwie trzech godzin. Szczeg\u00f3\u0142y produktu: Technologia 3-fazowa 9 poziom\u00f3w intensywno\u015bci Na\u015bladuje 2 naturalne fazy ssania dziecka Pomaga zapobiega\u0107 ryzyku obrz\u0119ku piersi i mastitis Dostosowuje si\u0119 do Twoich potrzeb \u0141adowalna bateria litowa Kubek z mi\u0119kk\u0105 silikonow\u0105 podk\u0142adk\u0105 z masuj\u0105cymi i stymuluj\u0105cymi p\u0142atkami Touch &#8211; klawiatura do lepszego czyszczenia produkt\u00f3w Kompaktowy rozmiar sprawia, \u017ce nadaje si\u0119 r\u00f3wnie\u017c do podr\u00f3\u017cy<\/p>\n<h2>Nuvita Laktator Elektryczny Trzystopniowy Materno Smart <\/h2>\n<p>quiz o bo\u017cym narodzeniu, felix net i nika oraz gang niewidzialnych ludzi test z odpowiedziami, fajne \u017carty na prima aprilis, straszne filmy dla dzieci, nietypowe imiona damskie, peppa kolorowanka do druku, zagadki matematyczne dla przedszkolak\u00f3w, spiderman do druku, kolorowanki pieski, najlepsze zagadki, zabawka dla rocznej dziewczynki, kolorowanki dla dziewczyn<\/p>\n<p>yyyyy<\/p>\n<p>&nbsp;<\/p>\n","protected":false},"excerpt":{"rendered":"<p>Specjalny system modular e zastosowany do produkcji laktatora Materno Smart umo\u017cliwia przekszta\u0142cenie go w laktator podw\u00f3jny poprzez proste dodanie specjalnego zestawu, dost\u0119pnego oddzielnie. Technologia 3 krok\u00f3w Nuvita pomaga zapobiega\u0107 ryzyku obrz\u0119ku piersi Faza 1: Stymulacja Dziewi\u0119\u0107 poziom\u00f3w automatycznego masa\u017cu i stymulacji, aby przygotowa\u0107 Twoje piersi do ekstrakcji. Faza 2: Ekstrakcja Dziewi\u0119\u0107 stopni regulacji ssania z [&hellip;]<\/p>\n","protected":false},"featured_media":4670,"comment_status":"closed","ping_status":"open","template":"","meta":[],"product_cat":[1016],"product_tag":[660,753,752,689],"class_list":["post-4669","product","type-product","status-publish","has-post-thumbnail","hentry","product_cat-laktatory","product_tag-bianka","product_tag-kamila","product_tag-kuba-imie","product_tag-linda"],"_links":{"self":[{"href":"http:\/\/klubmamgdynia.pl\/index.php\/wp-json\/wp\/v2\/product\/4669","targetHints":{"allow":["GET"]}}],"collection":[{"href":"http:\/\/klubmamgdynia.pl\/index.php\/wp-json\/wp\/v2\/product"}],"about":[{"href":"http:\/\/klubmamgdynia.pl\/index.php\/wp-json\/wp\/v2\/types\/product"}],"replies":[{"embeddable":true,"href":"http:\/\/klubmamgdynia.pl\/index.php\/wp-json\/wp\/v2\/comments?post=4669"}],"wp:featuredmedia":[{"embeddable":true,"href":"http:\/\/klubmamgdynia.pl\/index.php\/wp-json\/wp\/v2\/media\/4670"}],"wp:attachment":[{"href":"http:\/\/klubmamgdynia.pl\/index.php\/wp-json\/wp\/v2\/media?parent=4669"}],"wp:term":[{"taxonomy":"product_cat","embeddable":true,"href":"http:\/\/klubmamgdynia.pl\/index.php\/wp-json\/wp\/v2\/product_cat?post=4669"},{"taxonomy":"product_tag","embeddable":true,"href":"http:\/\/klubmamgdynia.pl\/index.php\/wp-json\/wp\/v2\/product_tag?post=4669"}],"curies":[{"name":"wp","href":"https:\/\/api.w.org\/{rel}","templated":true}]}}