{"id":467,"date":"2016-03-03T01:00:31","date_gmt":"2016-03-03T00:00:31","guid":{"rendered":"http:\/\/klubmamgdynia.pl\/index.php\/produkt\/bim-bla-grzechotka-z-gryzakiem-mietowy-slonik\/"},"modified":"2026-05-17T22:29:01","modified_gmt":"2026-05-17T20:29:01","slug":"bim-bla-grzechotka-z-gryzakiem-mietowy-slonik","status":"publish","type":"product","link":"http:\/\/klubmamgdynia.pl\/index.php\/produkt\/bim-bla-grzechotka-z-gryzakiem-mietowy-slonik\/","title":{"rendered":"Bim Bla Grzechotka z gryzakiem mi\u0119towy s\u0142onik"},"content":{"rendered":"<p>Milutki s\u0142onik na drewnianej obr\u0119czy to grzechotka i gryzak w jednym. Delikatny d\u017awi\u0119k dzwoneczka zainteresuje dziecko, a gryzaczek ukoi zbola\u0142e dzi\u0105se\u0142ka.To bezpieczna zabawka dla maluszka, kt\u00f3ry potrafi chwyta\u0107. Grzechotko-gryzaczek szybko stanie si\u0119 najlepszym przyjacielem Twojego male\u0144stwa.Wymiar: 15 cmSk\u0142ad: 100% bawe\u0142na Oeko-Tex Standard 100, naturalne drewnoZasady piel\u0119gnacji: Grzechotki nie nale\u017cy pra\u0107 w pralce. W przypadku zabrudzenia nale\u017cy j\u0105 przetrze\u0107 wilgotn\u0105 szmatk\u0105 i pozostawi\u0107 do wyschni\u0119cia.<\/p>\n<h2>Bim Bla Grzechotka z gryzakiem mi\u0119towy s\u0142onik Bim Bla<\/h2>\n<p>kawa\u0142y na prima aprilis dla rodzic\u00f3w, warszawa dzieci, zagadka, opowie\u015bci z narni lew czarownica i stara szafa test, miriam imi\u0119, antystresowe mandale do druku, mandala kolorowanka<\/p>\n<p>yyyyy<\/p>\n<p>&nbsp;<\/p>\n","protected":false},"excerpt":{"rendered":"<p>Milutki s\u0142onik na drewnianej obr\u0119czy to grzechotka i gryzak w jednym. Delikatny d\u017awi\u0119k dzwoneczka zainteresuje dziecko, a gryzaczek ukoi zbola\u0142e dzi\u0105se\u0142ka.To bezpieczna zabawka dla maluszka, kt\u00f3ry potrafi chwyta\u0107. Grzechotko-gryzaczek szybko stanie si\u0119 najlepszym przyjacielem Twojego male\u0144stwa.Wymiar: 15 cmSk\u0142ad: 100% bawe\u0142na Oeko-Tex Standard 100, naturalne drewnoZasady piel\u0119gnacji: Grzechotki nie nale\u017cy pra\u0107 w pralce. W przypadku zabrudzenia [&hellip;]<\/p>\n","protected":false},"featured_media":468,"comment_status":"closed","ping_status":"open","template":"","meta":[],"product_cat":[182,63],"product_tag":[740,617,746],"class_list":["post-467","product","type-product","status-publish","has-post-thumbnail","hentry","product_cat-bim-bla","product_cat-grzechotki-i-gryzaki","product_tag-fajne-prezenty-dla-nastolatkow","product_tag-keyword","product_tag-zagadki-typu-co-to-jest"],"_links":{"self":[{"href":"http:\/\/klubmamgdynia.pl\/index.php\/wp-json\/wp\/v2\/product\/467","targetHints":{"allow":["GET"]}}],"collection":[{"href":"http:\/\/klubmamgdynia.pl\/index.php\/wp-json\/wp\/v2\/product"}],"about":[{"href":"http:\/\/klubmamgdynia.pl\/index.php\/wp-json\/wp\/v2\/types\/product"}],"replies":[{"embeddable":true,"href":"http:\/\/klubmamgdynia.pl\/index.php\/wp-json\/wp\/v2\/comments?post=467"}],"wp:featuredmedia":[{"embeddable":true,"href":"http:\/\/klubmamgdynia.pl\/index.php\/wp-json\/wp\/v2\/media\/468"}],"wp:attachment":[{"href":"http:\/\/klubmamgdynia.pl\/index.php\/wp-json\/wp\/v2\/media?parent=467"}],"wp:term":[{"taxonomy":"product_cat","embeddable":true,"href":"http:\/\/klubmamgdynia.pl\/index.php\/wp-json\/wp\/v2\/product_cat?post=467"},{"taxonomy":"product_tag","embeddable":true,"href":"http:\/\/klubmamgdynia.pl\/index.php\/wp-json\/wp\/v2\/product_tag?post=467"}],"curies":[{"name":"wp","href":"https:\/\/api.w.org\/{rel}","templated":true}]}}