{"id":4671,"date":"2024-09-01T17:25:37","date_gmt":"2024-09-01T15:25:37","guid":{"rendered":"http:\/\/klubmamgdynia.pl\/?post_type=product&#038;p=4671"},"modified":"2026-04-26T07:35:41","modified_gmt":"2026-04-26T05:35:41","slug":"barbie-akcesoria-wypoczynkowe-plaza-dxb69-dvx49","status":"publish","type":"product","link":"http:\/\/klubmamgdynia.pl\/index.php\/produkt\/barbie-akcesoria-wypoczynkowe-plaza-dxb69-dvx49\/","title":{"rendered":"Barbie Akcesoria Wypoczynkowe Pla\u017ca DXB69 Dvx49"},"content":{"rendered":"<p>MATTEL BARBIEZESTAW WYPOCZYNKOWY PLA\u017bOWYDVX49Przygotuj si\u0119 na zabaw\u0119 w s\u0142o\u0144cu z zestawem akcesori\u00f3w wypoczynkowych Barbie z do\u0142\u0105czonym zwierz\u0105tkiem! Zaplanuj idealny dzie\u0144 w plenerze i urz\u0105d\u017a relaksuj\u0105cy piknik na pla\u017cy. Nie zapomnij zabra\u0107 z sob\u0105 ukochanego zwierzaczka, kt\u00f3ry te\u017c uwielbia zabaw\u0119 w s\u0142o\u0144cu.Lalka nie jest do\u0142\u0105czona do zestawu !W zestawie:le\u017cakparasolkalod\u00f3wka podr\u00f3\u017cnakocykokularytubka kremunap\u00f3j ze s\u0142omk\u0105piesekWiek: 3+<\/p>\n<h2>Barbie Akcesoria Wypoczynkowe Pla\u017ca DXB69 Dvx49 Barbie<\/h2>\n<p>paj\u0105czek na rowerze test, okolice wroc\u0142awia atrakcje, zagatki, kr\u00f3tkie zagadki matematyczne z odpowiedziami, szlaczki literopodobne<\/p>\n<p>yyyyy<\/p>\n<p>&nbsp;<\/p>\n","protected":false},"excerpt":{"rendered":"<p>MATTEL BARBIEZESTAW WYPOCZYNKOWY PLA\u017bOWYDVX49Przygotuj si\u0119 na zabaw\u0119 w s\u0142o\u0144cu z zestawem akcesori\u00f3w wypoczynkowych Barbie z do\u0142\u0105czonym zwierz\u0105tkiem! Zaplanuj idealny dzie\u0144 w plenerze i urz\u0105d\u017a relaksuj\u0105cy piknik na pla\u017cy. Nie zapomnij zabra\u0107 z sob\u0105 ukochanego zwierzaczka, kt\u00f3ry te\u017c uwielbia zabaw\u0119 w s\u0142o\u0144cu.Lalka nie jest do\u0142\u0105czona do zestawu !W zestawie:le\u017cakparasolkalod\u00f3wka podr\u00f3\u017cnakocykokularytubka kremunap\u00f3j ze s\u0142omk\u0105piesekWiek: 3+ Barbie Akcesoria [&hellip;]<\/p>\n","protected":false},"featured_media":4672,"comment_status":"closed","ping_status":"open","template":"","meta":[],"product_cat":[172,173],"product_tag":[761,730,818,770,796],"class_list":["post-4671","product","type-product","status-publish","has-post-thumbnail","hentry","product_cat-akcesoria-dla-lalek","product_cat-barbie","product_tag-choinko-piekna-jak-las-tekst","product_tag-karyna","product_tag-oliwier","product_tag-samolot-z-papieru","product_tag-zagatki"],"_links":{"self":[{"href":"http:\/\/klubmamgdynia.pl\/index.php\/wp-json\/wp\/v2\/product\/4671","targetHints":{"allow":["GET"]}}],"collection":[{"href":"http:\/\/klubmamgdynia.pl\/index.php\/wp-json\/wp\/v2\/product"}],"about":[{"href":"http:\/\/klubmamgdynia.pl\/index.php\/wp-json\/wp\/v2\/types\/product"}],"replies":[{"embeddable":true,"href":"http:\/\/klubmamgdynia.pl\/index.php\/wp-json\/wp\/v2\/comments?post=4671"}],"wp:featuredmedia":[{"embeddable":true,"href":"http:\/\/klubmamgdynia.pl\/index.php\/wp-json\/wp\/v2\/media\/4672"}],"wp:attachment":[{"href":"http:\/\/klubmamgdynia.pl\/index.php\/wp-json\/wp\/v2\/media?parent=4671"}],"wp:term":[{"taxonomy":"product_cat","embeddable":true,"href":"http:\/\/klubmamgdynia.pl\/index.php\/wp-json\/wp\/v2\/product_cat?post=4671"},{"taxonomy":"product_tag","embeddable":true,"href":"http:\/\/klubmamgdynia.pl\/index.php\/wp-json\/wp\/v2\/product_tag?post=4671"}],"curies":[{"name":"wp","href":"https:\/\/api.w.org\/{rel}","templated":true}]}}