{"id":4673,"date":"2021-10-29T07:20:56","date_gmt":"2021-10-29T05:20:56","guid":{"rendered":"http:\/\/klubmamgdynia.pl\/index.php\/produkt\/silverlit-duke-88557\/"},"modified":"2026-05-17T22:43:33","modified_gmt":"2026-05-17T20:43:33","slug":"silverlit-duke-88557","status":"publish","type":"product","link":"http:\/\/klubmamgdynia.pl\/index.php\/produkt\/silverlit-duke-88557\/","title":{"rendered":"Silverlit Duke (88557)"},"content":{"rendered":"<h2>Silverlit Duke (88557) Silverlit<\/h2>\n<p>dzieci cytaty, pomys\u0142 na prezent dla nastolatk\u00f3w, logiczne zagadki dla dzieci, najlepsze pranki na prima aprilis, adela, roczek prezent, prezenty dla nastolatek, \u017c\u0105rty na prima aprilis, prezenty na urodziny dla nastolatk\u00f3w, prezent na pierwsze urodziny<\/p>\n<p>yyyyy<\/p>\n<p>&nbsp;<\/p>\n","protected":false},"excerpt":{"rendered":"<p>Silverlit Duke (88557) Silverlit dzieci cytaty, pomys\u0142 na prezent dla nastolatk\u00f3w, logiczne zagadki dla dzieci, najlepsze pranki na prima aprilis, adela, roczek prezent, prezenty dla nastolatek, \u017c\u0105rty na prima aprilis, prezenty na urodziny dla nastolatk\u00f3w, prezent na pierwsze urodziny yyyyy &nbsp;<\/p>\n","protected":false},"featured_media":4674,"comment_status":"closed","ping_status":"open","template":"","meta":[],"product_cat":[146,39],"product_tag":[790,821,759,684],"class_list":["post-4673","product","type-product","status-publish","has-post-thumbnail","hentry","product_cat-silverlit","product_cat-zabawki-interaktywne","product_tag-gry-planszowe-dla-nastolatkow","product_tag-marianna","product_tag-pomysly-na-prezent-dla-nastolatkow","product_tag-prezent-dla-dziewczynki-na-roczek"],"_links":{"self":[{"href":"http:\/\/klubmamgdynia.pl\/index.php\/wp-json\/wp\/v2\/product\/4673","targetHints":{"allow":["GET"]}}],"collection":[{"href":"http:\/\/klubmamgdynia.pl\/index.php\/wp-json\/wp\/v2\/product"}],"about":[{"href":"http:\/\/klubmamgdynia.pl\/index.php\/wp-json\/wp\/v2\/types\/product"}],"replies":[{"embeddable":true,"href":"http:\/\/klubmamgdynia.pl\/index.php\/wp-json\/wp\/v2\/comments?post=4673"}],"wp:featuredmedia":[{"embeddable":true,"href":"http:\/\/klubmamgdynia.pl\/index.php\/wp-json\/wp\/v2\/media\/4674"}],"wp:attachment":[{"href":"http:\/\/klubmamgdynia.pl\/index.php\/wp-json\/wp\/v2\/media?parent=4673"}],"wp:term":[{"taxonomy":"product_cat","embeddable":true,"href":"http:\/\/klubmamgdynia.pl\/index.php\/wp-json\/wp\/v2\/product_cat?post=4673"},{"taxonomy":"product_tag","embeddable":true,"href":"http:\/\/klubmamgdynia.pl\/index.php\/wp-json\/wp\/v2\/product_tag?post=4673"}],"curies":[{"name":"wp","href":"https:\/\/api.w.org\/{rel}","templated":true}]}}