{"id":4675,"date":"2018-10-01T09:27:24","date_gmt":"2018-10-01T07:27:24","guid":{"rendered":"http:\/\/klubmamgdynia.pl\/index.php\/produkt\/trifox-lozeczko-dla-lalki-z-posciela\/"},"modified":"2026-04-04T02:47:05","modified_gmt":"2026-04-04T00:47:05","slug":"trifox-lozeczko-dla-lalki-z-posciela","status":"publish","type":"product","link":"http:\/\/klubmamgdynia.pl\/index.php\/produkt\/trifox-lozeczko-dla-lalki-z-posciela\/","title":{"rendered":"Trifox \u0141\u00f3\u017ceczko Dla Lalki Z Po\u015bciel\u0105"},"content":{"rendered":"<p>\u0141\u00f3\u017ceczko dla lalki z po\u015bciel\u0105&#8230;<\/p>\n<h2>Trifox \u0141\u00f3\u017ceczko Dla Lalki Z Po\u015bciel\u0105 Trifox<\/h2>\n<p>Keyword, opisy do zdj z dzieckiem, zagadki z odpowiedziami \u015bmieszne, kolorowanki andrzejki do wydruku, pokemony kolorowanka, miasto dzieci pl, zagadki dla dzieci do druku, lato, fajne prezenty dla nastolatk\u00f3w, esmeralda, trudne \u0142amig\u0142\u00f3wki, my jeste\u015bmy krasnoludki tekst, m\u0105dra my\u015bl na dobranoc, origami dla dzieci, atrakcje dla dzieci wroc\u0142aw 2021<\/p>\n<p>yyyyy<\/p>\n<p>&nbsp;<\/p>\n","protected":false},"excerpt":{"rendered":"<p>\u0141\u00f3\u017ceczko dla lalki z po\u015bciel\u0105&#8230; Trifox \u0141\u00f3\u017ceczko Dla Lalki Z Po\u015bciel\u0105 Trifox Keyword, opisy do zdj z dzieckiem, zagadki z odpowiedziami \u015bmieszne, kolorowanki andrzejki do wydruku, pokemony kolorowanka, miasto dzieci pl, zagadki dla dzieci do druku, lato, fajne prezenty dla nastolatk\u00f3w, esmeralda, trudne \u0142amig\u0142\u00f3wki, my jeste\u015bmy krasnoludki tekst, m\u0105dra my\u015bl na dobranoc, origami dla dzieci, [&hellip;]<\/p>\n","protected":false},"featured_media":4676,"comment_status":"closed","ping_status":"open","template":"","meta":[],"product_cat":[172,308],"product_tag":[825,801,837,791],"class_list":["post-4675","product","type-product","status-publish","has-post-thumbnail","hentry","product_cat-akcesoria-dla-lalek","product_cat-trifox","product_tag-bajka-na-dobranoc-do-czytania","product_tag-bajki-terapeutyczne-o-emocjach","product_tag-cicha-noc-po-angielsku","product_tag-zagadki-na-myslenie"],"_links":{"self":[{"href":"http:\/\/klubmamgdynia.pl\/index.php\/wp-json\/wp\/v2\/product\/4675","targetHints":{"allow":["GET"]}}],"collection":[{"href":"http:\/\/klubmamgdynia.pl\/index.php\/wp-json\/wp\/v2\/product"}],"about":[{"href":"http:\/\/klubmamgdynia.pl\/index.php\/wp-json\/wp\/v2\/types\/product"}],"replies":[{"embeddable":true,"href":"http:\/\/klubmamgdynia.pl\/index.php\/wp-json\/wp\/v2\/comments?post=4675"}],"wp:featuredmedia":[{"embeddable":true,"href":"http:\/\/klubmamgdynia.pl\/index.php\/wp-json\/wp\/v2\/media\/4676"}],"wp:attachment":[{"href":"http:\/\/klubmamgdynia.pl\/index.php\/wp-json\/wp\/v2\/media?parent=4675"}],"wp:term":[{"taxonomy":"product_cat","embeddable":true,"href":"http:\/\/klubmamgdynia.pl\/index.php\/wp-json\/wp\/v2\/product_cat?post=4675"},{"taxonomy":"product_tag","embeddable":true,"href":"http:\/\/klubmamgdynia.pl\/index.php\/wp-json\/wp\/v2\/product_tag?post=4675"}],"curies":[{"name":"wp","href":"https:\/\/api.w.org\/{rel}","templated":true}]}}