{"id":4677,"date":"2022-07-31T09:51:07","date_gmt":"2022-07-31T07:51:07","guid":{"rendered":"http:\/\/klubmamgdynia.pl\/index.php\/produkt\/figurka-mattel-jurassic-world-fierce-force-monolophosaurus-gwn31-hcl86\/"},"modified":"2026-05-17T22:46:41","modified_gmt":"2026-05-17T20:46:41","slug":"figurka-mattel-jurassic-world-fierce-force-monolophosaurus-gwn31-hcl86","status":"publish","type":"product","link":"http:\/\/klubmamgdynia.pl\/index.php\/produkt\/figurka-mattel-jurassic-world-fierce-force-monolophosaurus-gwn31-hcl86\/","title":{"rendered":"Figurka Mattel Jurassic World Fierce Force &#8211; Monolophosaurus (GWN31\/HCL86)"},"content":{"rendered":"<p>Przygotuj si\u0119 na niekontrolowane emocje i przygody z dinozaurami z Jurajski World Fierce Force!Te dinozaury maj\u0105 ruchome stawy do zabawy w pozie i podczas gry w walce, a ka\u017cdy ma jedn\u0105 cech\u0119 uderze\u0144, kt\u00f3ra demonstruje najwi\u0119ksz\u0105 si\u0142\u0119 gatunku.Figurki obejmuj\u0105 realistyczne rze\u017abienie i autentyczn\u0105 dekoracj\u0119 i maj\u0105 oko\u0142o 12 cm wysoko\u015bci i oko\u0142o 20 cm szeroko\u015bci.Jest to idealny prezent dla os\u00f3b w wieku 3 lat.Pobierz aplikacj\u0119 Jurassic World Facts (Android i iOS), aby uzyska\u0107 wi\u0119cej rado\u015bci dinozaur\u00f3w! Aplikacja umo\u017cliwia zeskanowanie dinozaura i obserwowanie, jak przychodzi do \u017cycia, przybli\u017cenie dinozaur\u00f3w z bliska, us\u0142yszenie ryk\u00f3w dinozaur\u00f3w, nauka si\u0119 zabawnych fakt\u00f3w dinozaur\u00f3w i innych.Wymiary 6 x 20 x 12 cm<\/p>\n<h2>Figurka Mattel Jurassic World Fierce Force &#8211; Monolophosaurus (GWN31\/HCL86) Mattel<\/h2>\n<p>test zaczarowana zagroda, wakacje kolorowanka, jak narysowa\u0107 pikachu, dyplom dla przedszkolaka do wydruku<\/p>\n<p>yyyyy<\/p>\n<p>&nbsp;<\/p>\n","protected":false},"excerpt":{"rendered":"<p>Przygotuj si\u0119 na niekontrolowane emocje i przygody z dinozaurami z Jurajski World Fierce Force!Te dinozaury maj\u0105 ruchome stawy do zabawy w pozie i podczas gry w walce, a ka\u017cdy ma jedn\u0105 cech\u0119 uderze\u0144, kt\u00f3ra demonstruje najwi\u0119ksz\u0105 si\u0142\u0119 gatunku.Figurki obejmuj\u0105 realistyczne rze\u017abienie i autentyczn\u0105 dekoracj\u0119 i maj\u0105 oko\u0142o 12 cm wysoko\u015bci i oko\u0142o 20 cm szeroko\u015bci.Jest [&hellip;]<\/p>\n","protected":false},"featured_media":4678,"comment_status":"closed","ping_status":"open","template":"","meta":[],"product_cat":[95,289],"product_tag":[864,582,742,661,595],"class_list":["post-4677","product","type-product","status-publish","has-post-thumbnail","hentry","product_cat-figurki-makiety-i-zestawy","product_cat-mattel","product_tag-basen-warszawa","product_tag-nauka-pisania-literek-do-wydruku-pdf","product_tag-piosenki-dla-dzieci-tekst","product_tag-swinka-peppa-kolorowanka","product_tag-zagadki-dla-6-latka"],"_links":{"self":[{"href":"http:\/\/klubmamgdynia.pl\/index.php\/wp-json\/wp\/v2\/product\/4677","targetHints":{"allow":["GET"]}}],"collection":[{"href":"http:\/\/klubmamgdynia.pl\/index.php\/wp-json\/wp\/v2\/product"}],"about":[{"href":"http:\/\/klubmamgdynia.pl\/index.php\/wp-json\/wp\/v2\/types\/product"}],"replies":[{"embeddable":true,"href":"http:\/\/klubmamgdynia.pl\/index.php\/wp-json\/wp\/v2\/comments?post=4677"}],"wp:featuredmedia":[{"embeddable":true,"href":"http:\/\/klubmamgdynia.pl\/index.php\/wp-json\/wp\/v2\/media\/4678"}],"wp:attachment":[{"href":"http:\/\/klubmamgdynia.pl\/index.php\/wp-json\/wp\/v2\/media?parent=4677"}],"wp:term":[{"taxonomy":"product_cat","embeddable":true,"href":"http:\/\/klubmamgdynia.pl\/index.php\/wp-json\/wp\/v2\/product_cat?post=4677"},{"taxonomy":"product_tag","embeddable":true,"href":"http:\/\/klubmamgdynia.pl\/index.php\/wp-json\/wp\/v2\/product_tag?post=4677"}],"curies":[{"name":"wp","href":"https:\/\/api.w.org\/{rel}","templated":true}]}}