{"id":4679,"date":"2018-03-29T00:12:39","date_gmt":"2018-03-28T22:12:39","guid":{"rendered":"http:\/\/klubmamgdynia.pl\/index.php\/produkt\/pulio-stamp-hulajnoga-3-kolowa-avengers\/"},"modified":"2026-04-14T15:06:17","modified_gmt":"2026-04-14T13:06:17","slug":"pulio-stamp-hulajnoga-3-kolowa-avengers","status":"publish","type":"product","link":"http:\/\/klubmamgdynia.pl\/index.php\/produkt\/pulio-stamp-hulajnoga-3-kolowa-avengers\/","title":{"rendered":"Pulio Stamp Hulajnoga 3- Kolowa Avengers"},"content":{"rendered":"<p>Hulajnoga 3-ko\u0142owa STAMP AvengersMetalowa hulajnoga tr\u00f3jko\u0142owa na licencji DisneyaPosiada wygodne uchwyty, antypo\u015blizgowy podest, ko\u0142a pokryte materia\u0142em PVCRozwija umiej\u0119tno\u015bci ruchowe i uczy r\u00f3wnowagiWysoko\u015b\u0107 kierownicy regulowanaHulajnoga pozwala na zabaw\u0119 zar\u00f3wno w domu jak i na dworzeInformacje o produkcieNr katalogowy106299050Marka (Zabawki) AvengersObszar (zabawa na zewn\u0105trz) SportRodzaj (zabawa na zewn\u0105trz) HulajnogiWymagania wiekowe od 24 miesi\u0119cyP\u0142e\u0107 (zabawki) Ch\u0142opcyProdukt na baterie NieBaterie w zestawie NieZasilanie Nie dotyczyKolor (wyliczeniowy) Wz\u00f3rObci\u0105\u017cenie (maks.) 20 kg<\/p>\n<h2>Pulio Stamp Hulajnoga 3- Kolowa Avengers Pulio<\/h2>\n<p>kolorowanka harry potter, zrobi\u0107 laurk\u0119 laurka dla babci, wierszyki na lany poniedzia\u0142ek, nietypowe imiona \u017ce\u0144skie, podchwytliwe zagadki matematyczne, cytaty o dzieciach i rodzicach, zagadka, zagadki matematyczne dla przedszkolak\u00f3w, zagadki i odpowiedzi, melania znaczenie imienia, zabawa dla 7 latka<\/p>\n<p>yyyyy<\/p>\n<p>&nbsp;<\/p>\n","protected":false},"excerpt":{"rendered":"<p>Hulajnoga 3-ko\u0142owa STAMP AvengersMetalowa hulajnoga tr\u00f3jko\u0142owa na licencji DisneyaPosiada wygodne uchwyty, antypo\u015blizgowy podest, ko\u0142a pokryte materia\u0142em PVCRozwija umiej\u0119tno\u015bci ruchowe i uczy r\u00f3wnowagiWysoko\u015b\u0107 kierownicy regulowanaHulajnoga pozwala na zabaw\u0119 zar\u00f3wno w domu jak i na dworzeInformacje o produkcieNr katalogowy106299050Marka (Zabawki) AvengersObszar (zabawa na zewn\u0105trz) SportRodzaj (zabawa na zewn\u0105trz) HulajnogiWymagania wiekowe od 24 miesi\u0119cyP\u0142e\u0107 (zabawki) Ch\u0142opcyProdukt na baterie [&hellip;]<\/p>\n","protected":false},"featured_media":4680,"comment_status":"closed","ping_status":"open","template":"","meta":[],"product_cat":[315,1242],"product_tag":[865,776,784,690,576,653],"class_list":["post-4679","product","type-product","status-publish","has-post-thumbnail","hentry","product_cat-hulajnogi-dla-dzieci","product_cat-pulio","product_tag-cytaty-o-dzieciach","product_tag-dobrej-nocy","product_tag-hymn-gorniczy","product_tag-pieski-male-dwa-tekst","product_tag-trudne-zagadki","product_tag-warszawa-dla-dzieci"],"_links":{"self":[{"href":"http:\/\/klubmamgdynia.pl\/index.php\/wp-json\/wp\/v2\/product\/4679","targetHints":{"allow":["GET"]}}],"collection":[{"href":"http:\/\/klubmamgdynia.pl\/index.php\/wp-json\/wp\/v2\/product"}],"about":[{"href":"http:\/\/klubmamgdynia.pl\/index.php\/wp-json\/wp\/v2\/types\/product"}],"replies":[{"embeddable":true,"href":"http:\/\/klubmamgdynia.pl\/index.php\/wp-json\/wp\/v2\/comments?post=4679"}],"wp:featuredmedia":[{"embeddable":true,"href":"http:\/\/klubmamgdynia.pl\/index.php\/wp-json\/wp\/v2\/media\/4680"}],"wp:attachment":[{"href":"http:\/\/klubmamgdynia.pl\/index.php\/wp-json\/wp\/v2\/media?parent=4679"}],"wp:term":[{"taxonomy":"product_cat","embeddable":true,"href":"http:\/\/klubmamgdynia.pl\/index.php\/wp-json\/wp\/v2\/product_cat?post=4679"},{"taxonomy":"product_tag","embeddable":true,"href":"http:\/\/klubmamgdynia.pl\/index.php\/wp-json\/wp\/v2\/product_tag?post=4679"}],"curies":[{"name":"wp","href":"https:\/\/api.w.org\/{rel}","templated":true}]}}