{"id":4683,"date":"2021-11-13T21:02:27","date_gmt":"2021-11-13T20:02:27","guid":{"rendered":"http:\/\/klubmamgdynia.pl\/index.php\/produkt\/spin-master-figurka-candylocks-zwierzaczek-1-sztuka\/"},"modified":"2026-05-17T22:21:17","modified_gmt":"2026-05-17T20:21:17","slug":"spin-master-figurka-candylocks-zwierzaczek-1-sztuka","status":"publish","type":"product","link":"http:\/\/klubmamgdynia.pl\/index.php\/produkt\/spin-master-figurka-candylocks-zwierzaczek-1-sztuka\/","title":{"rendered":"Spin Master Figurka Candylocks Zwierzaczek 1 sztuka"},"content":{"rendered":"<p>A kto to taki? Ma 4 \u0142apy i zabawne w\u0142osy jak z waty cukrowej. To zwierzaki Candylocks! S\u0142odko pachn\u0105ce zwierzaki z grzywami, kt\u00f3re wygl\u0105daj\u0105 jakby by\u0142y zrobione ze s\u0142odkiej waty cukrowej! Ka\u017cdy zwierzak chowa si\u0119 pod grub\u0105 warstw\u0105 d\u0142ugich, pachn\u0105cych w\u0142os\u00f3w. Otw\u00f3rz arbuzowe pos\u0142anie dla zwierzaka i sprawd\u017a, kto chowa si\u0119 w \u015brodku! W tej serii znajdziesz s\u0142odkie jednoro\u017cce, lamy, psy, koty, lisy i wiele innych zwierzak\u00f3w (ka\u017cdy sprzedawany oddzielnie)! Ka\u017cdy z nich inaczej pachnie, ma \u015bmieszne imi\u0119 i lubi inne zabawy. Imiona zwierzak\u00f3w odpowiadaj\u0105 ich wygl\u0105dowi i charakterowi. Pow\u0105chaj ka\u017cdego z nich i odkryj przyjemnyzapach ananasa, brzoskwini, limonki i wielu innych owoc\u00f3w. Ich w\u0142osy s\u0105 delikatne i \u0142atwe do rozczesania, a stworzone przez ciebie fryzury d\u0142ugo si\u0119 utrzymaj\u0105. Baw si\u0119 do woli w tworzenie kok\u00f3w, warkoczyk\u00f3w i innych stylizacji. W opakowaniu znajdziesz te\u017c niespodziank\u0119: pi\u0119kn\u0105 ozdob\u0119, kt\u00f3r\u0105 mo\u017cesz udekorowa\u0107 powsta\u0142\u0105 fryzur\u0119. Do\u0142\u0105cz do swojej kolekcji s\u0142odkie laleczki Candylocks (sprzedawane oddzielnie). Zbieraj wszystkie zwierzaki Candylocks i tw\u00f3rz swoj\u0105 s\u0142odk\u0105 kolekcj\u0119!Informacje o produkcieNr katalogowy20123495Marka CandylocksTyp InneWymagania wiekowe od 5 latP\u0142e\u0107 DziewczynkiProdukt na baterie NieWariant FigurkaBaterie w zestawie NieZasilanie Nie dotyczyReklama TV 2020Akcesoria w zestawie 1 figurka zwierzaka Candylocks,1 pos\u0142anie,1 dodatek, 1 plakat kolekcjonera,Instrukcja obs\u0142ugi<\/p>\n<h2>Spin Master Figurka Candylocks Zwierzaczek 1 sztuka Spin Master<\/h2>\n<p>paj\u0105czek na rowerze test, alina, zabawy urodzinowe dla dzieci, zagadki sprawdzaj\u0105ce inteligencj\u0119, walentynka dla syna, najtrudniejsze zagadki, ko\u0142ysanki tekst, zagadki kr\u00f3tkie, prezent na roczek dla chlopca, najpi\u0119kniejsze cytaty cytaty dla mamy, maski superbohater\u00f3w do wydrukowania, zemsta test wiedzy, urodziny dziecka pomys\u0142y, cytaty o przyja\u017ani, pierwsze urodziny prezent na roczek dla ch\u0142opca, prezenty na dzie\u0144 dziecka dla nastolatk\u00f3w, \u017c\u0105rty na prima aprilis, jak narysowa\u0107 kr\u00f3lika<\/p>\n<p>yyyyy<\/p>\n<p>&nbsp;<\/p>\n","protected":false},"excerpt":{"rendered":"<p>A kto to taki? Ma 4 \u0142apy i zabawne w\u0142osy jak z waty cukrowej. To zwierzaki Candylocks! S\u0142odko pachn\u0105ce zwierzaki z grzywami, kt\u00f3re wygl\u0105daj\u0105 jakby by\u0142y zrobione ze s\u0142odkiej waty cukrowej! Ka\u017cdy zwierzak chowa si\u0119 pod grub\u0105 warstw\u0105 d\u0142ugich, pachn\u0105cych w\u0142os\u00f3w. Otw\u00f3rz arbuzowe pos\u0142anie dla zwierzaka i sprawd\u017a, kto chowa si\u0119 w \u015brodku! W tej [&hellip;]<\/p>\n","protected":false},"featured_media":4684,"comment_status":"closed","ping_status":"open","template":"","meta":[],"product_cat":[95,94],"product_tag":[621,824,799,793,694,600],"class_list":["post-4683","product","type-product","status-publish","has-post-thumbnail","hentry","product_cat-figurki-makiety-i-zestawy","product_cat-spin-master","product_tag-prezenty-roczek","product_tag-warszawa-atrakcje-dla-dzieci","product_tag-zagadka-logiczna","product_tag-zagadki-smieszne-podchwytliwe","product_tag-zagadki-swiateczne-dla-dzieci","product_tag-zaproszenia-na-urodziny-do-druku"],"_links":{"self":[{"href":"http:\/\/klubmamgdynia.pl\/index.php\/wp-json\/wp\/v2\/product\/4683","targetHints":{"allow":["GET"]}}],"collection":[{"href":"http:\/\/klubmamgdynia.pl\/index.php\/wp-json\/wp\/v2\/product"}],"about":[{"href":"http:\/\/klubmamgdynia.pl\/index.php\/wp-json\/wp\/v2\/types\/product"}],"replies":[{"embeddable":true,"href":"http:\/\/klubmamgdynia.pl\/index.php\/wp-json\/wp\/v2\/comments?post=4683"}],"wp:featuredmedia":[{"embeddable":true,"href":"http:\/\/klubmamgdynia.pl\/index.php\/wp-json\/wp\/v2\/media\/4684"}],"wp:attachment":[{"href":"http:\/\/klubmamgdynia.pl\/index.php\/wp-json\/wp\/v2\/media?parent=4683"}],"wp:term":[{"taxonomy":"product_cat","embeddable":true,"href":"http:\/\/klubmamgdynia.pl\/index.php\/wp-json\/wp\/v2\/product_cat?post=4683"},{"taxonomy":"product_tag","embeddable":true,"href":"http:\/\/klubmamgdynia.pl\/index.php\/wp-json\/wp\/v2\/product_tag?post=4683"}],"curies":[{"name":"wp","href":"https:\/\/api.w.org\/{rel}","templated":true}]}}