{"id":4685,"date":"2014-09-14T11:54:51","date_gmt":"2014-09-14T09:54:51","guid":{"rendered":"http:\/\/klubmamgdynia.pl\/index.php\/produkt\/woopie-ubranko-dla-lalki-stroj-doktora-lekarza-43-46-cm\/"},"modified":"2026-04-27T20:32:32","modified_gmt":"2026-04-27T18:32:32","slug":"woopie-ubranko-dla-lalki-stroj-doktora-lekarza-43-46-cm","status":"publish","type":"product","link":"http:\/\/klubmamgdynia.pl\/index.php\/produkt\/woopie-ubranko-dla-lalki-stroj-doktora-lekarza-43-46-cm\/","title":{"rendered":"Woopie Ubranko Dla Lalki Str\u00f3j Doktora Lekarza 43-46 Cm"},"content":{"rendered":"<p>Ubranko doktora od niezawodnej marki Woopie, b\u0119dzie wspania\u0142ym dodatkiem dla Twojej lalki. Dziecko rozwija wyobra\u017anie i kreatywno\u015b\u0107 odgrywaj\u0105c scenki ze swoim bobasem. Dodatkowo ma\u0142y lekarz mo\u017ce zainspirowa\u0107 maluch do zostania du\u017cym doktorem!Charakterystyka:- przeznaczona dla lalki o wymiarach 43-46 cm- doskonale i szczeg\u00f3\u0142owo odwzorowane nadruki- opakowanie doskonale nadaj\u0119 si\u0119 na przezentZestaw zawiera:- Fartuch lekarza- spodenki- opask\u0119Wiek: od 3 latP\u0142e\u0107: dziewczynkaWymiary opakowania: 36 x 30 x 6 cm&#8230;<\/p>\n<h2>Woopie Ubranko Dla Lalki Str\u00f3j Doktora Lekarza 43-46 Cm Woopie<\/h2>\n<p>literki, miko\u0142ajek quiz, place zabaw warszawa, kolorowanki andrzejkowe, atrakcje dla dzieci wielkopolska<\/p>\n<p>yyyyy<\/p>\n<p>&nbsp;<\/p>\n","protected":false},"excerpt":{"rendered":"<p>Ubranko doktora od niezawodnej marki Woopie, b\u0119dzie wspania\u0142ym dodatkiem dla Twojej lalki. Dziecko rozwija wyobra\u017anie i kreatywno\u015b\u0107 odgrywaj\u0105c scenki ze swoim bobasem. Dodatkowo ma\u0142y lekarz mo\u017ce zainspirowa\u0107 maluch do zostania du\u017cym doktorem!Charakterystyka:- przeznaczona dla lalki o wymiarach 43-46 cm- doskonale i szczeg\u00f3\u0142owo odwzorowane nadruki- opakowanie doskonale nadaj\u0119 si\u0119 na przezentZestaw zawiera:- Fartuch lekarza- spodenki- opask\u0119Wiek: [&hellip;]<\/p>\n","protected":false},"featured_media":4686,"comment_status":"closed","ping_status":"open","template":"","meta":[],"product_cat":[172,177],"product_tag":[870,646,774,587,661,741,809],"class_list":["post-4685","product","type-product","status-publish","has-post-thumbnail","hentry","product_cat-akcesoria-dla-lalek","product_cat-woopie","product_tag-prezent-dla-chlopca-na-roczek","product_tag-prezent-na-pierwsze-urodziny","product_tag-prezent-na-roczek-nie-zabawka","product_tag-skalne-miasto","product_tag-swinka-peppa-kolorowanka","product_tag-wlochy","product_tag-zagadki"],"_links":{"self":[{"href":"http:\/\/klubmamgdynia.pl\/index.php\/wp-json\/wp\/v2\/product\/4685","targetHints":{"allow":["GET"]}}],"collection":[{"href":"http:\/\/klubmamgdynia.pl\/index.php\/wp-json\/wp\/v2\/product"}],"about":[{"href":"http:\/\/klubmamgdynia.pl\/index.php\/wp-json\/wp\/v2\/types\/product"}],"replies":[{"embeddable":true,"href":"http:\/\/klubmamgdynia.pl\/index.php\/wp-json\/wp\/v2\/comments?post=4685"}],"wp:featuredmedia":[{"embeddable":true,"href":"http:\/\/klubmamgdynia.pl\/index.php\/wp-json\/wp\/v2\/media\/4686"}],"wp:attachment":[{"href":"http:\/\/klubmamgdynia.pl\/index.php\/wp-json\/wp\/v2\/media?parent=4685"}],"wp:term":[{"taxonomy":"product_cat","embeddable":true,"href":"http:\/\/klubmamgdynia.pl\/index.php\/wp-json\/wp\/v2\/product_cat?post=4685"},{"taxonomy":"product_tag","embeddable":true,"href":"http:\/\/klubmamgdynia.pl\/index.php\/wp-json\/wp\/v2\/product_tag?post=4685"}],"curies":[{"name":"wp","href":"https:\/\/api.w.org\/{rel}","templated":true}]}}