{"id":4689,"date":"2025-10-08T06:52:49","date_gmt":"2025-10-08T04:52:49","guid":{"rendered":"http:\/\/klubmamgdynia.pl\/?post_type=product&#038;p=4689"},"modified":"2026-04-27T08:32:33","modified_gmt":"2026-04-27T06:32:33","slug":"lampa-nilsen-lampka-biurkowa-led-vivo-biala-bl008","status":"publish","type":"product","link":"http:\/\/klubmamgdynia.pl\/index.php\/produkt\/lampa-nilsen-lampka-biurkowa-led-vivo-biala-bl008\/","title":{"rendered":"Lampa Nilsen Lampka Biurkowa Led Vivo Bia\u0142a &#8211; (BL008)"},"content":{"rendered":"<p>Lampka biurkowa LED Vivo Nilsen bia\u0142a BL0085902767418379I00124212109.00INQO\u015bwietlenie wewn\u0119trzne\/Lampki biurkowe|sto\u0142owe07439Nazwa Producenta: INQKod Produktu Producenta: BL008Indeks Inergia: I00124212D\u0142ugo\u015b\u0107 przewodu (cm): 130\u015aciemnialny: TakZint. \u017ar\u00f3d\u0142o \u015bwiat\u0142a led: TakRegulacja barwy \u015bwiat\u0142a: TakRodzaj: Lampa biurkowaDost\u0119pny: takBarwa \u015bwiat\u0142a: RegulowanaStan u dostawcy: 128Moc znamionowa (W): 6Napi\u0119cie (V): 230Szeroko\u015b\u0107 (mm): 168Wysoko\u015b\u0107 (mm): 370G\u0142\u0119boko\u015b\u0107 (mm): 280Strumie\u0144 \u015bwietlny (lm): 360Barwa \u015bwiat\u0142a (K): 3000, 4000, 6000K\u0105t \u015bwiecenia (stopnie): 120Kolor: Bia\u0142yMateria\u0142: Tworzywo sztuczneSeria: VivoStopie\u0144 ochrony (IP): 20Liczba \u017ar\u00f3de\u0142 \u015bwiat\u0142a: 1EAN: 5902767418379Klasa energetyczna: AKlasa ochronno\u015bci: IIMarka: Nilsen<\/p>\n<h2>Lampa Nilsen Lampka Biurkowa Led Vivo Bia\u0142a &#8211; (BL008) Nilsen<\/h2>\n<p>\u0142atwe laurki, zabawki dla rocznej dziewczynki, kolorowanki do druku lol, co na prezent dla 7 latki, kolorowanka antystresowa, marianna, p\u0142onie ognisko w lesie<\/p>\n<p>yyyyy<\/p>\n<p>&nbsp;<\/p>\n","protected":false},"excerpt":{"rendered":"<p>Lampka biurkowa LED Vivo Nilsen bia\u0142a BL0085902767418379I00124212109.00INQO\u015bwietlenie wewn\u0119trzne\/Lampki biurkowe|sto\u0142owe07439Nazwa Producenta: INQKod Produktu Producenta: BL008Indeks Inergia: I00124212D\u0142ugo\u015b\u0107 przewodu (cm): 130\u015aciemnialny: TakZint. \u017ar\u00f3d\u0142o \u015bwiat\u0142a led: TakRegulacja barwy \u015bwiat\u0142a: TakRodzaj: Lampa biurkowaDost\u0119pny: takBarwa \u015bwiat\u0142a: RegulowanaStan u dostawcy: 128Moc znamionowa (W): 6Napi\u0119cie (V): 230Szeroko\u015b\u0107 (mm): 168Wysoko\u015b\u0107 (mm): 370G\u0142\u0119boko\u015b\u0107 (mm): 280Strumie\u0144 \u015bwietlny (lm): 360Barwa \u015bwiat\u0142a (K): 3000, 4000, 6000K\u0105t \u015bwiecenia [&hellip;]<\/p>\n","protected":false},"featured_media":4690,"comment_status":"closed","ping_status":"open","template":"","meta":[],"product_cat":[1254,1253],"product_tag":[680,622,583,589,641,860,849],"class_list":["post-4689","product","type-product","status-publish","has-post-thumbnail","hentry","product_cat-lampy-stolowe","product_cat-nilsen","product_tag-cytaty-z-malego-ksiecia","product_tag-fajne-zagadki","product_tag-kolysanki-dla-dzieci-tekst","product_tag-prezent-dla-rocznego-dziecka","product_tag-trudne-zagadki-logiczne","product_tag-zagadki-logiczne-dla-doroslych","product_tag-zagadki-matematyczne-dla-dzieci"],"_links":{"self":[{"href":"http:\/\/klubmamgdynia.pl\/index.php\/wp-json\/wp\/v2\/product\/4689","targetHints":{"allow":["GET"]}}],"collection":[{"href":"http:\/\/klubmamgdynia.pl\/index.php\/wp-json\/wp\/v2\/product"}],"about":[{"href":"http:\/\/klubmamgdynia.pl\/index.php\/wp-json\/wp\/v2\/types\/product"}],"replies":[{"embeddable":true,"href":"http:\/\/klubmamgdynia.pl\/index.php\/wp-json\/wp\/v2\/comments?post=4689"}],"wp:featuredmedia":[{"embeddable":true,"href":"http:\/\/klubmamgdynia.pl\/index.php\/wp-json\/wp\/v2\/media\/4690"}],"wp:attachment":[{"href":"http:\/\/klubmamgdynia.pl\/index.php\/wp-json\/wp\/v2\/media?parent=4689"}],"wp:term":[{"taxonomy":"product_cat","embeddable":true,"href":"http:\/\/klubmamgdynia.pl\/index.php\/wp-json\/wp\/v2\/product_cat?post=4689"},{"taxonomy":"product_tag","embeddable":true,"href":"http:\/\/klubmamgdynia.pl\/index.php\/wp-json\/wp\/v2\/product_tag?post=4689"}],"curies":[{"name":"wp","href":"https:\/\/api.w.org\/{rel}","templated":true}]}}