{"id":4691,"date":"2017-07-05T09:26:00","date_gmt":"2017-07-05T07:26:00","guid":{"rendered":"http:\/\/klubmamgdynia.pl\/index.php\/produkt\/little-lights-lampka-motyl-strawberry-cream-littlelights156\/"},"modified":"2026-05-17T22:57:50","modified_gmt":"2026-05-17T20:57:50","slug":"little-lights-lampka-motyl-strawberry-cream-littlelights156","status":"publish","type":"product","link":"http:\/\/klubmamgdynia.pl\/index.php\/produkt\/little-lights-lampka-motyl-strawberry-cream-littlelights156\/","title":{"rendered":"Little Lights Lampka Motyl Strawberry Cream Littlelights156"},"content":{"rendered":"<p>Lampka nocna Motyl &#8211; idealny dodatek do pokoju dziewczynki Little Lights lampka nocna w kszta\u0142cie motyla w w przepi\u0119knie dobranych kolorach to cudna dekoracja pokoju dziewczynki. Lampka drewniana b\u0119dzie nie tylko o\u015bwietla\u0107 wn\u0119trze pokoju, ale te\u017c stanowi\u0107 ciekawy element wystroju. Zalety lampek nocnych dla dzieci Little Lights: w lampkach zastosowanie zosta\u0142y bezpieczne i trwa\u0142e diody LED o\u015bwietlenie jest ekologiczne, pobiera niewielk\u0105 ilo\u015b\u0107 energii s\u0105 wykonywane r\u0119cznie, dlatego ka\u017cda sztuka jest unikatowa powstaj\u0105 z naturalnego drewna pochodz\u0105cego z prawid\u0142owo zarz\u0105dzanych obszar\u00f3w le\u015bnych bezpieczne dla dzieci Dlaczego lampki Little Lights s\u0105 bezpieczne dla dzieci? Lampki Little Lights uzyska\u0142y presti\u017cowy certyfikat T\u00dcV Rheinland, kt\u00f3ry wydawany jest produktom odznaczaj\u0105cym si\u0119 najwy\u017csz\u0105 jako\u015bci\u0105, poddanym restrykcyjnym, laboratoryjnym testom bezpiecze\u0144stwa. Lampki zasilane s\u0105 pr\u0105dem sieciowym, dzi\u0119ki czemu s\u0105 ekologiczne i trwa\u0142e. Jednocze\u015bnie w samej lampie i kablu p\u0142ynie niskie, bezpieczne napi\u0119cie 5 V. Lampki Little Lights malowane s\u0105 farbami wodnymi, kt\u00f3re posiadaj\u0105 pozytywn\u0105 opini\u0119 Polskiego Towarzystwa Alergologicznego. O\u015bwietlenie jest zaprojektowane i wytwarzane w Polsce. Te cudne lampki nocne dla dzieci powstaj\u0105 w rodzinnej manufakturze, ka\u017cda sztuka jest dopracowywana r\u0119cznie z wielk\u0105 dok\u0142adno\u015bci\u0105. Lampka Motyl jest wykonana z naturalnego drewna, kt\u00f3re posiada s\u0142oje w r\u00f3\u017cnym odcieniu. Dlatego te\u017c drewniane lampki nocne dla dzieci maj\u0105 sw\u00f3j niesamowity urok &#8211; widoczna na nich jest struktura drewna, a ka\u017cda lampka jest jedyna i wyj\u0105tkowa. Lampka nocna dla dziecka z pilotem &#8211; regulacja czasu oraz nat\u0119\u017cenia \u015bwiat\u0142a Niezale\u017cnie od aktywno\u015bci, dzi\u0119ki wbudowanej opcji \u015bciemniacza, mo\u017cesz w \u0142atwy spos\u00f3b dopasowa\u0107 \u015bwiat\u0142o lampy do nastroju i okazji. Najja\u015bniejszy tryb lampy jest wystarczaj\u0105cy do tego, \u017ceby czyta\u0107 przed snem, a po \u015bciemnieniu \u015bwiat\u0142o lampy jest na tyle delikatne, \u017ce lampka Little Lights mo\u017ce by\u0107 w\u0142\u0105czona ca\u0142\u0105 noc. Dzi\u0119ki technologii LED, sen przy lampce Little Lights jest bezpieczny. Lampy nie nagrzewaj\u0105 si\u0119 i zu\u017cywaj\u0105 ma\u0142\u0105 ilo\u015b\u0107 energii. W\u0142\u0105cznik oraz \u015bciemniacz znajduje si\u0119 na pilocie do\u0142\u0105czonym do lampy. Jednym klikni\u0119ciem mo\u017cna ustawi\u0107 nat\u0119\u017cenie \u015bwiata, a tak\u017ce ustawi\u0107 timer- 30 min, 60 min lub 90 min. Po tym czasie lampa wy\u0142\u0105czy si\u0119 samodzielnie. Charakterystyka produktu Materia\u0142: lite drewno sosnowe \u0179r\u00f3d\u0142o \u015bwiat\u0142a: lampki LED Zasilacz dogniazdkowy: Input AC 100-240 Output DC 24V Certyfikaty: CE, FCC, RoHS Napi\u0119cie: 230V 3,3W AC EU PLUG Czas \u015bwiecenia: ok. 10 000 h Zasilanie: wtyczka do kontaktu W\u0142\u0105cznik: pilot ze \u015bciemniaczem i timerem<\/p>\n<h2>Little Lights Lampka Motyl Strawberry Cream Littlelights156 Little Lights<\/h2>\n<p>kotek kolorowanka, zagadki o zimie, praktyczny prezent dla rocznego dziecka, imi\u0119 nela, zagadki logiczne na inteligencj\u0119, krzy\u017c\u00f3wki dla dzieci do druku, zagadki dla doros\u0142ych z odpowiedziami, \u017c\u0105rty na prima aprilis, znaki drogowe quizy, jaki prezent na roczek dla ch\u0142opca, cytaty ma\u0142y ksi\u0105\u017ce, dekorowanie kanapek dla dzieci, na roczek, prima aprilis \u017carty dla rodzic\u00f3w<\/p>\n<p>yyyyy<\/p>\n<p>&nbsp;<\/p>\n","protected":false},"excerpt":{"rendered":"<p>Lampka nocna Motyl &#8211; idealny dodatek do pokoju dziewczynki Little Lights lampka nocna w kszta\u0142cie motyla w w przepi\u0119knie dobranych kolorach to cudna dekoracja pokoju dziewczynki. Lampka drewniana b\u0119dzie nie tylko o\u015bwietla\u0107 wn\u0119trze pokoju, ale te\u017c stanowi\u0107 ciekawy element wystroju. Zalety lampek nocnych dla dzieci Little Lights: w lampkach zastosowanie zosta\u0142y bezpieczne i trwa\u0142e diody [&hellip;]<\/p>\n","protected":false},"featured_media":4692,"comment_status":"closed","ping_status":"open","template":"","meta":[],"product_cat":[138,1255],"product_tag":[722,830,586,709,623],"class_list":["post-4691","product","type-product","status-publish","has-post-thumbnail","hentry","product_cat-lampki-dzieciece","product_cat-little-lights","product_tag-cytaty-o-przyjazni","product_tag-rodzina-cytaty","product_tag-smieszne-zagadki","product_tag-zagadki-dla-dzieci-6-7-lat","product_tag-zagadki-logiczne-smieszne"],"_links":{"self":[{"href":"http:\/\/klubmamgdynia.pl\/index.php\/wp-json\/wp\/v2\/product\/4691","targetHints":{"allow":["GET"]}}],"collection":[{"href":"http:\/\/klubmamgdynia.pl\/index.php\/wp-json\/wp\/v2\/product"}],"about":[{"href":"http:\/\/klubmamgdynia.pl\/index.php\/wp-json\/wp\/v2\/types\/product"}],"replies":[{"embeddable":true,"href":"http:\/\/klubmamgdynia.pl\/index.php\/wp-json\/wp\/v2\/comments?post=4691"}],"wp:featuredmedia":[{"embeddable":true,"href":"http:\/\/klubmamgdynia.pl\/index.php\/wp-json\/wp\/v2\/media\/4692"}],"wp:attachment":[{"href":"http:\/\/klubmamgdynia.pl\/index.php\/wp-json\/wp\/v2\/media?parent=4691"}],"wp:term":[{"taxonomy":"product_cat","embeddable":true,"href":"http:\/\/klubmamgdynia.pl\/index.php\/wp-json\/wp\/v2\/product_cat?post=4691"},{"taxonomy":"product_tag","embeddable":true,"href":"http:\/\/klubmamgdynia.pl\/index.php\/wp-json\/wp\/v2\/product_tag?post=4691"}],"curies":[{"name":"wp","href":"https:\/\/api.w.org\/{rel}","templated":true}]}}