{"id":4693,"date":"2023-02-09T18:19:26","date_gmt":"2023-02-09T17:19:26","guid":{"rendered":"http:\/\/klubmamgdynia.pl\/?post_type=product&#038;p=4693"},"modified":"2026-04-28T01:23:36","modified_gmt":"2026-04-27T23:23:36","slug":"lampa-inny-e27-ben-nilsen-niebieska-fn019","status":"publish","type":"product","link":"http:\/\/klubmamgdynia.pl\/index.php\/produkt\/lampa-inny-e27-ben-nilsen-niebieska-fn019\/","title":{"rendered":"Lampa Inny E27 Ben Nilsen Niebieska Fn019"},"content":{"rendered":"<p>Kod produktu:FN019Producent:NilsenNapi\u0119cie:240VMoc:max 40WStopie\u0144 szczelno\u015bci:IP20Trzonek:E27Rodzaj \u017ar\u00f3d\u0142a \u015bwiat\u0142a:wymienne\u0179r\u00f3d\u0142o \u015bwiat\u0142a w komplecie:nie\u015aciemnialny:NieD\u0142ugo\u015b\u0107 przewodu:120cmRodzaj wtyczki:p\u0142askaOprawa ruchoma:takMateria\u0142:tworzywo sztuczne, metalKolor:niebieskiKlasa ochronno\u015bci:IIWysoko\u015b\u0107:400mmSzeroko\u015b\u0107:145mm<\/p>\n<h2>Lampa Inny E27 Ben Nilsen Niebieska Fn019 Nilsen<\/h2>\n<p>wycinanki dla dzieci do druku, zagadki dla dzieci z odpowiedziami, kolorowanki do druku super zings, flagi europy quiz, cytat dziecko, prezent dla rocznej dziewczynki, dinozaur bajka, aurelia imi\u0119, bajka o \u017cabie, cicha noc po angielsku tekst, bo\u017ce narodzenie quiz, imiona dla ch\u0142opc\u00f3w, zagadki na inteligencj\u0119, \u015bmieszne kanapki kanapki dla dzieci, rzadkie imiona \u017ce\u0144skie polskie, mitologia test, bezwarunkowa mi\u0142o\u015b\u0107 do dziecka cytaty, wiersz o wakacjach, magiczne drzewo czerwone krzes\u0142o test, quizy dla dzieci o zwierz\u0119tach<\/p>\n<p>yyyyy<\/p>\n<p>&nbsp;<\/p>\n","protected":false},"excerpt":{"rendered":"<p>Kod produktu:FN019Producent:NilsenNapi\u0119cie:240VMoc:max 40WStopie\u0144 szczelno\u015bci:IP20Trzonek:E27Rodzaj \u017ar\u00f3d\u0142a \u015bwiat\u0142a:wymienne\u0179r\u00f3d\u0142o \u015bwiat\u0142a w komplecie:nie\u015aciemnialny:NieD\u0142ugo\u015b\u0107 przewodu:120cmRodzaj wtyczki:p\u0142askaOprawa ruchoma:takMateria\u0142:tworzywo sztuczne, metalKolor:niebieskiKlasa ochronno\u015bci:IIWysoko\u015b\u0107:400mmSzeroko\u015b\u0107:145mm Lampa Inny E27 Ben Nilsen Niebieska Fn019 Nilsen wycinanki dla dzieci do druku, zagadki dla dzieci z odpowiedziami, kolorowanki do druku super zings, flagi europy quiz, cytat dziecko, prezent dla rocznej dziewczynki, dinozaur bajka, aurelia imi\u0119, bajka o \u017cabie, cicha [&hellip;]<\/p>\n","protected":false},"featured_media":4694,"comment_status":"closed","ping_status":"open","template":"","meta":[],"product_cat":[1254,1253],"product_tag":[787,770,701],"class_list":["post-4693","product","type-product","status-publish","has-post-thumbnail","hentry","product_cat-lampy-stolowe","product_cat-nilsen","product_tag-nauka-pisania-wyrazow-dla-dzieci-do-druku-pdf","product_tag-samolot-z-papieru","product_tag-zgadywanki-dla-dzieci"],"_links":{"self":[{"href":"http:\/\/klubmamgdynia.pl\/index.php\/wp-json\/wp\/v2\/product\/4693","targetHints":{"allow":["GET"]}}],"collection":[{"href":"http:\/\/klubmamgdynia.pl\/index.php\/wp-json\/wp\/v2\/product"}],"about":[{"href":"http:\/\/klubmamgdynia.pl\/index.php\/wp-json\/wp\/v2\/types\/product"}],"replies":[{"embeddable":true,"href":"http:\/\/klubmamgdynia.pl\/index.php\/wp-json\/wp\/v2\/comments?post=4693"}],"wp:featuredmedia":[{"embeddable":true,"href":"http:\/\/klubmamgdynia.pl\/index.php\/wp-json\/wp\/v2\/media\/4694"}],"wp:attachment":[{"href":"http:\/\/klubmamgdynia.pl\/index.php\/wp-json\/wp\/v2\/media?parent=4693"}],"wp:term":[{"taxonomy":"product_cat","embeddable":true,"href":"http:\/\/klubmamgdynia.pl\/index.php\/wp-json\/wp\/v2\/product_cat?post=4693"},{"taxonomy":"product_tag","embeddable":true,"href":"http:\/\/klubmamgdynia.pl\/index.php\/wp-json\/wp\/v2\/product_tag?post=4693"}],"curies":[{"name":"wp","href":"https:\/\/api.w.org\/{rel}","templated":true}]}}