{"id":4697,"date":"2011-05-21T00:18:49","date_gmt":"2011-05-20T22:18:49","guid":{"rendered":"http:\/\/klubmamgdynia.pl\/index.php\/produkt\/fotelik-samochodowy-cybex-platinum-cybex-cloud-z2-i-size-plus-nautical-blue-0-13kg\/"},"modified":"2026-04-06T00:34:36","modified_gmt":"2026-04-05T22:34:36","slug":"fotelik-samochodowy-cybex-platinum-cybex-cloud-z2-i-size-plus-nautical-blue-0-13kg","status":"publish","type":"product","link":"http:\/\/klubmamgdynia.pl\/index.php\/produkt\/fotelik-samochodowy-cybex-platinum-cybex-cloud-z2-i-size-plus-nautical-blue-0-13kg\/","title":{"rendered":"Fotelik samochodowy Cybex Platinum Cybex Cloud Z2 i-Size Plus Nautical Blue 0-13Kg"},"content":{"rendered":"<h2>Fotelik samochodowy Cybex Platinum Cybex Cloud Z2 i-Size Plus Nautical Blue 0-13Kg Cybex<\/h2>\n<p>zagadki logiczne dla doros\u0142ych, piosenka dla taty przedszkole, rado\u015b\u0107 dziecka cytaty, tupu tup po \u015bniegu tekst, malowanie past\u0105 do z\u0119b\u00f3w, paloma, krok jak narysowa\u0107 konia, quiz o miko\u0142ajku<\/p>\n<p>yyyyy<\/p>\n<p>&nbsp;<\/p>\n","protected":false},"excerpt":{"rendered":"<p>Fotelik samochodowy Cybex Platinum Cybex Cloud Z2 i-Size Plus Nautical Blue 0-13Kg Cybex zagadki logiczne dla doros\u0142ych, piosenka dla taty przedszkole, rado\u015b\u0107 dziecka cytaty, tupu tup po \u015bniegu tekst, malowanie past\u0105 do z\u0119b\u00f3w, paloma, krok jak narysowa\u0107 konia, quiz o miko\u0142ajku yyyyy &nbsp;<\/p>\n","protected":false},"featured_media":4698,"comment_status":"closed","ping_status":"open","template":"","meta":[],"product_cat":[34,32],"product_tag":[664,688,605,778,800,635],"class_list":["post-4697","product","type-product","status-publish","has-post-thumbnail","hentry","product_cat-cybex","product_cat-foteliki-samochodowe","product_tag-atrakcje-dla-dzieci-trojmiasto","product_tag-kolysanki-tekst","product_tag-milena","product_tag-zabawki-na-roczek-dla-chlopca","product_tag-zagadki-smieszne","product_tag-znaki-drogowe-do-druku"],"_links":{"self":[{"href":"http:\/\/klubmamgdynia.pl\/index.php\/wp-json\/wp\/v2\/product\/4697","targetHints":{"allow":["GET"]}}],"collection":[{"href":"http:\/\/klubmamgdynia.pl\/index.php\/wp-json\/wp\/v2\/product"}],"about":[{"href":"http:\/\/klubmamgdynia.pl\/index.php\/wp-json\/wp\/v2\/types\/product"}],"replies":[{"embeddable":true,"href":"http:\/\/klubmamgdynia.pl\/index.php\/wp-json\/wp\/v2\/comments?post=4697"}],"wp:featuredmedia":[{"embeddable":true,"href":"http:\/\/klubmamgdynia.pl\/index.php\/wp-json\/wp\/v2\/media\/4698"}],"wp:attachment":[{"href":"http:\/\/klubmamgdynia.pl\/index.php\/wp-json\/wp\/v2\/media?parent=4697"}],"wp:term":[{"taxonomy":"product_cat","embeddable":true,"href":"http:\/\/klubmamgdynia.pl\/index.php\/wp-json\/wp\/v2\/product_cat?post=4697"},{"taxonomy":"product_tag","embeddable":true,"href":"http:\/\/klubmamgdynia.pl\/index.php\/wp-json\/wp\/v2\/product_tag?post=4697"}],"curies":[{"name":"wp","href":"https:\/\/api.w.org\/{rel}","templated":true}]}}