{"id":4699,"date":"2014-09-28T14:18:57","date_gmt":"2014-09-28T12:18:57","guid":{"rendered":"http:\/\/klubmamgdynia.pl\/index.php\/produkt\/fotelik-samochodowy-babysafe-booster-podstawka-blue-15-36kg\/"},"modified":"2026-04-22T22:07:13","modified_gmt":"2026-04-22T20:07:13","slug":"fotelik-samochodowy-babysafe-booster-podstawka-blue-15-36kg","status":"publish","type":"product","link":"http:\/\/klubmamgdynia.pl\/index.php\/produkt\/fotelik-samochodowy-babysafe-booster-podstawka-blue-15-36kg\/","title":{"rendered":"Fotelik samochodowy Babysafe Booster Podstawka Blue 15-36Kg"},"content":{"rendered":"<p>Praktyczne siedzisko typu Booster jest przeznaczone dla dzieci od 15 do 36 kg, co zazwyczaj odpowiada przedzia\u0142owi wiekowemu 4-12 lat.Dzi\u0119ki niskiej wadze i \u0142atwo\u015bci monta\u017cu to rozwi\u0105zanie doceni\u0105 rodzice, kt\u00f3rzy korzystaj\u0105 z wielu \u015brodk\u00f3w transportu.<\/p>\n<h2>Fotelik samochodowy Babysafe Booster Podstawka Blue 15-36Kg BabySafe<\/h2>\n<p>test znaki drogowe, wierszyki na lany poniedzia\u0142ek, mi\u0142o\u015b\u0107 do dziecka cytaty, rysunki dla pocz\u0105tkuj\u0105cych, prezent dla nastoletniego ch\u0142opca, gabriela imie, kr\u00f3tkie czytanki dla dzieci do wydruku, zagadki o psach, bajeczki na dobranoc<\/p>\n<p>yyyyy<\/p>\n<p>&nbsp;<\/p>\n","protected":false},"excerpt":{"rendered":"<p>Praktyczne siedzisko typu Booster jest przeznaczone dla dzieci od 15 do 36 kg, co zazwyczaj odpowiada przedzia\u0142owi wiekowemu 4-12 lat.Dzi\u0119ki niskiej wadze i \u0142atwo\u015bci monta\u017cu to rozwi\u0105zanie doceni\u0105 rodzice, kt\u00f3rzy korzystaj\u0105 z wielu \u015brodk\u00f3w transportu. Fotelik samochodowy Babysafe Booster Podstawka Blue 15-36Kg BabySafe test znaki drogowe, wierszyki na lany poniedzia\u0142ek, mi\u0142o\u015b\u0107 do dziecka cytaty, rysunki [&hellip;]<\/p>\n","protected":false},"featured_media":4700,"comment_status":"closed","ping_status":"open","template":"","meta":[],"product_cat":[972,32],"product_tag":[744,858,814,767,820],"class_list":["post-4699","product","type-product","status-publish","has-post-thumbnail","hentry","product_cat-babysafe","product_cat-foteliki-samochodowe","product_tag-kolorowanki-swiateczne-do-wydruku","product_tag-podchwytliwe-zagadki","product_tag-prezenty-dla-nastolatek","product_tag-zaproszenia-urodzinowe-do-druku","product_tag-ziemia-wyspa-zielona-tekst"],"_links":{"self":[{"href":"http:\/\/klubmamgdynia.pl\/index.php\/wp-json\/wp\/v2\/product\/4699","targetHints":{"allow":["GET"]}}],"collection":[{"href":"http:\/\/klubmamgdynia.pl\/index.php\/wp-json\/wp\/v2\/product"}],"about":[{"href":"http:\/\/klubmamgdynia.pl\/index.php\/wp-json\/wp\/v2\/types\/product"}],"replies":[{"embeddable":true,"href":"http:\/\/klubmamgdynia.pl\/index.php\/wp-json\/wp\/v2\/comments?post=4699"}],"wp:featuredmedia":[{"embeddable":true,"href":"http:\/\/klubmamgdynia.pl\/index.php\/wp-json\/wp\/v2\/media\/4700"}],"wp:attachment":[{"href":"http:\/\/klubmamgdynia.pl\/index.php\/wp-json\/wp\/v2\/media?parent=4699"}],"wp:term":[{"taxonomy":"product_cat","embeddable":true,"href":"http:\/\/klubmamgdynia.pl\/index.php\/wp-json\/wp\/v2\/product_cat?post=4699"},{"taxonomy":"product_tag","embeddable":true,"href":"http:\/\/klubmamgdynia.pl\/index.php\/wp-json\/wp\/v2\/product_tag?post=4699"}],"curies":[{"name":"wp","href":"https:\/\/api.w.org\/{rel}","templated":true}]}}