{"id":4701,"date":"2025-01-12T10:38:19","date_gmt":"2025-01-12T09:38:19","guid":{"rendered":"http:\/\/klubmamgdynia.pl\/?post_type=product&#038;p=4701"},"modified":"2026-04-30T17:43:44","modified_gmt":"2026-04-30T15:43:44","slug":"mattel-zestaw-figurek-jurassic-world-claire-dilofozaur-gwm28","status":"publish","type":"product","link":"http:\/\/klubmamgdynia.pl\/index.php\/produkt\/mattel-zestaw-figurek-jurassic-world-claire-dilofozaur-gwm28\/","title":{"rendered":"Mattel Zestaw figurek Jurassic World Claire + Dilofozaur GWM28"},"content":{"rendered":"<p>Mattel Zestaw figurek Jurassic World Claire + Dilofozaur                            <\/p>\n<p>Obie figurki maj\u0105 ruchome stawy, autentyczne rze\u017abienie oraz realistyczne kolory i tekstury do odtwarzania interakcji dinozaur\u00f3w i ludzi lub tworzenia dramatycznych pokaz\u00f3w.                             <\/p>\n<p>Ka\u017cdy pakiet zawiera dwie figurki akcji \u2014 jedn\u0105 ludzk\u0105 posta\u0107 i jednego dinozaura, a tak\u017ce akcesoria do ustawienia sceny.                             <\/p>\n<p>Odwa\u017c si\u0119 zobaczy\u0107, jak mo\u017ce wygl\u0105da\u0107 prawdziwa zabawa dinozaurami! Wystarczy zeskanowa\u0107 ukryty kod DNA dowolnym inteligentnym urz\u0105dzeniem, aby odblokowa\u0107 do\u015bwiadczenia AR w aplikacji Jurassic World Facts.                            <\/p>\n<p>Jurassic World22 lata po wydarzeniach ukazanych w Parku Jurajskim na wyspie Isla Nublar dzia\u0142a w pe\u0142ni sprawny park rozrywki, kt\u00f3rego g\u0142\u00f3wn\u0105 atrakcj\u0105 s\u0105 przywr\u00f3cone do \u017cycia na drodze klonowania dinozaury. Spe\u0142ni\u0142o si\u0119 wielkie marzenie Johna Hammonda \u2013 park przyci\u0105ga miliony turyst\u00f3w. Wysp\u0105 zarz\u0105dza teraz firma Masrani Corporation, kt\u00f3ra wyci\u0105gn\u0119\u0142a wnioski z tragicznych wydarze\u0144, jakie mia\u0142y miejsce w 1993 roku. Park jest nieustannie strze\u017cony przez ochroniarzy wyposa\u017conych w nowoczesn\u0105 bro\u0144 i pojazdy. Jednak dinozaury zn\u00f3w wymykaj\u0105 si\u0119 spod kontroli&#8230;<\/p>\n<h2>Mattel Zestaw figurek Jurassic World Claire + Dilofozaur GWM28 Mattel<\/h2>\n<p>kolorowanka traktor, zyczenia walentynkowe dla dzieci, piosenki dla dzieci o jesieni, serce origami<\/p>\n<p>yyyyy<\/p>\n<p>&nbsp;<\/p>\n","protected":false},"excerpt":{"rendered":"<p>Mattel Zestaw figurek Jurassic World Claire + Dilofozaur Obie figurki maj\u0105 ruchome stawy, autentyczne rze\u017abienie oraz realistyczne kolory i tekstury do odtwarzania interakcji dinozaur\u00f3w i ludzi lub tworzenia dramatycznych pokaz\u00f3w. Ka\u017cdy pakiet zawiera dwie figurki akcji \u2014 jedn\u0105 ludzk\u0105 posta\u0107 i jednego dinozaura, a tak\u017ce akcesoria do ustawienia sceny. Odwa\u017c si\u0119 zobaczy\u0107, jak mo\u017ce wygl\u0105da\u0107 [&hellip;]<\/p>\n","protected":false},"featured_media":4702,"comment_status":"closed","ping_status":"open","template":"","meta":[],"product_cat":[95,289],"product_tag":[584,677,613,602,586,601],"class_list":["post-4701","product","type-product","status-publish","has-post-thumbnail","hentry","product_cat-figurki-makiety-i-zestawy","product_cat-mattel","product_tag-liwia","product_tag-milosz-imie","product_tag-na-wyspach-bergamutach","product_tag-quiz-o-zwierzetach-domowych","product_tag-smieszne-zagadki","product_tag-zagadki-co-to-jest"],"_links":{"self":[{"href":"http:\/\/klubmamgdynia.pl\/index.php\/wp-json\/wp\/v2\/product\/4701","targetHints":{"allow":["GET"]}}],"collection":[{"href":"http:\/\/klubmamgdynia.pl\/index.php\/wp-json\/wp\/v2\/product"}],"about":[{"href":"http:\/\/klubmamgdynia.pl\/index.php\/wp-json\/wp\/v2\/types\/product"}],"replies":[{"embeddable":true,"href":"http:\/\/klubmamgdynia.pl\/index.php\/wp-json\/wp\/v2\/comments?post=4701"}],"wp:featuredmedia":[{"embeddable":true,"href":"http:\/\/klubmamgdynia.pl\/index.php\/wp-json\/wp\/v2\/media\/4702"}],"wp:attachment":[{"href":"http:\/\/klubmamgdynia.pl\/index.php\/wp-json\/wp\/v2\/media?parent=4701"}],"wp:term":[{"taxonomy":"product_cat","embeddable":true,"href":"http:\/\/klubmamgdynia.pl\/index.php\/wp-json\/wp\/v2\/product_cat?post=4701"},{"taxonomy":"product_tag","embeddable":true,"href":"http:\/\/klubmamgdynia.pl\/index.php\/wp-json\/wp\/v2\/product_tag?post=4701"}],"curies":[{"name":"wp","href":"https:\/\/api.w.org\/{rel}","templated":true}]}}