{"id":4705,"date":"2021-06-07T01:03:45","date_gmt":"2021-06-06T23:03:45","guid":{"rendered":"http:\/\/klubmamgdynia.pl\/index.php\/produkt\/alvi-materac-do-kojca-6\/"},"modified":"2026-04-29T19:20:04","modified_gmt":"2026-04-29T17:20:04","slug":"alvi-materac-do-kojca-6","status":"publish","type":"product","link":"http:\/\/klubmamgdynia.pl\/index.php\/produkt\/alvi-materac-do-kojca-6\/","title":{"rendered":"Alvi Materac Do Kojca 6"},"content":{"rendered":"<p>Szczeg\u00f3\u0142y: wymiary: \u015brednica: 112 cm, wysoko\u015b\u0107: 5 cm materac wype\u0142niony piank\u0105 pianka o zimnej elastyczno\u015bci punktowej pokrowiec strona g\u00f3rna: TENCEL &amp; Dry: pokrowiec strona dolna: 100 % bawe\u0142na na zamek b\u0142yskawiczny zdejmowany przy pomocy zamka b\u0142yskawicznego produkt nale\u017cy pra\u0107 w temp. do 60\u00b0C, mo\u017cna suszy\u0107 w suszarce przeznaczona dla alergik\u00f3w Materia\u0142: Tencel &amp; Dry New-Age Faser Tencel 100% ekologiczny z naturalnych, szybko odnawialnych zasob\u00f3w, przyjemny dla sk\u00f3ry dziecka<\/p>\n<h2>Alvi Materac Do Kojca 6 Alvi<\/h2>\n<p>prezent dla siedemnastolatka, szlaczki dla dzieci, co\u015b dla nastolatk\u00f3w, zemsta quizy, karty pracy dla uczni\u00f3w z ukrainy, wystawy dla dzieci warszawa, nadie\u017cda imi\u0119, zagadki o bajkach, szablony postacie do szopki do druku, bajki dla dzieci czytane, rymowanki o pisankach<\/p>\n<p>yyyyy<\/p>\n<p>&nbsp;<\/p>\n","protected":false},"excerpt":{"rendered":"<p>Szczeg\u00f3\u0142y: wymiary: \u015brednica: 112 cm, wysoko\u015b\u0107: 5 cm materac wype\u0142niony piank\u0105 pianka o zimnej elastyczno\u015bci punktowej pokrowiec strona g\u00f3rna: TENCEL &amp; Dry: pokrowiec strona dolna: 100 % bawe\u0142na na zamek b\u0142yskawiczny zdejmowany przy pomocy zamka b\u0142yskawicznego produkt nale\u017cy pra\u0107 w temp. do 60\u00b0C, mo\u017cna suszy\u0107 w suszarce przeznaczona dla alergik\u00f3w Materia\u0142: Tencel &amp; Dry New-Age [&hellip;]<\/p>\n","protected":false},"featured_media":4706,"comment_status":"closed","ping_status":"open","template":"","meta":[],"product_cat":[121,1256],"product_tag":[817,626,753,645,866,661],"class_list":["post-4705","product","type-product","status-publish","has-post-thumbnail","hentry","product_cat-alvi","product_cat-kojce","product_tag-bajka-terapeutyczna-o-emocjach","product_tag-jacek","product_tag-kamila","product_tag-latwe-zagadki","product_tag-opis-do-zdjecia-dziecka-na-fb","product_tag-swinka-peppa-kolorowanka"],"_links":{"self":[{"href":"http:\/\/klubmamgdynia.pl\/index.php\/wp-json\/wp\/v2\/product\/4705","targetHints":{"allow":["GET"]}}],"collection":[{"href":"http:\/\/klubmamgdynia.pl\/index.php\/wp-json\/wp\/v2\/product"}],"about":[{"href":"http:\/\/klubmamgdynia.pl\/index.php\/wp-json\/wp\/v2\/types\/product"}],"replies":[{"embeddable":true,"href":"http:\/\/klubmamgdynia.pl\/index.php\/wp-json\/wp\/v2\/comments?post=4705"}],"wp:featuredmedia":[{"embeddable":true,"href":"http:\/\/klubmamgdynia.pl\/index.php\/wp-json\/wp\/v2\/media\/4706"}],"wp:attachment":[{"href":"http:\/\/klubmamgdynia.pl\/index.php\/wp-json\/wp\/v2\/media?parent=4705"}],"wp:term":[{"taxonomy":"product_cat","embeddable":true,"href":"http:\/\/klubmamgdynia.pl\/index.php\/wp-json\/wp\/v2\/product_cat?post=4705"},{"taxonomy":"product_tag","embeddable":true,"href":"http:\/\/klubmamgdynia.pl\/index.php\/wp-json\/wp\/v2\/product_tag?post=4705"}],"curies":[{"name":"wp","href":"https:\/\/api.w.org\/{rel}","templated":true}]}}