{"id":4707,"date":"2023-06-29T17:11:39","date_gmt":"2023-06-29T15:11:39","guid":{"rendered":"http:\/\/klubmamgdynia.pl\/?post_type=product&#038;p=4707"},"modified":"2026-04-06T00:50:29","modified_gmt":"2026-04-05T22:50:29","slug":"fotelik-samochodowy-summer-baby-bari-isofix-szary-0-36kg","status":"publish","type":"product","link":"http:\/\/klubmamgdynia.pl\/index.php\/produkt\/fotelik-samochodowy-summer-baby-bari-isofix-szary-0-36kg\/","title":{"rendered":"Fotelik samochodowy Summer Baby Bari Isofix Szary 0-36Kg"},"content":{"rendered":"<p>FOTELIK SAMOCHODOWY Summer Baby 0-36kg model BARI, Isofix, obrotowy 360\u00b0EKO SK\u00d3RA + ODDYCHAJ\u0104CY MATERIA\u0141 + WZMOCNIENIA BOCZNE + ISOFIX + PAS TOP TETHER + certyfikatu T\u00dcV &#8211; S\u00dcD = komfort i bezpiecze\u0144stwo , niezawodno\u015b\u0107 i jako\u015b\u0107 wykonania na najwy\u017cszym poziomie.SZARA WK\u0141ADKA:CZARNA WK\u0141ADKA:DLACZEGO WARTO KUPI\u0106 TEN FOTELIK?- BEZPIECZE\u0143STWO &#8211; fotelik jest bardzo bezpieczny dla dziecka. Przeszed\u0142 odpowiednie testy co potwierdza otrzymanie niemieckiego certyfikatu T\u00dcV &#8211; S\u00dcD oraz zgodno\u015b\u0107 ze standardami bezpiecze\u0144stwa ECE R44\/04 renomowanej instytucji potwierdzaj\u0105cy bezpiecze\u0144stwo , niezawodno\u015b\u0107 i jako\u015b\u0107 wykonania na najwy\u017cszym poziomie.- ISOFIX -wielkim atutem jest mo\u017cliwo\u015b\u0107 monta\u017cu fotelika z systemem mocowania ISOFIX,. To rozwi\u0105zanie daje jeszcze wi\u0119ksze bezpiecze\u0144stwo i stabilno\u015b\u0107 fotelika.- TOP TETHER -G\u00f3rny pasek mocuj\u0105cy (top tether) jest trzecim punktem zamocowania dla system\u00f3w LATCH, LUAS i ISOFIX. Pas ten zamocowany do punkt\u00f3w kotwiczenia w samochodzie i mocno naci\u0105gni\u0119ty, przeciwdzia\u0142a obrotowi fotelika zapi\u0119tego na mocowaniach ISOFIX. Poprawnie zamocowany i naci\u0105gni\u0119ty pas top tether, zabezpieczy Twoje dziecko i ustabilizuje fotelik, nie dopuszczaj\u0105c do jego obracania si\u0119 w razie powa\u017cnego zderzenia czo\u0142owego. Zmniejsza r\u00f3wnie\u017c stopie\u0144 pochylenia g\u0142owy dziecka do przodu, a wi\u0119c dodatkowo zabezpiecza j\u0105 przed obra\u017ceniami.- MONTA\u017b PRZODEM I TY\u0141EM DO KIERUNKU JAZDY &#8211; fotelik mo\u017cna zamontowa\u0107 przodem i ty\u0142em do kierunku jazdy!- 5-PUNKTOWE PASY BEZPIECZE\u0143STWA &#8211; fotelik posiada 5-cio punktowe pasy bezpiecze\u0144stwa zapewniaj\u0105ce niesamowit\u0105 ochron\u0119 dla dziecka! Dzi\u0119ki nim Ty i Twoje dziecko b\u0119dziecie czuli bezpiecze\u0144stwo i komfort w trakcie podr\u00f3\u017cy.- 10 STOPNIOWA REGULACJA ZAG\u0141\u00d3WKA &#8211; dzi\u0119ki niej dopasujesz idealnie fotelik do swojego rosn\u0105cego szybko dziecka, nie b\u0119dziesz musia\u0142 my\u015ble\u0107 o zakupie wi\u0119kszego fotelika- 4 STOPNIOWA REGULACJA OPARCIA &#8211; pozwala na ustawienie oparcia fotelika pod r\u00f3\u017cnymi k\u0105tami. Oparcie regulowane w 4 pozycjach, pozycja 1-3 przodem do kierunku jazdy , pozycja R ty\u0142em do kierunku jazdy.- REGULACJA WYSOKO\u015aCI pas\u00f3w bezpiecze\u0144stwa. Wystarczy podnie\u015b\u0107 zag\u0142\u00f3wek fotelika a automatycznie pasy bezpiecze\u0144stwa si\u0119 podnios\u0105! Pasy rosn\u0105 wraz z dzieckiem!- NAK\u0141ADKI NA PAS &#8211; fotelik wyposa\u017cony jest w specjalne nak\u0142adki na pas zapobiegaj\u0105ce otarciom przez pasy naszego maluszka, daj\u0105c mu przyjemno\u015b\u0107 podczas podr\u00f3\u017cy. Ze spodu posiadaj\u0105 specjaln\u0105 powierzchni\u0119 zabezpieczaj\u0105c\u0105 przed przesuwaniem si\u0119 pasa na ramionach dziecka.- UNIWERSALNY ROZMIAR &#8211; fotelik nadaje si\u0119 do ka\u017cdego samochodu daj\u0105c Ci pewno\u015b\u0107 dobrego dobrania fotelika do auta kt\u00f3re posiadasz!- HIGIENA U\u017bYTKOWANIA &#8211; pokrowiec wykonany jest w stu procentach z trwa\u0142ego i elastycznego materia\u0142u Poliester. Mo\u017cna go w ca\u0142o\u015bci zdj\u0105\u0107 z fotelika i wypra\u0107 w temperaturze 30 stopni Celsjusza. Niewiele fotelik\u00f3w daje tak\u0105 mo\u017cliwo\u015b\u0107!- GWARANCJA 24 MIESI\u0104CE ! &#8211; produkt nowy, z pe\u0142n\u0105 gwarancj\u0105 producenta.- POLSKA INSTRUKCJA OBS\u0141UGI &#8211; do fotelika do\u0142\u0105czona jest instrukcja w j\u0119zyku polskim.Waga: 9kgCZY FOTELIK JEST WYGODNY DLA DZIECKA?Fotelik jest wygodny i komfortowy poniewa\u017c posiada du\u017c\u0105 i mi\u0119kk\u0105 poduszk\u0119 na g\u0142ow\u0119. Dodatkowo Wasz fotelik wyposa\u017cony jest w piank\u0119 na siedzeniu i oparciu daj\u0105c dziecku odpr\u0119\u017cenie i relaks podczas podro\u017cy. Dzi\u0119ki 4 stopniowej regulacji oparcia oraz 10 stopniowej regulacji zag\u0142\u00f3wka dziecko b\u0119dzie mog\u0142o spokojnie zasn\u0105\u0107 w trakcie jazdy.DLACZEGO INNI WYBIERAJ\u0104 TEN MODEL?Z pewno\u015bci\u0105 najwa\u017cniejszym czynnikiem, wed\u0142ug rozm\u00f3w z setkami zadowolonych klient\u00f3w jest bardzo korzystny stosunek CENY do JAKO\u015aCI. Mo\u017cna w nim przewozi\u0107 najmniejsze dziecko, a w miar\u0119 jego dorastania wymontowywa\u0107 poduszki i wk\u0142adki, co umo\u017cliwi przewo\u017cenie dziecka wa\u017c\u0105cego nawet 36 kg. Fotelik ten posiada szeroki zakres regulacji. Zalet\u0105 tego modelu jest mo\u017cliwo\u015b\u0107 zdj\u0119cia wk\u0142adki dzi\u0119ki czemu mo\u017cemy zachowa\u0107 nienagann\u0105 czysto\u015b\u0107 fotelika. Ka\u017cdy wie jak wygl\u0105da otoczenie ma\u0142ego dziecka &#8211; ten fotelik ma na to rade! Wystarczy zdj\u0105\u0107 i upra\u0107 wk\u0142adk\u0119 w 30st C by zachowa\u0107 \u015bwietny wygl\u0105d i \u015bwie\u017co\u015b\u0107 fotelika.DLACZEGO INNE FOTELIKI Z TYMI FUNKCJAMI S\u0104 ZNACZNIE DRO\u017bSZE?A czy zdawa\u0142e\u015b sobie spraw\u0119 z tego, \u017ce w znacznej mierze p\u0142aci si\u0119 za rozpoznawalno\u015b\u0107 marki?Nasza marka by\u0107 mo\u017ce nie jest jeszcze tak bardzo znana jak inne drogie firmy, jednak nasze produkty spe\u0142niaj\u0105 najwy\u017csze standardy i w \u017caden spos\u00f3b nie r\u00f3\u017cni\u0105 si\u0119 jako\u015bci\u0105 od innych drogich fotelik\u00f3w.LEPIEJ KUPI\u0106 NOWY CZY U\u017bYWANY FOTELIK?Na to pytanie musisz sobie odpowiedzie\u0107 sam.Czy warto zaoszcz\u0119dzi\u0107 stosunkowo niewielk\u0105 kwot\u0119 i kupi\u0107 fotelik z nieznan\u0105 histori\u0105?Argument\u00f3w przeciw u\u017cywanym fotelikom samochodowym jest sporo. Podstawowy zarzut jest taki, \u017ce nie s\u0105 one w stanie zapewni\u0107 dziecku takiego poziomu bezpiecze\u0144stwa, jaki daje nowy fotelik wysokiej klasy. \u2013 &#8222;Kupuj\u0105c fotelik z drugiej r\u0119ki, nigdy nie wiemy, co tak naprawd\u0119 si\u0119 z nim wcze\u015bniej dzia\u0142o: mo\u017ce bra\u0142 udzia\u0142 w wypadku, mo\u017ce komu\u015b spad\u0142 i jest uszkodzony? A uszkodzony fotelik nie b\u0119dzie ju\u017c tak bezpieczny jak nowy, bo nawet je\u015bli nie wida\u0107 na zewn\u0105trz wyra\u017anych \u015blad\u00f3w zniszcze\u0144, to wewn\u0105trz mo\u017ce by\u0107 naruszona struktura fotelika, kt\u00f3ra mo\u017ce nie wytrzyma\u0107 kolejnych obci\u0105\u017ce\u0144, zwi\u0105zanych nawet z delikatn\u0105 st\u0142uczk\u0105 \u2013 m\u00f3wi Szymon Staniaszek, doradca ds. bezpiecze\u0144stwa dzieci w samochodzie z firmy Logis SA..&#8221; Konstrukcje starsze ni\u017c 4 lata nie odpowiadaj\u0105 obecnym osi\u0105gni\u0119ciom w tej dziedzinie i znacznie s\u0142abiej chroni\u0105 dzieci. Tworzywo u\u017cyte do produkcji fotelik\u00f3w samochodowych z up\u0142ywem czasu starzeje si\u0119. Dlatego wi\u0119kszo\u015b\u0107 producent\u00f3w zaleca, by foteliki z grupy 0 i I u\u017cywa\u0107 nie d\u0142u\u017cej ni\u017c pi\u0119\u0107 lat. Ponadto nowe foteliki posiadaj\u0105 gwarancj\u0119 producenta.DLACZEGO ZAM\u00d3WIENIE U NAS DAJE CI PEWNO\u015a\u0106 ZAKUPU?- WYSY\u0141KA ZA POBRANIEM &#8211; wysy\u0142amy przesy\u0142ki kurierem, zap\u0142acisz dopiero gdy fotelik b\u0119dzie u Ciebie.- WYSY\u0141KA 24H -Twoja przesy\u0142ka wyruszy w drog\u0119 najp\u00f3\u017aniej do 24H, wi\u0119c w ci\u0105gu 1-2 dni kurier przywiezie Ci j\u0105 prosto do Twojego domu!- FAKTURA ZAKUPU &#8211; do ka\u017cdego zakupu wysy\u0142amy na e-mail faktur\u0119 imienn\u0105 lub na firm\u0119.- LEGALNA FIRMA- jeste\u015bmy legalnie dzia\u0142aj\u0105c\u0105 i zarejestrowan\u0105 firm\u0105 pod nazw\u0105LIDERKING DAWID MI\u0141OCH ul. S\u0105decka 24B NIP: 7352800341- DO\u015aWIADCZENIE W SPRZEDA\u017bY &#8211; Posiadamy wieloletnie do\u015bwiadczenie w sprzeda\u017cy<\/p>\n<h2>Fotelik samochodowy Summer Baby Bari Isofix Szary 0-36Kg Summer Baby<\/h2>\n<p>wiersz o wakacjach, karty pracy dla uczni\u00f3w z ukrainy, zgadywanki, tajemniczy ogr\u00f3d test z lektury, zagadka dla dzieci, kolorowanki uk\u0142ad s\u0142oneczny, quiz zemsta, kawaly na prima aprilis, zagadki o bo\u017cym narodzeniu, cytat o mamie, lucjan imi\u0119, marcel znaczenie imienia, magiczne drzewo czerwone krzes\u0142o test, tabliczka mno\u017cenia zadania do druku, fajne \u017carty na prima aprilis, prezenty na urodziny dla nastolatk\u00f3w, historia pluszowego misia dla dzieci, prezenty dla rocznego dziecka, pikachu kolorowanka, kolorowanka traktor, quiz samochodowy<\/p>\n<p>yyyyy<\/p>\n<p>&nbsp;<\/p>\n","protected":false},"excerpt":{"rendered":"<p>FOTELIK SAMOCHODOWY Summer Baby 0-36kg model BARI, Isofix, obrotowy 360\u00b0EKO SK\u00d3RA + ODDYCHAJ\u0104CY MATERIA\u0141 + WZMOCNIENIA BOCZNE + ISOFIX + PAS TOP TETHER + certyfikatu T\u00dcV &#8211; S\u00dcD = komfort i bezpiecze\u0144stwo , niezawodno\u015b\u0107 i jako\u015b\u0107 wykonania na najwy\u017cszym poziomie.SZARA WK\u0141ADKA:CZARNA WK\u0141ADKA:DLACZEGO WARTO KUPI\u0106 TEN FOTELIK?- BEZPIECZE\u0143STWO &#8211; fotelik jest bardzo bezpieczny dla dziecka. Przeszed\u0142 [&hellip;]<\/p>\n","protected":false},"featured_media":4708,"comment_status":"closed","ping_status":"open","template":"","meta":[],"product_cat":[32,486],"product_tag":[624,644,714,623,713,869],"class_list":["post-4707","product","type-product","status-publish","has-post-thumbnail","hentry","product_cat-foteliki-samochodowe","product_cat-summer-baby","product_tag-krotkie-zagadki","product_tag-mia","product_tag-zagadki-logiczne","product_tag-zagadki-logiczne-smieszne","product_tag-zagadki-logiczne-z-odpowiedziami","product_tag-zagadki-na-logike"],"_links":{"self":[{"href":"http:\/\/klubmamgdynia.pl\/index.php\/wp-json\/wp\/v2\/product\/4707","targetHints":{"allow":["GET"]}}],"collection":[{"href":"http:\/\/klubmamgdynia.pl\/index.php\/wp-json\/wp\/v2\/product"}],"about":[{"href":"http:\/\/klubmamgdynia.pl\/index.php\/wp-json\/wp\/v2\/types\/product"}],"replies":[{"embeddable":true,"href":"http:\/\/klubmamgdynia.pl\/index.php\/wp-json\/wp\/v2\/comments?post=4707"}],"wp:featuredmedia":[{"embeddable":true,"href":"http:\/\/klubmamgdynia.pl\/index.php\/wp-json\/wp\/v2\/media\/4708"}],"wp:attachment":[{"href":"http:\/\/klubmamgdynia.pl\/index.php\/wp-json\/wp\/v2\/media?parent=4707"}],"wp:term":[{"taxonomy":"product_cat","embeddable":true,"href":"http:\/\/klubmamgdynia.pl\/index.php\/wp-json\/wp\/v2\/product_cat?post=4707"},{"taxonomy":"product_tag","embeddable":true,"href":"http:\/\/klubmamgdynia.pl\/index.php\/wp-json\/wp\/v2\/product_tag?post=4707"}],"curies":[{"name":"wp","href":"https:\/\/api.w.org\/{rel}","templated":true}]}}