{"id":471,"date":"2013-07-24T09:00:57","date_gmt":"2013-07-24T07:00:57","guid":{"rendered":"http:\/\/klubmamgdynia.pl\/index.php\/produkt\/zoocchini-majtki-treningowe-dziewczece-2-3-zoo8001\/"},"modified":"2026-04-12T13:42:28","modified_gmt":"2026-04-12T11:42:28","slug":"zoocchini-majtki-treningowe-dziewczece-2-3-zoo8001","status":"publish","type":"product","link":"http:\/\/klubmamgdynia.pl\/index.php\/produkt\/zoocchini-majtki-treningowe-dziewczece-2-3-zoo8001\/","title":{"rendered":"Zoocchini Majtki treningowe dziewcz\u0119ce 2-3 ZOO8001"},"content":{"rendered":"<p>Zoocchini Myjka Majtki Treningowe Dziewcz\u0119ce Od 2 do 3 Lat Numer kat. ZOO8001Majtki treningowe Zoocchini s\u0105 nie tylko urocze, maj\u0105 dodatkow\u0105 warstwa ch\u0142onnej frotte do ochrony przed wypadkami. Wykonane z 100% ekologicznej bawe\u0142ny, te majtki s\u0105 idealne dla Twojego dziecka jako pierwsza para prawdziwej bielizny. Produkt zapakowany jest w \u0142adne pude\u0142ko prezentowe. Idealne dla dzieci od 2 do 3 lat.U\u017cytkowanie:- pra\u0107 w 30 stopniach- nie wybiela\u0107- suszy\u0107 w pralce na niskim poziomieWykonany w 100% z bawe\u0142ny organicznej.Zaprojektowano w USA.Firma Zoocchini powsta\u0142a w domu w 2007 roku. Dzisiaj jest prowadzona przez zesp\u00f3\u0142 najja\u015bniejszych i najostrzejszych umys\u0142\u00f3w w bran\u017cy dzieci\u0119cej. Jest to jedna z najlepiej rozpoznawalnych marek butikowych marek w USA i Kanadzie. Zesp\u00f3\u0142 przynosi bogactwo wiedzy i talentu do marki ZOOCCHINI.Nasza misja jest prosta &#8211; aby najlepsze dost\u0119pne dla wszystkich dzieci! Nasze produkty wyr\u00f3\u017cniaj\u0105 si\u0119 naszej mi\u0142o\u015bci do zwierz\u0105t, natury i koloru. Budujemy pozytywny sygna\u0142, \u017ce wszyscy i wszystko jest pi\u0119kne &#8230; i jeste\u015bmy indywidualnie r\u00f3\u017cni! Kochamy to co robimy i robimy to, co kochamy. Znajduje to odzwierciedlenie w ka\u017cdym kawa\u0142ku tego co tworzymy.Produkty ZOOCCHINI znane s\u0105 na ca\u0142ym \u015bwiecie i ulubiony zar\u00f3wno przez rodzic\u00f3w i dzieci. Jeste\u015bmy zdeterminowani, by zapewni\u0107 jako\u015b\u0107 i bezpiecze\u0144stwo. Nasza dba\u0142o\u015b\u0107 o szczeg\u00f3\u0142y w ka\u017cdym aspekcie projektowania zawsze przynosz\u0105 najlepszy produkt wysokiej jako\u015bci je\u017celi to mo\u017cliwe. Produkty Zoocchini pozbawione s\u0105 BPA, o\u0142owiu i ftalan\u00f3w. Wszystkie produkty s\u0105 zaprojektowane w USA.<\/p>\n<h2>Zoocchini Majtki treningowe dziewcz\u0119ce 2-3 ZOO8001 Zoocchini<\/h2>\n<p>dzieci cytaty, zadania logiczne, bajki dla dzieci do czytania, ch\u0142opcy z placu broni &#8211; test z odpowiedziami, zagadki o wielkanocy dla dzieci, \u0142amig\u0142\u00f3wki matematyczne, trudne zadania matematyczne, zabawka na roczek dla ch\u0142opca, sentencje ma\u0142y ksi\u0105\u017ce cytaty, \u015bwinka peppa do czytania, jaki prezent na roczek, halloween 2021 dla dzieci, bajka na dobranoc do czytania, kolorowanka lol surprise<\/p>\n<p>yyyyy<\/p>\n<p>&nbsp;<\/p>\n","protected":false},"excerpt":{"rendered":"<p>Zoocchini Myjka Majtki Treningowe Dziewcz\u0119ce Od 2 do 3 Lat Numer kat. ZOO8001Majtki treningowe Zoocchini s\u0105 nie tylko urocze, maj\u0105 dodatkow\u0105 warstwa ch\u0142onnej frotte do ochrony przed wypadkami. Wykonane z 100% ekologicznej bawe\u0142ny, te majtki s\u0105 idealne dla Twojego dziecka jako pierwsza para prawdziwej bielizny. Produkt zapakowany jest w \u0142adne pude\u0142ko prezentowe. Idealne dla dzieci [&hellip;]<\/p>\n","protected":false},"featured_media":472,"comment_status":"closed","ping_status":"open","template":"","meta":[],"product_cat":[17,179],"product_tag":[611,851,682,799,604],"class_list":["post-471","product","type-product","status-publish","has-post-thumbnail","hentry","product_cat-pieluchy","product_cat-zoocchini","product_tag-bajki-do-czytania-psi-patrol","product_tag-jak-narysowac-kota","product_tag-przyjazn-cytaty","product_tag-zagadka-logiczna","product_tag-zagadki-trudne"],"_links":{"self":[{"href":"http:\/\/klubmamgdynia.pl\/index.php\/wp-json\/wp\/v2\/product\/471","targetHints":{"allow":["GET"]}}],"collection":[{"href":"http:\/\/klubmamgdynia.pl\/index.php\/wp-json\/wp\/v2\/product"}],"about":[{"href":"http:\/\/klubmamgdynia.pl\/index.php\/wp-json\/wp\/v2\/types\/product"}],"replies":[{"embeddable":true,"href":"http:\/\/klubmamgdynia.pl\/index.php\/wp-json\/wp\/v2\/comments?post=471"}],"wp:featuredmedia":[{"embeddable":true,"href":"http:\/\/klubmamgdynia.pl\/index.php\/wp-json\/wp\/v2\/media\/472"}],"wp:attachment":[{"href":"http:\/\/klubmamgdynia.pl\/index.php\/wp-json\/wp\/v2\/media?parent=471"}],"wp:term":[{"taxonomy":"product_cat","embeddable":true,"href":"http:\/\/klubmamgdynia.pl\/index.php\/wp-json\/wp\/v2\/product_cat?post=471"},{"taxonomy":"product_tag","embeddable":true,"href":"http:\/\/klubmamgdynia.pl\/index.php\/wp-json\/wp\/v2\/product_tag?post=471"}],"curies":[{"name":"wp","href":"https:\/\/api.w.org\/{rel}","templated":true}]}}