{"id":4711,"date":"2014-09-09T04:39:04","date_gmt":"2014-09-09T02:39:04","guid":{"rendered":"http:\/\/klubmamgdynia.pl\/index.php\/produkt\/mattel-jurassic-world-dziki-dinozaur-shringasaurus-hcl84\/"},"modified":"2026-04-06T01:18:36","modified_gmt":"2026-04-05T23:18:36","slug":"mattel-jurassic-world-dziki-dinozaur-shringasaurus-hcl84","status":"publish","type":"product","link":"http:\/\/klubmamgdynia.pl\/index.php\/produkt\/mattel-jurassic-world-dziki-dinozaur-shringasaurus-hcl84\/","title":{"rendered":"Mattel Jurassic World Dziki Dinozaur Shringasaurus Hcl84"},"content":{"rendered":"<p>Przygotuj si\u0119 na wartk\u0105 akcj\u0119 i przygody prosto ze \u015bwiata Jurassic World! Dzikie dinozaury s\u0105 znane z tego, \u017ce tworz\u0105 stada i poluj\u0105 oraz atakuj\u0105 wsp\u00f3lnie. Do wyboru s\u0105 mi\u0119so\u017cercy i ro\u015blino\u017cercy. Ka\u017cda figurka ma punkty zgi\u0119cia, realistyczny wygl\u0105d i wiernie odwzorowane detale. Wszystkie s\u0105 gotowe do efektownej zabawy i pokazu swoich umiej\u0119tno\u015bci. Figurki s\u0105 sprzedawane oddzielnie. Dla dzieci od 3 roku \u017cycia. Kolory i elementy dekoracyjne mog\u0105 si\u0119 r\u00f3\u017cni\u0107.Sta\u0144 si\u0119 cz\u0119\u015bci\u0105 ekscytuj\u0105cej przygody Jurassic World z dzikimi dinozaurami!Znane z tego, \u017ce tworz\u0105 stada i poluj\u0105 oraz atakuj\u0105 wsp\u00f3lnie, te dinozaury maj\u0105 punkty zgi\u0119cia do dynamicznej zabawy i ustawiania w r\u00f3\u017cnych pozach.Do wyboru masz mi\u0119so\u017cerc\u00f3w i ro\u015blino\u017cerc\u00f3w o realistycznym wygl\u0105dzie i wiernie odwzorowanych detalach. Figurki s\u0105 sprzedawane oddzielnie.Wspania\u0142y prezent dla dzieci od 3 roku \u017cycia, zw\u0142aszcza tych, kt\u00f3re uwielbiaj\u0105 filmy Jurassic World, dinozaury i odgrywanie ulubionych scen!Pobierz aplikacj\u0119 Jurassic World Facts (Android i iOS), aby jeszcze bardziej uatrakcyjni\u0107 zabaw\u0119! Za pomoc\u0105 aplikacji mo\u017cesz zeskanowa\u0107 figurk\u0119 dinozaura, by zobaczy\u0107, jak o\u017cywa, przyjrze\u0107 si\u0119 mu z bliska, us\u0142ysze\u0107 jego ryk, pozna\u0107 ciekawe fakty o tych prehistorycznych zwierz\u0119tach i nie tylko.<\/p>\n<h2>Mattel Jurassic World Dziki Dinozaur Shringasaurus Hcl84 Mattel<\/h2>\n<p>kolorowanki dla ch\u0142opc\u00f3w do druku, cytat o dziecku, kartki na dobranoc dla przyjaci\u00f3\u0142, test miko\u0142ajek, kolorowanki disney, quizy o miko\u0142ajku, list do sw mikolaja, pomys\u0142 na prezent dla 15 latki, prezent dla dziecka na roczek, zagadki dla 4 latka, 1 listopada dzie\u0144 wszystkich \u015bwi\u0119tych kolorowanki, ninjago kolorowanka, kr\u00f3tkie bajki dla dzieci do czytania, wieliczka bon turystyczny, klockownia wroc\u0142aw, kolorowanki lego ninjago, imie leon, zagadki logiczne trudne, beniamin imi\u0119<\/p>\n<p>yyyyy<\/p>\n<p>&nbsp;<\/p>\n","protected":false},"excerpt":{"rendered":"<p>Przygotuj si\u0119 na wartk\u0105 akcj\u0119 i przygody prosto ze \u015bwiata Jurassic World! Dzikie dinozaury s\u0105 znane z tego, \u017ce tworz\u0105 stada i poluj\u0105 oraz atakuj\u0105 wsp\u00f3lnie. Do wyboru s\u0105 mi\u0119so\u017cercy i ro\u015blino\u017cercy. Ka\u017cda figurka ma punkty zgi\u0119cia, realistyczny wygl\u0105d i wiernie odwzorowane detale. Wszystkie s\u0105 gotowe do efektownej zabawy i pokazu swoich umiej\u0119tno\u015bci. Figurki s\u0105 [&hellip;]<\/p>\n","protected":false},"featured_media":4712,"comment_status":"closed","ping_status":"open","template":"","meta":[],"product_cat":[95,289],"product_tag":[677,759,774,868,760],"class_list":["post-4711","product","type-product","status-publish","has-post-thumbnail","hentry","product_cat-figurki-makiety-i-zestawy","product_cat-mattel","product_tag-milosz-imie","product_tag-pomysly-na-prezent-dla-nastolatkow","product_tag-prezent-na-roczek-nie-zabawka","product_tag-quizy-dla-dzieci","product_tag-zagadka-matematyczna"],"_links":{"self":[{"href":"http:\/\/klubmamgdynia.pl\/index.php\/wp-json\/wp\/v2\/product\/4711","targetHints":{"allow":["GET"]}}],"collection":[{"href":"http:\/\/klubmamgdynia.pl\/index.php\/wp-json\/wp\/v2\/product"}],"about":[{"href":"http:\/\/klubmamgdynia.pl\/index.php\/wp-json\/wp\/v2\/types\/product"}],"replies":[{"embeddable":true,"href":"http:\/\/klubmamgdynia.pl\/index.php\/wp-json\/wp\/v2\/comments?post=4711"}],"wp:featuredmedia":[{"embeddable":true,"href":"http:\/\/klubmamgdynia.pl\/index.php\/wp-json\/wp\/v2\/media\/4712"}],"wp:attachment":[{"href":"http:\/\/klubmamgdynia.pl\/index.php\/wp-json\/wp\/v2\/media?parent=4711"}],"wp:term":[{"taxonomy":"product_cat","embeddable":true,"href":"http:\/\/klubmamgdynia.pl\/index.php\/wp-json\/wp\/v2\/product_cat?post=4711"},{"taxonomy":"product_tag","embeddable":true,"href":"http:\/\/klubmamgdynia.pl\/index.php\/wp-json\/wp\/v2\/product_tag?post=4711"}],"curies":[{"name":"wp","href":"https:\/\/api.w.org\/{rel}","templated":true}]}}