{"id":4713,"date":"2025-04-06T08:00:26","date_gmt":"2025-04-06T06:00:26","guid":{"rendered":"http:\/\/klubmamgdynia.pl\/?post_type=product&#038;p=4713"},"modified":"2026-04-29T14:43:16","modified_gmt":"2026-04-29T12:43:16","slug":"pinypon-zabawkowy-posterunek-policji","status":"publish","type":"product","link":"http:\/\/klubmamgdynia.pl\/index.php\/produkt\/pinypon-zabawkowy-posterunek-policji\/","title":{"rendered":"Pinypon Zabawkowy Posterunek Policji"},"content":{"rendered":"<p>W tej zabawkowej komendzie policji marki PinyPon mo\u017cesz wcieli\u0107 si\u0119 w rol\u0119 policjanta, z\u0142odzieja lub superbohatera ratuj\u0105cego ludzi, co b\u0119dzie \u015bwietn\u0105 zabaw\u0105. Zestaw zawiera 3 palny, takie jak komenda policji z lochami, laboratorium i stacj\u0119 superbohatera z mn\u00f3stwem pu\u0142apek, dzi\u0119ki kt\u00f3rym z\u0142apie z\u0142e charaktery i ochroni tajemnic\u0119. Mo\u017cesz tworzy\u0107 w\u0142asne kombinacje z wieloma ma\u0142ymi akcesoriami, nacisn\u0105\u0107 przycisk aby wystrzeli\u0107 figurk\u0119 z kopu\u0142y lub by\u0107 superbohaterem i uratowa\u0107 wszystkich. Dodatkowo ten zestaw ma alarm ze \u015bwiat\u0142em i d\u017awi\u0119kiem syreny policyjnej. Dzi\u0119ki realistycznym detalom i r\u00f3\u017cnorodnym scenom ta zabawkowa komenda policji b\u0119dzie Twoim nowym ulubie\u0144cem.<\/p>\n<h2>Pinypon Zabawkowy Posterunek Policji Pinypon<\/h2>\n<p>izabella imi\u0119, gdzie nad wod\u0119 ko\u0142o warszawy, gad\u017cety dla nastolatka, bajki dla dzieci do czytania na dobranoc, tupcio chrupcio bajka do czytania, lidia imie, test magiczne drzewo czerwone krzes\u0142o, gotowe zaproszenia na urodziny do wydrukowania, podchwytliwe zagadki na inteligencj\u0119<\/p>\n<p>yyyyy<\/p>\n<p>&nbsp;<\/p>\n","protected":false},"excerpt":{"rendered":"<p>W tej zabawkowej komendzie policji marki PinyPon mo\u017cesz wcieli\u0107 si\u0119 w rol\u0119 policjanta, z\u0142odzieja lub superbohatera ratuj\u0105cego ludzi, co b\u0119dzie \u015bwietn\u0105 zabaw\u0105. Zestaw zawiera 3 palny, takie jak komenda policji z lochami, laboratorium i stacj\u0119 superbohatera z mn\u00f3stwem pu\u0142apek, dzi\u0119ki kt\u00f3rym z\u0142apie z\u0142e charaktery i ochroni tajemnic\u0119. Mo\u017cesz tworzy\u0107 w\u0142asne kombinacje z wieloma ma\u0142ymi akcesoriami, [&hellip;]<\/p>\n","protected":false},"featured_media":4714,"comment_status":"closed","ping_status":"open","template":"","meta":[],"product_cat":[141,1257],"product_tag":[776,585,795,749],"class_list":["post-4713","product","type-product","status-publish","has-post-thumbnail","hentry","product_cat-parkingi-garaze-i-tory-wyscigowe","product_cat-pinypon","product_tag-dobrej-nocy","product_tag-kolorowanki-dla-chlopcow","product_tag-mini-zoo-warszawa","product_tag-najlepsze-zarty-na-prima-aprilis"],"_links":{"self":[{"href":"http:\/\/klubmamgdynia.pl\/index.php\/wp-json\/wp\/v2\/product\/4713","targetHints":{"allow":["GET"]}}],"collection":[{"href":"http:\/\/klubmamgdynia.pl\/index.php\/wp-json\/wp\/v2\/product"}],"about":[{"href":"http:\/\/klubmamgdynia.pl\/index.php\/wp-json\/wp\/v2\/types\/product"}],"replies":[{"embeddable":true,"href":"http:\/\/klubmamgdynia.pl\/index.php\/wp-json\/wp\/v2\/comments?post=4713"}],"wp:featuredmedia":[{"embeddable":true,"href":"http:\/\/klubmamgdynia.pl\/index.php\/wp-json\/wp\/v2\/media\/4714"}],"wp:attachment":[{"href":"http:\/\/klubmamgdynia.pl\/index.php\/wp-json\/wp\/v2\/media?parent=4713"}],"wp:term":[{"taxonomy":"product_cat","embeddable":true,"href":"http:\/\/klubmamgdynia.pl\/index.php\/wp-json\/wp\/v2\/product_cat?post=4713"},{"taxonomy":"product_tag","embeddable":true,"href":"http:\/\/klubmamgdynia.pl\/index.php\/wp-json\/wp\/v2\/product_tag?post=4713"}],"curies":[{"name":"wp","href":"https:\/\/api.w.org\/{rel}","templated":true}]}}