{"id":4715,"date":"2019-01-05T18:59:29","date_gmt":"2019-01-05T17:59:29","guid":{"rendered":"http:\/\/klubmamgdynia.pl\/index.php\/produkt\/zestaw-fantech-mysz-dla-graczy-gamingowa-podkladka\/"},"modified":"2026-04-29T11:05:03","modified_gmt":"2026-04-29T09:05:03","slug":"zestaw-fantech-mysz-dla-graczy-gamingowa-podkladka","status":"publish","type":"product","link":"http:\/\/klubmamgdynia.pl\/index.php\/produkt\/zestaw-fantech-mysz-dla-graczy-gamingowa-podkladka\/","title":{"rendered":"ZESTAW FANTECH MYSZ DLA GRACZY GAMINGOWA PODK\u0141ADKA"},"content":{"rendered":"<p>Fantech to uznany producent akcesori\u00f3w gamingowych o \u015bwiatowej reputacji. Jest to firma g\u0142\u0119boko zaanga\u017cowana w promocj\u0119 e-sportu. Jej logo w formie skrzyde\u0142 wyra\u017ca pragnienie, by sta\u0107 si\u0119 trampolin\u0105 sukcesu dla graczy zar\u00f3wno w codziennej rozrywce jak te\u017c w zaawansowanych zastosowaniach turniejowych. Niezale\u017cnie czy grasz dla przyjemno\u015bci czy zawodowo, w szerokiej ofercie Fantechu znajdziesz co\u015b dla siebie. Dzi\u0119ki oficjalnej dystrybucji, HITECH zapewni Ci produkty klasy PREMIUM w cenach zarezerwowanych dot\u0105d dla segmentu ekonomicznego. Skorzystaj z tej promocji ju\u017c dzi\u015b i ciesz si\u0119 niespotykan\u0105 jako\u015bci\u0105.MYSZ GAMINGOWA BEZPRZEWODOWA FANTECH RAIGOR II WG10 + Podk\u0142adka gamingowa pod mysz FANTECH MP452Specyfikacja podk\u0142adki :Antypo\u015blizgowy materia\u0142, kt\u00f3ry idealnie dopasowuje si\u0119 do biurka i nie spowoduje niechcianych ruch\u00f3w podk\u0142adkiWymiary 450 x 400 x 4mmPowierzchnia typu speed (podk\u0142adki FANTECH wykonane s\u0105 z niesamowicie g\u0142adkiego materia\u0142u, dzi\u0119ki kt\u00f3remu ruchy myszki b\u0119d\u0105 p\u0142ynne i dok\u0142adne.Podk\u0142adka nadaje si\u0119 do gier typu FPS (CS:GO), cRPG (WIED\u0179MIN), BATTLE ROYALE (APEX, COD:WARZONE, FORTNITE)Wzmocnione obszycia na kraw\u0119dziachFANTECH MP452 \u015bwietnie sprawdzi si\u0119 zar\u00f3wno w pracy jak i przy wielogodzinnych sesjach gamingowychIdealna zar\u00f3wno dla graczy jak i do pracySpecyfikacja myszki:Technologia \u0142\u0105czenia USB (2,4GHz)Rodzaj sensora OptycznyCzu\u0142o\u015b\u0107 (DPI) 2000IPS (inch per second) 30Liczba przycisk\u00f3w 6Typ przewijaka K\u00f3\u0142koKolor Czarny, Szary, CzerwonyProfil UniwersalnaWymiary (mm) 114x70x38Wymagany system Windows MacOS Linux Chrome OSBateria w zestawiekod produktu (APPMFMP452VBL+ AMGFWG102000BK\/AMGFWG102000G\/AMGFWG102000R))Firma FANTECH zosta\u0142a stworzona dla graczy. Sensor zastosowany w myszce RAIGOR II WG10 jest jednym z wiod\u0105cych w danym segmencie sprz\u0119tu co sprawia, \u017ce urz\u0105dzenie idealnie nadaje si\u0119 do grania czy pracy.Dzi\u0119ki wysokiej jako\u015bci komponentom zastosowanym w myszce RAIGOR II WG10 takim jak g\u0142adkie teflonowe wyko\u0144czenie \u015blizgaczy mo\u017cesz by\u0107 pewny, \u017ce ka\u017cdy tw\u00f3j ruch zostanie idealnie odwzorowany. Koniec z przypadkowymi ruchami myszki.Prze\u0142\u0105czaj DPI w dowolnym momencieB\u0105d\u017a got\u00f3w. Mo\u017cliwo\u015b\u0107 zmiany DPI w przedziale 800-1600\/2000, kiedy tylko chcesz. W\u0142a\u015bciwe przesuni\u0119cia myszki w ka\u017cdej sytuacji i w ka\u017cdej grze.Prze\u0142\u0105czniki wykonane z my\u015bl\u0105 o trwa\u0142o\u015bciMysz FANTECH RAIGOR II WG10 wyposa\u017cona jest w prze\u0142\u0105czniki wytrzymuj\u0105ce do 5 mln klikni\u0119\u0107, zapewniaj\u0105ce dodatkow\u0105 trwa\u0142o\u015b\u0107 nawet w ekstremalnych warunkach u\u017cytkowania, kt\u00f3re s\u0105 gwarantem jako\u015bci i wytrzyma\u0142o\u015bci urz\u0105dzenia.Pierwsz\u0105 rzecz\u0105, kt\u00f3r\u0105 gracz odczuje, gdy po\u0142o\u017cy r\u0119k\u0119 na myszce Fantech to jej niesamowita ergonomia.Ka\u017cde umiejscowienie guzika i ka\u017cda krzywa na naszych myszkach zosta\u0142a stworzona, aby \u015bci\u015ble przylega\u0107 do d\u0142oni.W przeciwie\u0144stwie do biurowych urz\u0105dze\u0144 wskazuj\u0105cych dost\u0119pnych na rynku myszy Fantech s\u0105 zaprojektowane tak, by da\u0107 u\u017cytkownikom maksymaln\u0105 ergonomi\u0119 i najwy\u017csze parametry pracy. Wiele lat do\u015bwiadczenia, seria test\u00f3w dopasowuj\u0105ca produkty pod k\u0105tem kszta\u0142t\u00f3w i rozmiar\u00f3w d\u0142oni, analiza sposobu trzymania\/chwytu urz\u0105dze\u0144 przez r\u00f3\u017cnych u\u017cytkownik\u00f3w pozwala na znalezienie najlepszego rozwi\u0105zania dla ka\u017cdego.Z ka\u017cd\u0105 now\u0105 myszk\u0105 do gier Fantech, kt\u00f3r\u0105 tworzymy, poprawiamy ergonomi\u0119, aby zapewni\u0107 Ci najbardziej komfortowe wra\u017cenia z gryPodk\u0142adki FANTECH zapewniaj\u0105 precyzj\u0119 ruchu twojego gryzonia, aby osi\u0105gn\u0105\u0107 najwi\u0119ksz\u0105 wygod\u0119 podczas wielogodzinnych sesji gamingowych.Materia\u0142 z kt\u00f3rego zosta\u0142y wykonane podk\u0142adki pozwalaj\u0105 na szybsz\u0105 komunikacj\u0119 komputer-myszka.Naturalna guma, o wysokiej przyczepno\u015bci, zapobiega przesuwaniu si\u0119 podk\u0142adki niezale\u017cnie na jakim pod\u0142o\u017cu si\u0119 znajduje.<\/p>\n<h2>ZESTAW FANTECH MYSZ DLA GRACZY GAMINGOWA PODK\u0141ADKA Esperanza<\/h2>\n<p>prezent dla rocznej dziewczynki, znaki drogowe test online, z\u0142ote my\u015bli kubu\u015b puchatek cytaty, cytaty o przyja\u017ani kr\u00f3tkie, mia imi\u0119<\/p>\n<p><a href=\"https:\/\/aspekto.pl\/pl\/p\/EGMONT-RYCERZE-I-ZAMKI-GRA-PLANSZOWA-FAMILIJNA-TOWARZYSKA-6-\/117638\">https:\/\/aspekto.pl\/pl\/p\/EGMONT-RYCERZE-I-ZAMKI-GRA-PLANSZOWA-FAMILIJNA-TOWARZYSKA-6-\/117638<\/a><\/p>\n<p>&nbsp;<\/p>\n","protected":false},"excerpt":{"rendered":"<p>Fantech to uznany producent akcesori\u00f3w gamingowych o \u015bwiatowej reputacji. Jest to firma g\u0142\u0119boko zaanga\u017cowana w promocj\u0119 e-sportu. Jej logo w formie skrzyde\u0142 wyra\u017ca pragnienie, by sta\u0107 si\u0119 trampolin\u0105 sukcesu dla graczy zar\u00f3wno w codziennej rozrywce jak te\u017c w zaawansowanych zastosowaniach turniejowych. Niezale\u017cnie czy grasz dla przyjemno\u015bci czy zawodowo, w szerokiej ofercie Fantechu znajdziesz co\u015b dla [&hellip;]<\/p>\n","protected":false},"featured_media":4716,"comment_status":"closed","ping_status":"open","template":"","meta":[],"product_cat":[1258,1259],"product_tag":[676,681,670],"class_list":["post-4715","product","type-product","status-publish","has-post-thumbnail","hentry","product_cat-esperanza","product_cat-pozostale-akcesoria-komputerowe","product_tag-bursztynek","product_tag-flagi-europy-quiz","product_tag-irma"],"_links":{"self":[{"href":"http:\/\/klubmamgdynia.pl\/index.php\/wp-json\/wp\/v2\/product\/4715","targetHints":{"allow":["GET"]}}],"collection":[{"href":"http:\/\/klubmamgdynia.pl\/index.php\/wp-json\/wp\/v2\/product"}],"about":[{"href":"http:\/\/klubmamgdynia.pl\/index.php\/wp-json\/wp\/v2\/types\/product"}],"replies":[{"embeddable":true,"href":"http:\/\/klubmamgdynia.pl\/index.php\/wp-json\/wp\/v2\/comments?post=4715"}],"wp:featuredmedia":[{"embeddable":true,"href":"http:\/\/klubmamgdynia.pl\/index.php\/wp-json\/wp\/v2\/media\/4716"}],"wp:attachment":[{"href":"http:\/\/klubmamgdynia.pl\/index.php\/wp-json\/wp\/v2\/media?parent=4715"}],"wp:term":[{"taxonomy":"product_cat","embeddable":true,"href":"http:\/\/klubmamgdynia.pl\/index.php\/wp-json\/wp\/v2\/product_cat?post=4715"},{"taxonomy":"product_tag","embeddable":true,"href":"http:\/\/klubmamgdynia.pl\/index.php\/wp-json\/wp\/v2\/product_tag?post=4715"}],"curies":[{"name":"wp","href":"https:\/\/api.w.org\/{rel}","templated":true}]}}