{"id":4719,"date":"2016-06-25T17:35:06","date_gmt":"2016-06-25T15:35:06","guid":{"rendered":"http:\/\/klubmamgdynia.pl\/index.php\/produkt\/fotelik-samochodowy-summer-baby-cosmo-czerwony-9-36kg\/"},"modified":"2026-04-06T06:23:08","modified_gmt":"2026-04-06T04:23:08","slug":"fotelik-samochodowy-summer-baby-cosmo-czerwony-9-36kg","status":"publish","type":"product","link":"http:\/\/klubmamgdynia.pl\/index.php\/produkt\/fotelik-samochodowy-summer-baby-cosmo-czerwony-9-36kg\/","title":{"rendered":"Fotelik samochodowy Summer Baby Cosmo Czerwony 9-36Kg"},"content":{"rendered":"<p>SUMMER BABY FOTELIK SAMOCHODOWY COSMO CZERWONY 9-36 kg fotelik samochodowy przeznaczony dla dzieci o wadze 9-36 kg, przedzia\u0142 wiekowy od 9 miesi\u0119cy do oko\u0142o 12 lat, fotelik sk\u0142ada si\u0119 z dw\u00f3ch cz\u0119\u015bci: podstawki z wyprofilowanymi pod\u0142okietnikami oraz oparcia, mo\u017cna go montowa\u0107 w samochodach wyposa\u017conych w 3-punktowe pasy bezpiecze\u0144stwa zgodnie z norm\u0105 UN\/ECE punkt 16, czyli tradycyjne pasy, w jakie powinien by\u0107 wyposa\u017cony ka\u017cdy samoch\u00f3d, dla starszych dzieci istnieje mo\u017cliwo\u015b\u0107 zdemontowania oparcia fotelika &#8211; zostaje wygodna podk\u0142adka, fotelik posiada regulowany zag\u0142\u00f3wek, dzi\u0119ki kt\u00f3remu mo\u017cna go dopasowa\u0107 do wzrostu dziecka, dzi\u0119ki odchylanemu oparciu mo\u017cna dopasowa\u0107 fotelik do ka\u017cdego rodzaju oparcia tylnej kanapy samochodu. Pochylane oparcie s\u0142u\u017cy tylko do dopasowania fotelika do danego typu siedzenia w samochodzie, do ka\u017cdego fotelika do\u0142\u0105czona jest instrukcja jego monta\u017cu w j\u0119zyku polskim, szeroki wachlarz kolor\u00f3w pozwala na wyb\u00f3r produktu odpowiedniego do wn\u0119trza samochodu, posiada wszystkie certyfikaty zgodne z ECE R44\/04. DODATKOWY OPIS: dolna mi\u0119kka podk\u0142adka; os\u0142ony na pasy bezpiecze\u0144stwa; dzi\u0119ki mi\u0119kkiej os\u0142onie zapi\u0119cie nie uciska dziecka; specjalnie wyprofilowane pod\u0142okietniki; konstrukcja fotelika wykonana z plastiku; nie posiada element\u00f3w styropianowych; dla wygody dziecka na plastikowym stela\u017cu fotelika zastosowano dodatkow\u0105 mi\u0119kk\u0105 piank\u0119; wk\u0142adka dla m\u0142odszych dzieci jest wype\u0142niona podw\u00f3jn\u0105 warstw\u0105 g\u0105bki; blokada uniemo\u017cliwiaj\u0105ca samoczynne opadanie zag\u0142\u00f3wka; fotelik od pocz\u0105tku do ko\u0144ca &#8211; grupa I 9-18 kg. gdy dziecko jest ma\u0142e &#8211; grupa II i III 15-36 kg. gdy dziecko jest wi\u0119ksze najpierw wyci\u0105gamy wk\u0142adki, nast\u0119pnie demontujemy pasy i zapinamy samochodowym pasem &#8211; grupa III 22-36 kg. Demontujemy oparcie i zostaje sama podk\u0142adka; dzi\u0119ki zastosowaniu antypo\u015blizgowego materia\u0142u, ochraniacze na pasy nie zsuwaj\u0105 si\u0119; dost\u0119pne kolory: czerwony, br\u0105zowy, niebieski, szary, zielony, granatowy, pomara\u0144czowy, fioletowy, czarny.<\/p>\n<h2>Fotelik samochodowy Summer Baby Cosmo Czerwony 9-36Kg Summer Baby<\/h2>\n<p>motto dla nauczyciela, kolorowanki do druku dla doros\u0142ych, zawiedziona przyja\u017a\u0144 cytaty, jak narysowa\u0107, irma, zimowe zagadki, kolorowanki star wars, prezenty dla rocznego dziecka, imiona z bajek, laurka dla mamy rysunek, nastolatka, piosenki dla dzieci o jesieni<\/p>\n<p>yyyyy<\/p>\n<p>&nbsp;<\/p>\n","protected":false},"excerpt":{"rendered":"<p>SUMMER BABY FOTELIK SAMOCHODOWY COSMO CZERWONY 9-36 kg fotelik samochodowy przeznaczony dla dzieci o wadze 9-36 kg, przedzia\u0142 wiekowy od 9 miesi\u0119cy do oko\u0142o 12 lat, fotelik sk\u0142ada si\u0119 z dw\u00f3ch cz\u0119\u015bci: podstawki z wyprofilowanymi pod\u0142okietnikami oraz oparcia, mo\u017cna go montowa\u0107 w samochodach wyposa\u017conych w 3-punktowe pasy bezpiecze\u0144stwa zgodnie z norm\u0105 UN\/ECE punkt 16, czyli [&hellip;]<\/p>\n","protected":false},"featured_media":4720,"comment_status":"closed","ping_status":"open","template":"","meta":[],"product_cat":[32,486],"product_tag":[871,817,712,725],"class_list":["post-4719","product","type-product","status-publish","has-post-thumbnail","hentry","product_cat-foteliki-samochodowe","product_cat-summer-baby","product_tag-bajka-o-smoku-wawelskim","product_tag-bajka-terapeutyczna-o-emocjach","product_tag-zagadki-o-zwierzetach","product_tag-zgadywanki"],"_links":{"self":[{"href":"http:\/\/klubmamgdynia.pl\/index.php\/wp-json\/wp\/v2\/product\/4719","targetHints":{"allow":["GET"]}}],"collection":[{"href":"http:\/\/klubmamgdynia.pl\/index.php\/wp-json\/wp\/v2\/product"}],"about":[{"href":"http:\/\/klubmamgdynia.pl\/index.php\/wp-json\/wp\/v2\/types\/product"}],"replies":[{"embeddable":true,"href":"http:\/\/klubmamgdynia.pl\/index.php\/wp-json\/wp\/v2\/comments?post=4719"}],"wp:featuredmedia":[{"embeddable":true,"href":"http:\/\/klubmamgdynia.pl\/index.php\/wp-json\/wp\/v2\/media\/4720"}],"wp:attachment":[{"href":"http:\/\/klubmamgdynia.pl\/index.php\/wp-json\/wp\/v2\/media?parent=4719"}],"wp:term":[{"taxonomy":"product_cat","embeddable":true,"href":"http:\/\/klubmamgdynia.pl\/index.php\/wp-json\/wp\/v2\/product_cat?post=4719"},{"taxonomy":"product_tag","embeddable":true,"href":"http:\/\/klubmamgdynia.pl\/index.php\/wp-json\/wp\/v2\/product_tag?post=4719"}],"curies":[{"name":"wp","href":"https:\/\/api.w.org\/{rel}","templated":true}]}}