{"id":4721,"date":"2025-03-02T19:57:37","date_gmt":"2025-03-02T18:57:37","guid":{"rendered":"http:\/\/klubmamgdynia.pl\/?post_type=product&#038;p=4721"},"modified":"2026-04-18T15:56:50","modified_gmt":"2026-04-18T13:56:50","slug":"lampka-nocna-led-3d-jednorozec","status":"publish","type":"product","link":"http:\/\/klubmamgdynia.pl\/index.php\/produkt\/lampka-nocna-led-3d-jednorozec\/","title":{"rendered":"Lampka Nocna Led 3D Jednoro\u017cec"},"content":{"rendered":"<p>Lampka nocna LED 3D Jednoro\u017cecLampka jednoro\u017cec to \u015bwietna dekoracja nie tylko do dzieci\u0119cego pokoju. Idealnie udekoruje i o\u015bwietli ka\u017cde wn\u0119trze.Materia\u0142: plastikKszta\u0142t: g\u0142owa jednoro\u017ccaRozmiar: 16 * 18 cmZasilanie: 2 szt.Baterii AA (brak w zestawie)Opakowanie: 1 sztuk lampki nocne jednoro\u017ccaLampka jednoro\u017cec to \u015bwietna dekoracja nie tylko do dzieci\u0119cego pokoju. Idealnie udekoruje i o\u015bwietli ka\u017cde wn\u0119trze.<\/p>\n<h2>Lampka Nocna Led 3D Jednoro\u017cec Inny<\/h2>\n<p>zimowe zagadki, bursztynek bursztynek, zima z\u0142a tekst, kolorowanki do druku dla ch\u0142opc\u00f3w, kolorowanka star wars<\/p>\n<p>yyyyy<\/p>\n<p>&nbsp;<\/p>\n","protected":false},"excerpt":{"rendered":"<p>Lampka nocna LED 3D Jednoro\u017cecLampka jednoro\u017cec to \u015bwietna dekoracja nie tylko do dzieci\u0119cego pokoju. Idealnie udekoruje i o\u015bwietli ka\u017cde wn\u0119trze.Materia\u0142: plastikKszta\u0142t: g\u0142owa jednoro\u017ccaRozmiar: 16 * 18 cmZasilanie: 2 szt.Baterii AA (brak w zestawie)Opakowanie: 1 sztuk lampki nocne jednoro\u017ccaLampka jednoro\u017cec to \u015bwietna dekoracja nie tylko do dzieci\u0119cego pokoju. Idealnie udekoruje i o\u015bwietli ka\u017cde wn\u0119trze. Lampka Nocna [&hellip;]<\/p>\n","protected":false},"featured_media":4722,"comment_status":"closed","ping_status":"open","template":"","meta":[],"product_cat":[169,138],"product_tag":[790,659,600],"class_list":["post-4721","product","type-product","status-publish","has-post-thumbnail","hentry","product_cat-inny","product_cat-lampki-dzieciece","product_tag-gry-planszowe-dla-nastolatkow","product_tag-tupu-tup-po-sniegu-tekst","product_tag-zaproszenia-na-urodziny-do-druku"],"_links":{"self":[{"href":"http:\/\/klubmamgdynia.pl\/index.php\/wp-json\/wp\/v2\/product\/4721","targetHints":{"allow":["GET"]}}],"collection":[{"href":"http:\/\/klubmamgdynia.pl\/index.php\/wp-json\/wp\/v2\/product"}],"about":[{"href":"http:\/\/klubmamgdynia.pl\/index.php\/wp-json\/wp\/v2\/types\/product"}],"replies":[{"embeddable":true,"href":"http:\/\/klubmamgdynia.pl\/index.php\/wp-json\/wp\/v2\/comments?post=4721"}],"wp:featuredmedia":[{"embeddable":true,"href":"http:\/\/klubmamgdynia.pl\/index.php\/wp-json\/wp\/v2\/media\/4722"}],"wp:attachment":[{"href":"http:\/\/klubmamgdynia.pl\/index.php\/wp-json\/wp\/v2\/media?parent=4721"}],"wp:term":[{"taxonomy":"product_cat","embeddable":true,"href":"http:\/\/klubmamgdynia.pl\/index.php\/wp-json\/wp\/v2\/product_cat?post=4721"},{"taxonomy":"product_tag","embeddable":true,"href":"http:\/\/klubmamgdynia.pl\/index.php\/wp-json\/wp\/v2\/product_tag?post=4721"}],"curies":[{"name":"wp","href":"https:\/\/api.w.org\/{rel}","templated":true}]}}