{"id":4725,"date":"2024-08-27T23:30:34","date_gmt":"2024-08-27T21:30:34","guid":{"rendered":"http:\/\/klubmamgdynia.pl\/?post_type=product&#038;p=4725"},"modified":"2026-04-06T12:05:17","modified_gmt":"2026-04-06T10:05:17","slug":"mega-creative-ubranka-dla-lalek-bobas-sukienka-482977","status":"publish","type":"product","link":"http:\/\/klubmamgdynia.pl\/index.php\/produkt\/mega-creative-ubranka-dla-lalek-bobas-sukienka-482977\/","title":{"rendered":"Mega Creative Ubranka Dla Lalek Bobas Sukienka 482977"},"content":{"rendered":"<h2>Mega Creative Ubranka Dla Lalek Bobas Sukienka 482977 Mega Creative<\/h2>\n<p>co oznacza jordan, malowanki do wydruku, pu\u0142tusk atrakcje dla dzieci, kolorowanka kotka, koty rysunki, cytaty o przyja\u017ani kr\u00f3tkie, jesienne zagadki, cytaty o dzieciach, darmowy szablon list do miko\u0142aja, dziwne zagadki, prezent dla nastolatek, kuku\u0142eczka kuka tekst<\/p>\n<p>yyyyy<\/p>\n<p>&nbsp;<\/p>\n","protected":false},"excerpt":{"rendered":"<p>Mega Creative Ubranka Dla Lalek Bobas Sukienka 482977 Mega Creative co oznacza jordan, malowanki do wydruku, pu\u0142tusk atrakcje dla dzieci, kolorowanka kotka, koty rysunki, cytaty o przyja\u017ani kr\u00f3tkie, jesienne zagadki, cytaty o dzieciach, darmowy szablon list do miko\u0142aja, dziwne zagadki, prezent dla nastolatek, kuku\u0142eczka kuka tekst yyyyy &nbsp;<\/p>\n","protected":false},"featured_media":4726,"comment_status":"closed","ping_status":"open","template":"","meta":[],"product_cat":[64,50],"product_tag":[829,761,669,594,735],"class_list":["post-4725","product","type-product","status-publish","has-post-thumbnail","hentry","product_cat-mega-creative","product_cat-ubranka-i-buty-dla-lalek","product_tag-bajki-do-czytania-na-dobranoc","product_tag-choinko-piekna-jak-las-tekst","product_tag-kolorowanki","product_tag-podchwytliwe-zagadki-dla-dzieci","product_tag-prezent-na-roczek-dziewczynka"],"_links":{"self":[{"href":"http:\/\/klubmamgdynia.pl\/index.php\/wp-json\/wp\/v2\/product\/4725","targetHints":{"allow":["GET"]}}],"collection":[{"href":"http:\/\/klubmamgdynia.pl\/index.php\/wp-json\/wp\/v2\/product"}],"about":[{"href":"http:\/\/klubmamgdynia.pl\/index.php\/wp-json\/wp\/v2\/types\/product"}],"replies":[{"embeddable":true,"href":"http:\/\/klubmamgdynia.pl\/index.php\/wp-json\/wp\/v2\/comments?post=4725"}],"wp:featuredmedia":[{"embeddable":true,"href":"http:\/\/klubmamgdynia.pl\/index.php\/wp-json\/wp\/v2\/media\/4726"}],"wp:attachment":[{"href":"http:\/\/klubmamgdynia.pl\/index.php\/wp-json\/wp\/v2\/media?parent=4725"}],"wp:term":[{"taxonomy":"product_cat","embeddable":true,"href":"http:\/\/klubmamgdynia.pl\/index.php\/wp-json\/wp\/v2\/product_cat?post=4725"},{"taxonomy":"product_tag","embeddable":true,"href":"http:\/\/klubmamgdynia.pl\/index.php\/wp-json\/wp\/v2\/product_tag?post=4725"}],"curies":[{"name":"wp","href":"https:\/\/api.w.org\/{rel}","templated":true}]}}