{"id":4727,"date":"2019-12-31T16:07:20","date_gmt":"2019-12-31T15:07:20","guid":{"rendered":"http:\/\/klubmamgdynia.pl\/index.php\/produkt\/adar-zabawka-edukacyjna-projektor-3w1-na-baterie-znikopis-kredki-525832\/"},"modified":"2026-04-12T16:25:48","modified_gmt":"2026-04-12T14:25:48","slug":"adar-zabawka-edukacyjna-projektor-3w1-na-baterie-znikopis-kredki-525832","status":"publish","type":"product","link":"http:\/\/klubmamgdynia.pl\/index.php\/produkt\/adar-zabawka-edukacyjna-projektor-3w1-na-baterie-znikopis-kredki-525832\/","title":{"rendered":"Adar Zabawka Edukacyjna Projektor 3W1 Na Baterie Znikopis Kredki (525832)"},"content":{"rendered":"<p>Projektor do rysowania i malowania to \u015bwietny spos\u00f3b na nauk\u0119 poprzez zabaw\u0119. Edukacyjna zabawka z pewno\u015bci\u0105 rozwinie zdolno\u015bci plastyczne ka\u017cdego dziecka. Projektor wy\u015bwietla obraz na tablecie, a dziecko mo\u017ce odrysowa\u0107 obraz lub na podstawie rzutowanego obrazu stworzy\u0107 w\u0142asny ciekawy rysunek.<\/p>\n<h2>Adar Zabawka Edukacyjna Projektor 3W1 Na Baterie Znikopis Kredki (525832) Adar<\/h2>\n<p>kundel bury tekst, horror dla dzieci, prezent dla 17 latki, janusz, zaj\u0119cia dla nastolatk\u00f3w, cytaty ma\u0142y ksi\u0105\u017ce, p\u0142atki \u015bniegu szablon, kolorowanka \u015bwinka peppa, imi\u0119 leon, alan imi\u0119<\/p>\n<p>yyyyy<\/p>\n<p>&nbsp;<\/p>\n","protected":false},"excerpt":{"rendered":"<p>Projektor do rysowania i malowania to \u015bwietny spos\u00f3b na nauk\u0119 poprzez zabaw\u0119. Edukacyjna zabawka z pewno\u015bci\u0105 rozwinie zdolno\u015bci plastyczne ka\u017cdego dziecka. Projektor wy\u015bwietla obraz na tablecie, a dziecko mo\u017ce odrysowa\u0107 obraz lub na podstawie rzutowanego obrazu stworzy\u0107 w\u0142asny ciekawy rysunek. Adar Zabawka Edukacyjna Projektor 3W1 Na Baterie Znikopis Kredki (525832) Adar kundel bury tekst, horror [&hellip;]<\/p>\n","protected":false},"featured_media":4728,"comment_status":"closed","ping_status":"open","template":"","meta":[],"product_cat":[175,295],"product_tag":[643,640,814,625,576,634],"class_list":["post-4727","product","type-product","status-publish","has-post-thumbnail","hentry","product_cat-adar","product_cat-pozostale-zabawki","product_tag-prezent-dla-17-latki","product_tag-prezent-dla-rocznej-dziewczynki","product_tag-prezenty-dla-nastolatek","product_tag-trojmiasto-atrakcje-dla-dzieci","product_tag-trudne-zagadki","product_tag-zagadki-wielkanocne-dla-dzieci"],"_links":{"self":[{"href":"http:\/\/klubmamgdynia.pl\/index.php\/wp-json\/wp\/v2\/product\/4727","targetHints":{"allow":["GET"]}}],"collection":[{"href":"http:\/\/klubmamgdynia.pl\/index.php\/wp-json\/wp\/v2\/product"}],"about":[{"href":"http:\/\/klubmamgdynia.pl\/index.php\/wp-json\/wp\/v2\/types\/product"}],"replies":[{"embeddable":true,"href":"http:\/\/klubmamgdynia.pl\/index.php\/wp-json\/wp\/v2\/comments?post=4727"}],"wp:featuredmedia":[{"embeddable":true,"href":"http:\/\/klubmamgdynia.pl\/index.php\/wp-json\/wp\/v2\/media\/4728"}],"wp:attachment":[{"href":"http:\/\/klubmamgdynia.pl\/index.php\/wp-json\/wp\/v2\/media?parent=4727"}],"wp:term":[{"taxonomy":"product_cat","embeddable":true,"href":"http:\/\/klubmamgdynia.pl\/index.php\/wp-json\/wp\/v2\/product_cat?post=4727"},{"taxonomy":"product_tag","embeddable":true,"href":"http:\/\/klubmamgdynia.pl\/index.php\/wp-json\/wp\/v2\/product_tag?post=4727"}],"curies":[{"name":"wp","href":"https:\/\/api.w.org\/{rel}","templated":true}]}}