{"id":4729,"date":"2020-03-21T01:57:32","date_gmt":"2020-03-21T00:57:32","guid":{"rendered":"http:\/\/klubmamgdynia.pl\/index.php\/produkt\/biustonosz-model-1732-cz-do-karmienia-usztywniany-kolor-czarny-rozmiar-75f\/"},"modified":"2026-04-06T01:34:49","modified_gmt":"2026-04-05T23:34:49","slug":"biustonosz-model-1732-cz-do-karmienia-usztywniany-kolor-czarny-rozmiar-75f","status":"publish","type":"product","link":"http:\/\/klubmamgdynia.pl\/index.php\/produkt\/biustonosz-model-1732-cz-do-karmienia-usztywniany-kolor-czarny-rozmiar-75f\/","title":{"rendered":"Biustonosz Model 1732 cz do karmienia usztywniany (Kolor czarny, Rozmiar 75F)"},"content":{"rendered":"<p>Wyj\u0105tkowa bielizna stworzona z my\u015bl\u0105 o kobietach karmi\u0105cych kt\u00f3re opr\u00f3cz wygody ceni\u0105 r\u00f3wnie\u017c seksowny wygl\u0105d. Biustonosz w czarnym kolorze wykonany z mikrofibry w drobne kropeczki . Staniczek jest lekko usztywniany na fiszbinie. Biustonosz wspaniale sprawdzi si\u0119 podczas karmienia dzi\u0119ki wygodnie odpinanym klipsom Clic-Clac umo\u017cliwiaj\u0105cym odpi\u0119cie i zapi\u0119cie miseczki jedn\u0105 r\u0119k\u0105, a tym samym karmienie dziecka bez zdejmowania biustonosza.Miseczki wy\u015bcielone od wewn\u0105trz bawe\u0142n\u0105 co podnosi komfort u\u017cytkowania. Rami\u0105czka regulowane. Do kompletu polecamy figi. Sk\u0142ad surowcowy: 70% Poliamid, 20% Elastan, 10% Bawe\u0142na<\/p>\n<h2>Biustonosz Model 1732 cz do karmienia usztywniany (Kolor czarny, Rozmiar 75F) <\/h2>\n<p>mia i ja kolorowanki do druku, dawne ko\u0142ysanki teksty, zadania logiczne dla dzieci, quizy dla dzieci z bajek, pch\u0142y na noc, sandra imie, marcel imi\u0119, kotek kolorowanka, ozdoby \u015bwi\u0105teczne z rolek po papierze toaletowym, zagadki na dzie\u0144 przedszkolaka, liwia, plecak torba i walizka, ma\u0142y ksi\u0105\u017ce cytaty, janusz, przek\u0105ski na urodziny dziecka, z\u0142ote my\u015bli pedagogiczne, chase psi patrol kolorowanka<\/p>\n<p>yyyyy<\/p>\n<p>&nbsp;<\/p>\n","protected":false},"excerpt":{"rendered":"<p>Wyj\u0105tkowa bielizna stworzona z my\u015bl\u0105 o kobietach karmi\u0105cych kt\u00f3re opr\u00f3cz wygody ceni\u0105 r\u00f3wnie\u017c seksowny wygl\u0105d. Biustonosz w czarnym kolorze wykonany z mikrofibry w drobne kropeczki . Staniczek jest lekko usztywniany na fiszbinie. Biustonosz wspaniale sprawdzi si\u0119 podczas karmienia dzi\u0119ki wygodnie odpinanym klipsom Clic-Clac umo\u017cliwiaj\u0105cym odpi\u0119cie i zapi\u0119cie miseczki jedn\u0105 r\u0119k\u0105, a tym samym karmienie dziecka [&hellip;]<\/p>\n","protected":false},"featured_media":4730,"comment_status":"closed","ping_status":"open","template":"","meta":[],"product_cat":[258],"product_tag":[834,719,784,789],"class_list":["post-4729","product","type-product","status-publish","has-post-thumbnail","hentry","product_cat-bielizna-ciazowa","product_tag-bajka-do-czytania-na-dobranoc","product_tag-dziecko-cytaty-zlote-mysli","product_tag-hymn-gorniczy","product_tag-kaczuszka"],"_links":{"self":[{"href":"http:\/\/klubmamgdynia.pl\/index.php\/wp-json\/wp\/v2\/product\/4729","targetHints":{"allow":["GET"]}}],"collection":[{"href":"http:\/\/klubmamgdynia.pl\/index.php\/wp-json\/wp\/v2\/product"}],"about":[{"href":"http:\/\/klubmamgdynia.pl\/index.php\/wp-json\/wp\/v2\/types\/product"}],"replies":[{"embeddable":true,"href":"http:\/\/klubmamgdynia.pl\/index.php\/wp-json\/wp\/v2\/comments?post=4729"}],"wp:featuredmedia":[{"embeddable":true,"href":"http:\/\/klubmamgdynia.pl\/index.php\/wp-json\/wp\/v2\/media\/4730"}],"wp:attachment":[{"href":"http:\/\/klubmamgdynia.pl\/index.php\/wp-json\/wp\/v2\/media?parent=4729"}],"wp:term":[{"taxonomy":"product_cat","embeddable":true,"href":"http:\/\/klubmamgdynia.pl\/index.php\/wp-json\/wp\/v2\/product_cat?post=4729"},{"taxonomy":"product_tag","embeddable":true,"href":"http:\/\/klubmamgdynia.pl\/index.php\/wp-json\/wp\/v2\/product_tag?post=4729"}],"curies":[{"name":"wp","href":"https:\/\/api.w.org\/{rel}","templated":true}]}}