{"id":473,"date":"2024-06-22T08:40:49","date_gmt":"2024-06-22T06:40:49","guid":{"rendered":"http:\/\/klubmamgdynia.pl\/?post_type=product&#038;p=473"},"modified":"2026-04-06T17:59:49","modified_gmt":"2026-04-06T15:59:49","slug":"barbie-spodnica-kolorowa-w-czarne-kropki-fph33-fph22","status":"publish","type":"product","link":"http:\/\/klubmamgdynia.pl\/index.php\/produkt\/barbie-spodnica-kolorowa-w-czarne-kropki-fph33-fph22\/","title":{"rendered":"Barbie &#8211; Sp\u00f3dnica kolorowa w czarne kropki FPH33 FPH22"},"content":{"rendered":"<p>Lalka Barbie uwielbia wyra\u017ca\u0107 siebie poprzez osobisty styl. Odkryj sw\u00f3j w\u0142asny styl i pom\u00f3\u017c jej ubra\u0107 si\u0119 na ka\u017cd\u0105 okazj\u0119, jak\u0105 mo\u017cesz sobie wyobrazi\u0107! Ten modny zestaw zawiera stylizacj\u0119, kt\u00f3ra dope\u0142ni wygl\u0105d Barbie. Zestaw z ubrankiem z pewno\u015bci\u0105 spodoba si\u0119 Twojej Barbie.Najwa\u017cniejsze cechy:- oryginalny zestaw od Mattel,- str\u00f3j inspirowany prawdziwymi trendami mody,- mo\u017cliwo\u015b\u0107 zebrania ca\u0142ej kolekcji,- zabawka dla dziewczynek powy\u017cej 3 roku \u017cycia. W zestawie:- sp\u00f3dniczka w kwiaty.<\/p>\n<h2>Barbie &#8211; Sp\u00f3dnica kolorowa w czarne kropki FPH33 FPH22 Barbie<\/h2>\n<p>jak narysowa\u0107 kr\u00f3lika, kolorowanki do wydruku postacie z bajek, postacie z bajek kolorowanki do wydrukowania, quiz flagi europy, kolorowanki do druku dla doros\u0142ych, co mo\u017cna zrobi\u0107 z rolki papieru, opisy do zdj z dzieckiem, bursztynek, a \u015bpij kochanie, psikusy na prima aprilis, basen warszawa, wzory zaprosze\u0144 zaproszenie na urodziny do druku pdf, przechowywanie zabawek, rysunek kota, psi patrol kolorowanka do druku<\/p>\n<p>yyyyy<\/p>\n<p>&nbsp;<\/p>\n","protected":false},"excerpt":{"rendered":"<p>Lalka Barbie uwielbia wyra\u017ca\u0107 siebie poprzez osobisty styl. Odkryj sw\u00f3j w\u0142asny styl i pom\u00f3\u017c jej ubra\u0107 si\u0119 na ka\u017cd\u0105 okazj\u0119, jak\u0105 mo\u017cesz sobie wyobrazi\u0107! Ten modny zestaw zawiera stylizacj\u0119, kt\u00f3ra dope\u0142ni wygl\u0105d Barbie. Zestaw z ubrankiem z pewno\u015bci\u0105 spodoba si\u0119 Twojej Barbie.Najwa\u017cniejsze cechy:- oryginalny zestaw od Mattel,- str\u00f3j inspirowany prawdziwymi trendami mody,- mo\u017cliwo\u015b\u0107 zebrania ca\u0142ej [&hellip;]<\/p>\n","protected":false},"featured_media":474,"comment_status":"closed","ping_status":"open","template":"","meta":[],"product_cat":[173,50],"product_tag":[777,848,593,795],"class_list":["post-473","product","type-product","status-publish","has-post-thumbnail","hentry","product_cat-barbie","product_cat-ubranka-i-buty-dla-lalek","product_tag-co-na-roczek","product_tag-cytat-o-rodzinie","product_tag-jak-narysowac-konia","product_tag-mini-zoo-warszawa"],"_links":{"self":[{"href":"http:\/\/klubmamgdynia.pl\/index.php\/wp-json\/wp\/v2\/product\/473","targetHints":{"allow":["GET"]}}],"collection":[{"href":"http:\/\/klubmamgdynia.pl\/index.php\/wp-json\/wp\/v2\/product"}],"about":[{"href":"http:\/\/klubmamgdynia.pl\/index.php\/wp-json\/wp\/v2\/types\/product"}],"replies":[{"embeddable":true,"href":"http:\/\/klubmamgdynia.pl\/index.php\/wp-json\/wp\/v2\/comments?post=473"}],"wp:featuredmedia":[{"embeddable":true,"href":"http:\/\/klubmamgdynia.pl\/index.php\/wp-json\/wp\/v2\/media\/474"}],"wp:attachment":[{"href":"http:\/\/klubmamgdynia.pl\/index.php\/wp-json\/wp\/v2\/media?parent=473"}],"wp:term":[{"taxonomy":"product_cat","embeddable":true,"href":"http:\/\/klubmamgdynia.pl\/index.php\/wp-json\/wp\/v2\/product_cat?post=473"},{"taxonomy":"product_tag","embeddable":true,"href":"http:\/\/klubmamgdynia.pl\/index.php\/wp-json\/wp\/v2\/product_tag?post=473"}],"curies":[{"name":"wp","href":"https:\/\/api.w.org\/{rel}","templated":true}]}}