{"id":4731,"date":"2025-02-20T23:03:12","date_gmt":"2025-02-20T22:03:12","guid":{"rendered":"http:\/\/klubmamgdynia.pl\/?post_type=product&#038;p=4731"},"modified":"2026-04-03T22:30:47","modified_gmt":"2026-04-03T20:30:47","slug":"icom-figurka-kroliczek-wielkanocny-na-baterie","status":"publish","type":"product","link":"http:\/\/klubmamgdynia.pl\/index.php\/produkt\/icom-figurka-kroliczek-wielkanocny-na-baterie\/","title":{"rendered":"Icom Figurka Kr\u00f3liczek Wielkanocny Na Baterie"},"content":{"rendered":"<p>KR\u00d3LICZEK WIELKANOCNY:- Zawiera koszyczek- Marchewk\u0119- Kr\u00f3liczek odbija si\u0119 i biegnie do przodu- Wymagane jest u\u017cycie baterii 2&#215;1,5V AA- Kr\u00f3liczek przeznaczony jest dla dzieci od 3 roku \u017cycia&#8230;<\/p>\n<h2>Icom Figurka Kr\u00f3liczek Wielkanocny Na Baterie Icom<\/h2>\n<p>prezenty dla 16 latki, zaproszenie na urodziny, quiz flagi \u015bwiata, atrakcje we wroc\u0142awiu dla dzieci, w uk\u0142adzie s\u0142onecznym, testy z lektury zemsta, quiz o \u015bwi\u0119tach bo\u017cego narodzenia, anio\u0142ki w niebie pisz\u0105<\/p>\n<p>yyyyy<\/p>\n<p>&nbsp;<\/p>\n","protected":false},"excerpt":{"rendered":"<p>KR\u00d3LICZEK WIELKANOCNY:- Zawiera koszyczek- Marchewk\u0119- Kr\u00f3liczek odbija si\u0119 i biegnie do przodu- Wymagane jest u\u017cycie baterii 2&#215;1,5V AA- Kr\u00f3liczek przeznaczony jest dla dzieci od 3 roku \u017cycia&#8230; Icom Figurka Kr\u00f3liczek Wielkanocny Na Baterie Icom prezenty dla 16 latki, zaproszenie na urodziny, quiz flagi \u015bwiata, atrakcje we wroc\u0142awiu dla dzieci, w uk\u0142adzie s\u0142onecznym, testy z lektury [&hellip;]<\/p>\n","protected":false},"featured_media":4732,"comment_status":"closed","ping_status":"open","template":"","meta":[],"product_cat":[95,102],"product_tag":[598,680,689,748,806,773],"class_list":["post-4731","product","type-product","status-publish","has-post-thumbnail","hentry","product_cat-figurki-makiety-i-zestawy","product_cat-icom","product_tag-co-na-roczek-dla-dziewczynki","product_tag-cytaty-z-malego-ksiecia","product_tag-linda","product_tag-okolice-wroclawia-atrakcje","product_tag-prezent-dla-dziecka-na-roczek","product_tag-test-z-lektury-opowiesci-z-narnii-lew-czarownica-i-stara-szafa"],"_links":{"self":[{"href":"http:\/\/klubmamgdynia.pl\/index.php\/wp-json\/wp\/v2\/product\/4731","targetHints":{"allow":["GET"]}}],"collection":[{"href":"http:\/\/klubmamgdynia.pl\/index.php\/wp-json\/wp\/v2\/product"}],"about":[{"href":"http:\/\/klubmamgdynia.pl\/index.php\/wp-json\/wp\/v2\/types\/product"}],"replies":[{"embeddable":true,"href":"http:\/\/klubmamgdynia.pl\/index.php\/wp-json\/wp\/v2\/comments?post=4731"}],"wp:featuredmedia":[{"embeddable":true,"href":"http:\/\/klubmamgdynia.pl\/index.php\/wp-json\/wp\/v2\/media\/4732"}],"wp:attachment":[{"href":"http:\/\/klubmamgdynia.pl\/index.php\/wp-json\/wp\/v2\/media?parent=4731"}],"wp:term":[{"taxonomy":"product_cat","embeddable":true,"href":"http:\/\/klubmamgdynia.pl\/index.php\/wp-json\/wp\/v2\/product_cat?post=4731"},{"taxonomy":"product_tag","embeddable":true,"href":"http:\/\/klubmamgdynia.pl\/index.php\/wp-json\/wp\/v2\/product_tag?post=4731"}],"curies":[{"name":"wp","href":"https:\/\/api.w.org\/{rel}","templated":true}]}}