{"id":4733,"date":"2017-08-12T21:06:32","date_gmt":"2017-08-12T19:06:32","guid":{"rendered":"http:\/\/klubmamgdynia.pl\/index.php\/produkt\/stringi-sonika\/"},"modified":"2026-04-07T14:18:21","modified_gmt":"2026-04-07T12:18:21","slug":"stringi-sonika","status":"publish","type":"product","link":"http:\/\/klubmamgdynia.pl\/index.php\/produkt\/stringi-sonika\/","title":{"rendered":"Stringi Sonika"},"content":{"rendered":"<p>Klasyczne majtki typu stringi wykonane z \u0142\u0105czenia materia\u0142\u00f3w. Ty\u0142 oraz ozdobny pasek z przodu wykonano z eleganckiej, kwiatowej koronki. Dobrze przylegaj\u0105 do cia\u0142a, dzi\u0119ki czemu nie odznaczaj\u0105 si\u0119 nawet pod obcis\u0142ymi kreacjami. Wyst\u0119puj\u0105 w dw\u00f3ch wersjach kolorystycznych.\u2022 modne \u0142\u0105czenia materia\u0142\u00f3w i faktur\u2022 wygodny fason eksponuj\u0105cy po\u015bladki\u2022 cienka, wygodna gumka z bi\u017cuteryjnym zdobieniem na \u015brodku<\/p>\n<h2>Stringi Sonika Esotiq<\/h2>\n<p>zdrowe przepisy dla dzieci, niespotykane imiona \u017ce\u0144skie, gdy strumyk p\u0142ynie z wolna, bajki na dobranoc do czytania<\/p>\n<p>yyyyy<\/p>\n<p>&nbsp;<\/p>\n","protected":false},"excerpt":{"rendered":"<p>Klasyczne majtki typu stringi wykonane z \u0142\u0105czenia materia\u0142\u00f3w. Ty\u0142 oraz ozdobny pasek z przodu wykonano z eleganckiej, kwiatowej koronki. Dobrze przylegaj\u0105 do cia\u0142a, dzi\u0119ki czemu nie odznaczaj\u0105 si\u0119 nawet pod obcis\u0142ymi kreacjami. Wyst\u0119puj\u0105 w dw\u00f3ch wersjach kolorystycznych.\u2022 modne \u0142\u0105czenia materia\u0142\u00f3w i faktur\u2022 wygodny fason eksponuj\u0105cy po\u015bladki\u2022 cienka, wygodna gumka z bi\u017cuteryjnym zdobieniem na \u015brodku Stringi [&hellip;]<\/p>\n","protected":false},"featured_media":4734,"comment_status":"closed","ping_status":"open","template":"","meta":[],"product_cat":[244,245],"product_tag":[702,792,742,590,714],"class_list":["post-4733","product","type-product","status-publish","has-post-thumbnail","hentry","product_cat-esotiq","product_cat-majtki","product_tag-co-kupic-na-roczek-dla-dziewczynki","product_tag-cytaty-o-mamie","product_tag-piosenki-dla-dzieci-tekst","product_tag-plac-zabaw-warszawa","product_tag-zagadki-logiczne"],"_links":{"self":[{"href":"http:\/\/klubmamgdynia.pl\/index.php\/wp-json\/wp\/v2\/product\/4733","targetHints":{"allow":["GET"]}}],"collection":[{"href":"http:\/\/klubmamgdynia.pl\/index.php\/wp-json\/wp\/v2\/product"}],"about":[{"href":"http:\/\/klubmamgdynia.pl\/index.php\/wp-json\/wp\/v2\/types\/product"}],"replies":[{"embeddable":true,"href":"http:\/\/klubmamgdynia.pl\/index.php\/wp-json\/wp\/v2\/comments?post=4733"}],"wp:featuredmedia":[{"embeddable":true,"href":"http:\/\/klubmamgdynia.pl\/index.php\/wp-json\/wp\/v2\/media\/4734"}],"wp:attachment":[{"href":"http:\/\/klubmamgdynia.pl\/index.php\/wp-json\/wp\/v2\/media?parent=4733"}],"wp:term":[{"taxonomy":"product_cat","embeddable":true,"href":"http:\/\/klubmamgdynia.pl\/index.php\/wp-json\/wp\/v2\/product_cat?post=4733"},{"taxonomy":"product_tag","embeddable":true,"href":"http:\/\/klubmamgdynia.pl\/index.php\/wp-json\/wp\/v2\/product_tag?post=4733"}],"curies":[{"name":"wp","href":"https:\/\/api.w.org\/{rel}","templated":true}]}}